{"id":37766,"date":"2026-02-27T00:40:47","date_gmt":"2026-02-27T00:40:47","guid":{"rendered":"https:\/\/nordicmart.andreevmaster.com\/product\/songmics-ergonominen-pelituoli-kasinojat-paantuki-musta-vihrea\/"},"modified":"2026-02-27T09:57:04","modified_gmt":"2026-02-27T09:57:04","slug":"songmics-ergonominen-pelituoli-kasinojat-paantuki-musta-vihrea","status":"publish","type":"product","link":"https:\/\/nordicmart.andreevmaster.com\/fi\/tuote\/songmics-ergonominen-pelituoli-kasinojat-paantuki-musta-vihrea\/","title":{"rendered":"SONGMICS ergonominen pelituoli, k\u00e4sinojat, p\u00e4\u00e4ntuki, musta-vihre\u00e4"},"content":{"rendered":"<p>SONGMICS-pelituoli, ty\u00f6tuoli, ergonominen, ty\u00f6p\u00f6yt\u00e4tuoli korkealla selk\u00e4nojalla, k\u00e4sinojat, jalkatuki, lannerangan tuki, p\u00e4\u00e4tyyny<\/p>\n","protected":false},"excerpt":{"rendered":"<p>SONGMICS-pelituoli, ty\u00f6tuoli, ergonominen, ty\u00f6p\u00f6yt\u00e4tuoli korkealla selk\u00e4nojalla, k\u00e4sinojat, jalkatuki, lannerangan tuki, p\u00e4\u00e4tyyny<\/p>\n","protected":false},"featured_media":45618,"comment_status":"open","ping_status":"closed","template":"","meta":[],"product_brand":[],"product_cat":[32],"product_tag":[],"class_list":{"0":"post-37766","1":"product","2":"type-product","3":"status-publish","4":"has-post-thumbnail","6":"product_cat-uncategorized-fi","8":"first","9":"instock","10":"shipping-taxable","11":"purchasable","12":"product-type-simple"},"_links":{"self":[{"href":"https:\/\/nordicmart.andreevmaster.com\/fi\/wp-json\/wp\/v2\/product\/37766","targetHints":{"allow":["GET"]}}],"collection":[{"href":"https:\/\/nordicmart.andreevmaster.com\/fi\/wp-json\/wp\/v2\/product"}],"about":[{"href":"https:\/\/nordicmart.andreevmaster.com\/fi\/wp-json\/wp\/v2\/types\/product"}],"replies":[{"embeddable":true,"href":"https:\/\/nordicmart.andreevmaster.com\/fi\/wp-json\/wp\/v2\/comments?post=37766"}],"wp:featuredmedia":[{"embeddable":true,"href":"https:\/\/nordicmart.andreevmaster.com\/fi\/wp-json\/wp\/v2\/media\/45618"}],"wp:attachment":[{"href":"https:\/\/nordicmart.andreevmaster.com\/fi\/wp-json\/wp\/v2\/media?parent=37766"}],"wp:term":[{"taxonomy":"product_brand","embeddable":true,"href":"https:\/\/nordicmart.andreevmaster.com\/fi\/wp-json\/wp\/v2\/product_brand?post=37766"},{"taxonomy":"product_cat","embeddable":true,"href":"https:\/\/nordicmart.andreevmaster.com\/fi\/wp-json\/wp\/v2\/product_cat?post=37766"},{"taxonomy":"product_tag","embeddable":true,"href":"https:\/\/nordicmart.andreevmaster.com\/fi\/wp-json\/wp\/v2\/product_tag?post=37766"}],"curies":[{"name":"wp","href":"https:\/\/api.w.org\/{rel}","templated":true}]}}