{"id":37765,"date":"2026-02-27T00:40:47","date_gmt":"2026-02-27T00:40:47","guid":{"rendered":"https:\/\/nordicmart.andreevmaster.com\/product\/songmics-ergonominen-tyotuoli-kasinojat-paantuki-musta-punainen\/"},"modified":"2026-02-27T09:57:04","modified_gmt":"2026-02-27T09:57:04","slug":"songmics-ergonominen-tyotuoli-kasinojat-paantuki-musta-punainen","status":"publish","type":"product","link":"https:\/\/nordicmart.andreevmaster.com\/fi\/tuote\/songmics-ergonominen-tyotuoli-kasinojat-paantuki-musta-punainen\/","title":{"rendered":"SONGMICS ergonominen ty\u00f6tuoli, k\u00e4sinojat, p\u00e4\u00e4ntuki, musta-punainen"},"content":{"rendered":"<p>SONGMICS-pelituoli, ty\u00f6tuoli, ergonominen, ty\u00f6p\u00f6yt\u00e4tuoli korkealla selk\u00e4nojalla, k\u00e4sinojat, jalkatuki, lannerangan tuki, p\u00e4\u00e4tyyny<\/p>\n","protected":false},"excerpt":{"rendered":"<p>SONGMICS-pelituoli, ty\u00f6tuoli, ergonominen, ty\u00f6p\u00f6yt\u00e4tuoli korkealla selk\u00e4nojalla, k\u00e4sinojat, jalkatuki, lannerangan tuki, p\u00e4\u00e4tyyny<\/p>\n","protected":false},"featured_media":45617,"comment_status":"open","ping_status":"closed","template":"","meta":[],"product_brand":[],"product_cat":[32],"product_tag":[],"class_list":{"0":"post-37765","1":"product","2":"type-product","3":"status-publish","4":"has-post-thumbnail","6":"product_cat-uncategorized-fi","8":"first","9":"instock","10":"shipping-taxable","11":"purchasable","12":"product-type-simple"},"_links":{"self":[{"href":"https:\/\/nordicmart.andreevmaster.com\/fi\/wp-json\/wp\/v2\/product\/37765","targetHints":{"allow":["GET"]}}],"collection":[{"href":"https:\/\/nordicmart.andreevmaster.com\/fi\/wp-json\/wp\/v2\/product"}],"about":[{"href":"https:\/\/nordicmart.andreevmaster.com\/fi\/wp-json\/wp\/v2\/types\/product"}],"replies":[{"embeddable":true,"href":"https:\/\/nordicmart.andreevmaster.com\/fi\/wp-json\/wp\/v2\/comments?post=37765"}],"wp:featuredmedia":[{"embeddable":true,"href":"https:\/\/nordicmart.andreevmaster.com\/fi\/wp-json\/wp\/v2\/media\/45617"}],"wp:attachment":[{"href":"https:\/\/nordicmart.andreevmaster.com\/fi\/wp-json\/wp\/v2\/media?parent=37765"}],"wp:term":[{"taxonomy":"product_brand","embeddable":true,"href":"https:\/\/nordicmart.andreevmaster.com\/fi\/wp-json\/wp\/v2\/product_brand?post=37765"},{"taxonomy":"product_cat","embeddable":true,"href":"https:\/\/nordicmart.andreevmaster.com\/fi\/wp-json\/wp\/v2\/product_cat?post=37765"},{"taxonomy":"product_tag","embeddable":true,"href":"https:\/\/nordicmart.andreevmaster.com\/fi\/wp-json\/wp\/v2\/product_tag?post=37765"}],"curies":[{"name":"wp","href":"https:\/\/api.w.org\/{rel}","templated":true}]}}