{"id":37764,"date":"2026-02-27T00:40:46","date_gmt":"2026-02-27T00:40:46","guid":{"rendered":"https:\/\/nordicmart.andreevmaster.com\/product\/songmics-tyotuoli-saadettavilla-kasinojilla-musta-punainen\/"},"modified":"2026-02-27T09:57:04","modified_gmt":"2026-02-27T09:57:04","slug":"songmics-tyotuoli-saadettavilla-kasinojilla-musta-punainen","status":"publish","type":"product","link":"https:\/\/nordicmart.andreevmaster.com\/fi\/tuote\/songmics-tyotuoli-saadettavilla-kasinojilla-musta-punainen\/","title":{"rendered":"SONGMICS-ty\u00f6tuoli s\u00e4\u00e4dett\u00e4vill\u00e4 k\u00e4sinojilla, musta-punainen"},"content":{"rendered":"<p>Parempi tuottavuus, parempi mieliala: Oikea ryhti tekee ty\u00f6p\u00e4iv\u00e4st\u00e4 miellytt\u00e4v\u00e4mm\u00e4n. L\u00f6yd\u00e4 ihanteellinen ryhti t\u00e4ll\u00e4 toimistotuolilla: kehosi rentoutuu, mielesi muuttuu tuottavammaksi ja kahdeksan ty\u00f6tuntia kuluu kuin siivill\u00e4.Kuinka voit lis\u00e4t\u00e4 tuottavuuttasi t\u00e4ll\u00e4 py\u00f6riv\u00e4ll\u00e4 tuolilla? Mustan ja punaisen yhdistelm\u00e4 antaa sinulle uuden energiaboostin. Istuimen korkeutta voi s\u00e4\u00e4t\u00e4\u00e4 ja selk\u00e4nojaa 90\u00b0\u2013135\u00b0, jotta l\u00f6yd\u00e4t ihanteellisen istuma-asennon n\u00e4yt\u00f6n korkeuden suhteen.Pehme\u00e4 istuin, ergonominen selk\u00e4noja, hyvin pehmustetut p\u00e4\u00e4tytyynyt ja lanneratatuki \u2013 kaikki t\u00e4m\u00e4 lis\u00e4\u00e4 mukavuutta ty\u00f6skennelless\u00e4si ja pelatessasi. Korkeuss\u00e4\u00e4dett\u00e4v\u00e4t k\u00e4sinojat, jotka ovat k\u00e4\u00e4ntett\u00e4viss\u00e4 vasemmalle ja oikealle, tarjoavat tukea k\u00e4sivarsillesi milloin tahansa. Onko aivosi jo v\u00e4syneet ajattelusta? Voit ottaa torkut! Kallista tuolia taaksep\u00e4in. Lep\u00e4\u00e4 hetki! Sen j\u00e4lkeen voit jatkaa ty\u00f6t\u00e4si. Tuotetiedot: V\u00e4ri: musta-punainen Materiaali: ter\u00e4srunko, vaahtomuovipehmuste, PU- ja PVC-pinta, nailonpy\u00f6r\u00e4t Tuolin koko: 68 x 68 x (126-136) cm (P x L x K) Istuinkorkeus: 47\u201357 cm Istuimen mitat: 50 x 37 cm (P x L) Selk\u00e4nojan mitat: 53 x 83 cm (P x K) K\u00e4sinojien korkeus (istuinpinnasta): 14\u201321 cm K\u00e4sinojien korkeus (lattiasta): 61\u201378 cm Paino: 18,5 kg Maks. staattinen kantavuus: 150 kg Toimitus sis\u00e4lt\u00e4\u00e4: 1 x ty\u00f6tuoli 1 x lis\u00e4varustepaketti 1 x ohjeet SONGMICS Huomautukset: K\u00e4yt\u00e4 alustaa, jos haluat k\u00e4ytt\u00e4\u00e4 tuolia puulattialla.<\/p>\n","protected":false},"excerpt":{"rendered":"<p>SONGMICS pelituoli, ty\u00f6tuoli, ergonominen ty\u00f6p\u00f6yt\u00e4tuoli, s\u00e4\u00e4dett\u00e4v\u00e4t k\u00e4sinojat, 90\u00b0-135\u00b0 kallistuskulma, keinutoiminto, kantavuus 150 kg, ter\u00e4srunko, musta-punainen RCG062B01<\/p>\n","protected":false},"featured_media":45616,"comment_status":"open","ping_status":"closed","template":"","meta":[],"product_brand":[],"product_cat":[32],"product_tag":[],"class_list":{"0":"post-37764","1":"product","2":"type-product","3":"status-publish","4":"has-post-thumbnail","6":"product_cat-uncategorized-fi","8":"first","9":"instock","10":"shipping-taxable","11":"purchasable","12":"product-type-simple"},"_links":{"self":[{"href":"https:\/\/nordicmart.andreevmaster.com\/fi\/wp-json\/wp\/v2\/product\/37764","targetHints":{"allow":["GET"]}}],"collection":[{"href":"https:\/\/nordicmart.andreevmaster.com\/fi\/wp-json\/wp\/v2\/product"}],"about":[{"href":"https:\/\/nordicmart.andreevmaster.com\/fi\/wp-json\/wp\/v2\/types\/product"}],"replies":[{"embeddable":true,"href":"https:\/\/nordicmart.andreevmaster.com\/fi\/wp-json\/wp\/v2\/comments?post=37764"}],"wp:featuredmedia":[{"embeddable":true,"href":"https:\/\/nordicmart.andreevmaster.com\/fi\/wp-json\/wp\/v2\/media\/45616"}],"wp:attachment":[{"href":"https:\/\/nordicmart.andreevmaster.com\/fi\/wp-json\/wp\/v2\/media?parent=37764"}],"wp:term":[{"taxonomy":"product_brand","embeddable":true,"href":"https:\/\/nordicmart.andreevmaster.com\/fi\/wp-json\/wp\/v2\/product_brand?post=37764"},{"taxonomy":"product_cat","embeddable":true,"href":"https:\/\/nordicmart.andreevmaster.com\/fi\/wp-json\/wp\/v2\/product_cat?post=37764"},{"taxonomy":"product_tag","embeddable":true,"href":"https:\/\/nordicmart.andreevmaster.com\/fi\/wp-json\/wp\/v2\/product_tag?post=37764"}],"curies":[{"name":"wp","href":"https:\/\/api.w.org\/{rel}","templated":true}]}}