{"id":37763,"date":"2026-02-27T00:40:46","date_gmt":"2026-02-27T00:40:46","guid":{"rendered":"https:\/\/nordicmart.andreevmaster.com\/product\/songmics-pelituoli-polyesteri-musta-harmaa\/"},"modified":"2026-02-27T09:57:04","modified_gmt":"2026-02-27T09:57:04","slug":"songmics-pelituoli-polyesteri-musta-harmaa","status":"publish","type":"product","link":"https:\/\/nordicmart.andreevmaster.com\/fi\/tuote\/songmics-pelituoli-polyesteri-musta-harmaa\/","title":{"rendered":"SONGMICS pelituoli, polyesteri, musta-harmaa"},"content":{"rendered":"<p>Tyylikk\u00e4\u00e4sti muotoiltu Songmics-ty\u00f6tuoli yhdist\u00e4\u00e4 toiminnallisuuden ja mukavuuden nautintoon! Laadukkaista materiaaleista valmistettu ja erinomaisen laadukas Songmics-ty\u00f6tuoli sopii moniin k\u00e4ytt\u00f6tarkoituksiin, olipa kyseess\u00e4 sitten ty\u00f6tuoli ty\u00f6p\u00f6yd\u00e4n \u00e4\u00e4ress\u00e4, pelituoli tai kokoustuoli. Istuinkorkeus on portaattomasti s\u00e4\u00e4dett\u00e4viss\u00e4, tuoli k\u00e4\u00e4ntyy 360\u00b0 joustavasti, selk\u00e4noja on moniasentoinen ja s\u00e4\u00e4dett\u00e4viss\u00e4 jopa 150\u00b0:een, mik\u00e4 takaa rentouttavan makuuasennon. &#8211; Valmistettu korkealaatuisesta polyesterikankaasta ja muotoilevasta tihe\u00e4st\u00e4 vaahtomuovista, pehme\u00e4, miellytt\u00e4v\u00e4 ja tarjoaa erinomaisen istumamukavuuden &#8211; Muotoiltu selk\u00e4noja, jossa on p\u00e4\u00e4tyyny ja ergonominen kaarevuus, kevent\u00e4\u00e4 niska- ja lannerangan kuormitusta ja parantaa istuma-asentoa &#8211; K\u00e4sinojat on suunniteltu ergonomisesti oikeaan istumiseen, ja ne ovat s\u00e4\u00e4dett\u00e4viss\u00e4 sek\u00e4 korkeussuunnassa ett\u00e4 sivusuunnassa, jotta yl\u00e4- ja alavarsi voivat muodostaa suorakulman, mik\u00e4 kevent\u00e4\u00e4 olkap\u00e4iden painoa k\u00e4sivarsien painosta. PU-k\u00e4sinojan p\u00e4\u00e4llinen tuntuu miellytt\u00e4v\u00e4lt\u00e4 ja on helppo puhdistaa. &#8211; Helppo koota, ty\u00f6kalut mukana Tuotetiedot: &#8211; Istuinkorkeus: 43\u201351 cm &#8211; Kokonaiskorkeus: 124\u2013132 cm &#8211; Tuolin leveys ilman k\u00e4sinojia: 53 cm &#8211; Istuinsyvyys: 49 cm &#8211; K\u00e4sinojien ulkomitta: 70 cm &#8211; Selk\u00e4nojan korkeus: 85 cm &#8211; Py\u00f6r\u00e4n halkaisija: 60 mm &#8211; Nettopaino: 23,4 kg &#8211; Bruttopaino: 24,7 kg Toimitus sis\u00e4lt\u00e4\u00e4: &#8211; 1 x kilpa-tuoli &#8211; 1 x p\u00e4\u00e4tyyny &#8211; 1 x lannerangan tyyny &#8211; 1 x ty\u00f6kalu &#8211; 1 x ohjeet (DE, EN, FR, IT, ES) Huomautus: Kun kokoat tukiosan, huomaa, ett\u00e4 sivulla, jossa on merkint\u00e4 &#8221;Front&#8221;, tulee olla edess\u00e4.<\/p>\n","protected":false},"excerpt":{"rendered":"<p>SONGMICS toimistotuoli pelituoli korkealla selk\u00e4nojalla muotoiltu vaahtomuovi pehmustettu istuinkuppi s\u00e4\u00e4dett\u00e4v\u00e4t p\u00e4\u00e4- ja lannerangan tyynyt kotitoimistoon tai toimistoon musta-harmaa RCG02G<\/p>\n","protected":false},"featured_media":45615,"comment_status":"open","ping_status":"closed","template":"","meta":[],"product_brand":[],"product_cat":[32],"product_tag":[],"class_list":{"0":"post-37763","1":"product","2":"type-product","3":"status-publish","4":"has-post-thumbnail","6":"product_cat-uncategorized-fi","8":"first","9":"instock","10":"shipping-taxable","11":"purchasable","12":"product-type-simple"},"_links":{"self":[{"href":"https:\/\/nordicmart.andreevmaster.com\/fi\/wp-json\/wp\/v2\/product\/37763","targetHints":{"allow":["GET"]}}],"collection":[{"href":"https:\/\/nordicmart.andreevmaster.com\/fi\/wp-json\/wp\/v2\/product"}],"about":[{"href":"https:\/\/nordicmart.andreevmaster.com\/fi\/wp-json\/wp\/v2\/types\/product"}],"replies":[{"embeddable":true,"href":"https:\/\/nordicmart.andreevmaster.com\/fi\/wp-json\/wp\/v2\/comments?post=37763"}],"wp:featuredmedia":[{"embeddable":true,"href":"https:\/\/nordicmart.andreevmaster.com\/fi\/wp-json\/wp\/v2\/media\/45615"}],"wp:attachment":[{"href":"https:\/\/nordicmart.andreevmaster.com\/fi\/wp-json\/wp\/v2\/media?parent=37763"}],"wp:term":[{"taxonomy":"product_brand","embeddable":true,"href":"https:\/\/nordicmart.andreevmaster.com\/fi\/wp-json\/wp\/v2\/product_brand?post=37763"},{"taxonomy":"product_cat","embeddable":true,"href":"https:\/\/nordicmart.andreevmaster.com\/fi\/wp-json\/wp\/v2\/product_cat?post=37763"},{"taxonomy":"product_tag","embeddable":true,"href":"https:\/\/nordicmart.andreevmaster.com\/fi\/wp-json\/wp\/v2\/product_tag?post=37763"}],"curies":[{"name":"wp","href":"https:\/\/api.w.org\/{rel}","templated":true}]}}