{"id":37762,"date":"2026-02-27T00:40:46","date_gmt":"2026-02-27T00:40:46","guid":{"rendered":"https:\/\/nordicmart.andreevmaster.com\/product\/songmics-pelituoli-jalkatuella-musta-sininen\/"},"modified":"2026-02-27T09:57:03","modified_gmt":"2026-02-27T09:57:03","slug":"songmics-pelituoli-jalkatuella-musta-sininen","status":"publish","type":"product","link":"https:\/\/nordicmart.andreevmaster.com\/fi\/tuote\/songmics-pelituoli-jalkatuella-musta-sininen\/","title":{"rendered":"SONGMICS pelituoli jalkatuella, musta-sininen"},"content":{"rendered":"<p>Parempi mukavuus, parempi tuottavuus: ep\u00e4mukavasta tuolista johtuvat selk\u00e4kivut h\u00e4iritsev\u00e4t paitsi ty\u00f6t\u00e4 my\u00f6s kaikkia muita el\u00e4m\u00e4nalueita. T\u00e4m\u00e4 ergonominen tuoli SONGMICSilt\u00e4 tarjoaa sinulle korkean mukavuuden, jotta voit keskitty\u00e4 olennaiseen.Kuinka voit lis\u00e4t\u00e4 tuottavuuttasi t\u00e4ll\u00e4 py\u00f6riv\u00e4ll\u00e4 tuolilla? Mustan ja sinisen yhdistelm\u00e4 antaa sinulle uuden energiaboostin. Istuimen korkeutta voi s\u00e4\u00e4t\u00e4\u00e4 ja selk\u00e4nojaa voi s\u00e4\u00e4t\u00e4\u00e4 90\u00b0\u2013135\u00b0 v\u00e4lill\u00e4, jotta l\u00f6yd\u00e4t ihanteellisen istuma-asennon n\u00e4yt\u00f6n korkeuden suhteen. Pehme\u00e4 istuin, ergonominen selk\u00e4noja, hyvin pehmustetut p\u00e4\u00e4- ja lannerangan tyynyt \u2013 kaikki t\u00e4m\u00e4 lis\u00e4\u00e4 mukavuutta ty\u00f6skennelless\u00e4si ja pelatessasi. Oletko v\u00e4h\u00e4n v\u00e4synyt? Voit ottaa torkut! Ved\u00e4 jalkatuki esiin istuimen alta, kallista tuolia taaksep\u00e4in ja aseta k\u00e4tesi k\u00e4sinojille. Lep\u00e4\u00e4 hetki! Sen j\u00e4lkeen voit jatkaa ty\u00f6skentely\u00e4. Tuotetiedot: V\u00e4ri: musta-sininen Materiaali: ter\u00e4srunko, vaahtomuovipehmuste, PU- ja PVC-pinta, nailonpy\u00f6r\u00e4t Tuolin koko: 66 x 73 x (123,5-131,5) cm (P x L x K) Istuinkorkeus: 48\u201356 cm Istuimen mitat: 42 x 57 cm (P x L) Selk\u00e4nojan mitat: 57 x 82 cm (P x K) K\u00e4sinojien korkeus (istuinpinnasta): 28 cm K\u00e4sinojien korkeus (lattiasta): 72\u201380 cm Paino: 19,9 kg Maks. staattinen kantavuus: 150 kg Toimitus sis\u00e4lt\u00e4\u00e4: 1 x ty\u00f6tuoli 1 x lis\u00e4varustepaketti 1 x ohjeet SONGMICS Huomautukset: K\u00e4yt\u00e4 alustaa, jos haluat k\u00e4ytt\u00e4\u00e4 tuolia puulattialla.<\/p>\n","protected":false},"excerpt":{"rendered":"<p>SONGMICS pelituoli, ergonominen ty\u00f6tuoli, kirjoitusp\u00f6yd\u00e4n tuoli, ulosvedett\u00e4v\u00e4 jalkatuki, 90\u00b0-135\u00b0 kallistuskulma, kantavuus 150 kg, musta-sininen RCG026B01<\/p>\n","protected":false},"featured_media":45614,"comment_status":"open","ping_status":"closed","template":"","meta":[],"product_brand":[],"product_cat":[32],"product_tag":[],"class_list":{"0":"post-37762","1":"product","2":"type-product","3":"status-publish","4":"has-post-thumbnail","6":"product_cat-uncategorized-fi","8":"first","9":"instock","10":"shipping-taxable","11":"purchasable","12":"product-type-simple"},"_links":{"self":[{"href":"https:\/\/nordicmart.andreevmaster.com\/fi\/wp-json\/wp\/v2\/product\/37762","targetHints":{"allow":["GET"]}}],"collection":[{"href":"https:\/\/nordicmart.andreevmaster.com\/fi\/wp-json\/wp\/v2\/product"}],"about":[{"href":"https:\/\/nordicmart.andreevmaster.com\/fi\/wp-json\/wp\/v2\/types\/product"}],"replies":[{"embeddable":true,"href":"https:\/\/nordicmart.andreevmaster.com\/fi\/wp-json\/wp\/v2\/comments?post=37762"}],"wp:featuredmedia":[{"embeddable":true,"href":"https:\/\/nordicmart.andreevmaster.com\/fi\/wp-json\/wp\/v2\/media\/45614"}],"wp:attachment":[{"href":"https:\/\/nordicmart.andreevmaster.com\/fi\/wp-json\/wp\/v2\/media?parent=37762"}],"wp:term":[{"taxonomy":"product_brand","embeddable":true,"href":"https:\/\/nordicmart.andreevmaster.com\/fi\/wp-json\/wp\/v2\/product_brand?post=37762"},{"taxonomy":"product_cat","embeddable":true,"href":"https:\/\/nordicmart.andreevmaster.com\/fi\/wp-json\/wp\/v2\/product_cat?post=37762"},{"taxonomy":"product_tag","embeddable":true,"href":"https:\/\/nordicmart.andreevmaster.com\/fi\/wp-json\/wp\/v2\/product_tag?post=37762"}],"curies":[{"name":"wp","href":"https:\/\/api.w.org\/{rel}","templated":true}]}}