{"id":37758,"date":"2026-02-27T00:40:45","date_gmt":"2026-02-27T00:40:45","guid":{"rendered":"https:\/\/nordicmart.andreevmaster.com\/product\/songmics-pelituoli-ergonominen-irrotettava-paantuki\/"},"modified":"2026-02-27T09:57:03","modified_gmt":"2026-02-27T09:57:03","slug":"songmics-pelituoli-ergonominen-irrotettava-paantuki","status":"publish","type":"product","link":"https:\/\/nordicmart.andreevmaster.com\/fi\/tuote\/songmics-pelituoli-ergonominen-irrotettava-paantuki\/","title":{"rendered":"SONGMICS-pelituoli, ergonominen irrotettava p\u00e4\u00e4ntuki"},"content":{"rendered":"<p>SONGMICS pelituoli, ty\u00f6tuoli, tietokonetuoli, toimistotuoli, irrotettava p\u00e4\u00e4ntuki, lannerangan tyyny, korkeuss\u00e4\u00e4dett\u00e4v\u00e4, keinutoiminto, kantavuus 150 kg, ergonominen, musta-punainen RCG011B01<br \/>\nV\u00e4ri: musta-sininen<br \/>\nMateriaali: ter\u00e4srunko, vaahtomuovit\u00e4yte, PU-pinta<br \/>\nTuolin koko: 71 x 63 x (120-130) cm (P x L x K)<br \/>\nPaino: 14,5 kg<br \/>\nMaks. staattinen kantavuus: 150 kg<\/p>\n","protected":false},"excerpt":{"rendered":"<p>SONGMICS pelituoli, ty\u00f6tuoli, tietokonetuoli, toimistotuoli, irrotettava p\u00e4\u00e4ntuki, lannerangan tyyny, korkeuss\u00e4\u00e4dett\u00e4v\u00e4, keinutoiminto, kantavuus 150 kg, ergonominen, musta-punainen RCG011B01<\/p>\n","protected":false},"featured_media":45610,"comment_status":"open","ping_status":"closed","template":"","meta":[],"product_brand":[],"product_cat":[32],"product_tag":[],"class_list":{"0":"post-37758","1":"product","2":"type-product","3":"status-publish","4":"has-post-thumbnail","6":"product_cat-uncategorized-fi","8":"first","9":"instock","10":"shipping-taxable","11":"purchasable","12":"product-type-simple"},"_links":{"self":[{"href":"https:\/\/nordicmart.andreevmaster.com\/fi\/wp-json\/wp\/v2\/product\/37758","targetHints":{"allow":["GET"]}}],"collection":[{"href":"https:\/\/nordicmart.andreevmaster.com\/fi\/wp-json\/wp\/v2\/product"}],"about":[{"href":"https:\/\/nordicmart.andreevmaster.com\/fi\/wp-json\/wp\/v2\/types\/product"}],"replies":[{"embeddable":true,"href":"https:\/\/nordicmart.andreevmaster.com\/fi\/wp-json\/wp\/v2\/comments?post=37758"}],"wp:featuredmedia":[{"embeddable":true,"href":"https:\/\/nordicmart.andreevmaster.com\/fi\/wp-json\/wp\/v2\/media\/45610"}],"wp:attachment":[{"href":"https:\/\/nordicmart.andreevmaster.com\/fi\/wp-json\/wp\/v2\/media?parent=37758"}],"wp:term":[{"taxonomy":"product_brand","embeddable":true,"href":"https:\/\/nordicmart.andreevmaster.com\/fi\/wp-json\/wp\/v2\/product_brand?post=37758"},{"taxonomy":"product_cat","embeddable":true,"href":"https:\/\/nordicmart.andreevmaster.com\/fi\/wp-json\/wp\/v2\/product_cat?post=37758"},{"taxonomy":"product_tag","embeddable":true,"href":"https:\/\/nordicmart.andreevmaster.com\/fi\/wp-json\/wp\/v2\/product_tag?post=37758"}],"curies":[{"name":"wp","href":"https:\/\/api.w.org\/{rel}","templated":true}]}}