{"id":37756,"date":"2026-02-27T00:40:44","date_gmt":"2026-02-27T00:40:44","guid":{"rendered":"https:\/\/nordicmart.andreevmaster.com\/product\/songmics-pelituoli-saadettavalla-selkanojalla\/"},"modified":"2026-02-27T09:57:02","modified_gmt":"2026-02-27T09:57:02","slug":"songmics-pelituoli-saadettavalla-selkanojalla","status":"publish","type":"product","link":"https:\/\/nordicmart.andreevmaster.com\/fi\/tuote\/songmics-pelituoli-saadettavalla-selkanojalla\/","title":{"rendered":"SONGMICS-pelituoli s\u00e4\u00e4dett\u00e4v\u00e4ll\u00e4 selk\u00e4nojalla"},"content":{"rendered":"<p>Istuinkorkeus on portaattomasti s\u00e4\u00e4dett\u00e4viss\u00e4, tuoli on 360\u00b0 k\u00e4\u00e4ntyv\u00e4, selk\u00e4noja on moniasentoinen ja s\u00e4\u00e4dett\u00e4viss\u00e4 jopa 150\u00b0:n kulmaan, mik\u00e4 takaa rentouttavan makuuasennon.Valmistettu korkealaatuisesta polyesterikankaasta ja muotoilevasta tihe\u00e4st\u00e4 vaahtomuovista, pehme\u00e4, miellytt\u00e4v\u00e4 ja tarjoaa erinomaisen istumamukavuuden. Muotoiltu selk\u00e4noja, jossa on p\u00e4\u00e4tyyny ja ergonominen kaarevuus, kevent\u00e4\u00e4 niska- ja lannerangan kuormitusta ja parantaa istuma-asentoa. K\u00e4sinojat on suunniteltu ergonomisesti oikeaan istuma-asentoon, ja ne ovat s\u00e4\u00e4dett\u00e4viss\u00e4 sek\u00e4 korkeussuunnassa ett\u00e4 sivusuunnassa, jotta olkavarsi ja kyyn\u00e4rvarsi voivat muodostaa suorakulman, mik\u00e4 kevent\u00e4\u00e4 olkap\u00e4iden painoa k\u00e4sivarsien painosta. PU-k\u00e4sinojien p\u00e4\u00e4llinen tuntuu miellytt\u00e4v\u00e4lt\u00e4 ja on helppo puhdistaa. Helppo koota, ty\u00f6kalut mukana. Mitat: Korkeus (kokonais): 124\u2013132 cm Leveys (kokonais): 68 cm Syvyys (kokonais): 66 cm Istuinkorkeus: 43\u201351 cm Istuimen leveys (k\u00e4ytett\u00e4viss\u00e4): 31\u201336 cm Istuimen syvyys (k\u00e4ytett\u00e4viss\u00e4): 49 cm K\u00e4sinojan korkeus (istuinpinnasta): 18\u201328 cm Selk\u00e4nojan korkeus: 85 cm Selk\u00e4nojan leveys: 60 cm Jalkaristin halkaisija: 70 cm; Py\u00f6rien halkaisija: 60 mm; Tapin halkaisija: 11 mm Materiaali: Verhoilu: polyesterikangas Verhoilu: kylm\u00e4vaahto Jalkaristi: ter\u00e4s K\u00e4sinojien varsi: ter\u00e4s K\u00e4sinojat: PURullat: NailonBruttopaino: 24 kgMax. kantavuus: 150 kgToimitus sis\u00e4lt\u00e4\u00e4:1 x pelituoli1 x kiinnityspussi1 x ohjeet (DE, EN, FR, IT, ES)Huomautus:Kun nojatuolia kallistetaan taaksep\u00e4in, sit\u00e4 tulee painaa sel\u00e4ll\u00e4, muuten nojatuoli ponnahtaa nopeasti eteenp\u00e4in.<\/p>\n","protected":false},"excerpt":{"rendered":"<p>SONGMICS toimistotuoli pelituoli korkealla selk\u00e4nojalla muotoiltu vaahtomuovipehmusteinen istuin s\u00e4\u00e4dett\u00e4v\u00e4t p\u00e4\u00e4- ja lanneratatyynyt kotitoimistoon tai toimistoon musta RCG001<\/p>\n","protected":false},"featured_media":45608,"comment_status":"open","ping_status":"closed","template":"","meta":[],"product_brand":[],"product_cat":[32],"product_tag":[],"class_list":{"0":"post-37756","1":"product","2":"type-product","3":"status-publish","4":"has-post-thumbnail","6":"product_cat-uncategorized-fi","8":"first","9":"instock","10":"shipping-taxable","11":"purchasable","12":"product-type-simple"},"_links":{"self":[{"href":"https:\/\/nordicmart.andreevmaster.com\/fi\/wp-json\/wp\/v2\/product\/37756","targetHints":{"allow":["GET"]}}],"collection":[{"href":"https:\/\/nordicmart.andreevmaster.com\/fi\/wp-json\/wp\/v2\/product"}],"about":[{"href":"https:\/\/nordicmart.andreevmaster.com\/fi\/wp-json\/wp\/v2\/types\/product"}],"replies":[{"embeddable":true,"href":"https:\/\/nordicmart.andreevmaster.com\/fi\/wp-json\/wp\/v2\/comments?post=37756"}],"wp:featuredmedia":[{"embeddable":true,"href":"https:\/\/nordicmart.andreevmaster.com\/fi\/wp-json\/wp\/v2\/media\/45608"}],"wp:attachment":[{"href":"https:\/\/nordicmart.andreevmaster.com\/fi\/wp-json\/wp\/v2\/media?parent=37756"}],"wp:term":[{"taxonomy":"product_brand","embeddable":true,"href":"https:\/\/nordicmart.andreevmaster.com\/fi\/wp-json\/wp\/v2\/product_brand?post=37756"},{"taxonomy":"product_cat","embeddable":true,"href":"https:\/\/nordicmart.andreevmaster.com\/fi\/wp-json\/wp\/v2\/product_cat?post=37756"},{"taxonomy":"product_tag","embeddable":true,"href":"https:\/\/nordicmart.andreevmaster.com\/fi\/wp-json\/wp\/v2\/product_tag?post=37756"}],"curies":[{"name":"wp","href":"https:\/\/api.w.org\/{rel}","templated":true}]}}