{"id":37755,"date":"2026-02-27T00:40:44","date_gmt":"2026-02-27T00:40:44","guid":{"rendered":"https:\/\/nordicmart.andreevmaster.com\/product\/songmics-lipasto-5-laatikkoa-leppapuuta\/"},"modified":"2026-02-27T09:57:02","modified_gmt":"2026-02-27T09:57:02","slug":"songmics-lipasto-5-laatikkoa-leppapuuta","status":"publish","type":"product","link":"https:\/\/nordicmart.andreevmaster.com\/fi\/tuote\/songmics-lipasto-5-laatikkoa-leppapuuta\/","title":{"rendered":"SONGMICS lipasto 5 laatikkoa lepp\u00e4puuta"},"content":{"rendered":"<p>Kaikelle on paikkansa Aseta mehikasvit ja valokuvat rakkaistasi lipaston suurelle pinnalle ja laita vaatteesi, lehdet tai kirjat viiteen tilavaan laatikkoon. Kun kaikki on nyt j\u00e4rjestyksess\u00e4, l\u00f6yd\u00e4t tarvitsemasi tavarat nopeasti. Joitakin lis\u00e4ominaisuuksia Kotisi tulisi olla turvallinen paikka sinulle ja lapsillesi. T\u00e4t\u00e4 varten tarjoamme sinulle t\u00e4m\u00e4n huonekalun, jossa on py\u00f6ristetyt kulmat ja joka toimitetaan kaatumissuojan kanssa. Lis\u00e4ksi toimitukseen sis\u00e4ltyy jalkapehmusteet, jotka suojaavat lattiaasi naarmuilta. Tuotetiedot: &#8211; V\u00e4ri: tummanruskea &#8211; Materiaali: MDF (keskitihe\u00e4 kuitulevy), lepp\u00e4puu, koivuvaneri &#8211; Koko: 72 x 45 x 96 cm &#8211; Paino: 35 kg Toimitus sis\u00e4lt\u00e4\u00e4: &#8211; 1 x lipasto &#8211; 1 x pussi lis\u00e4varusteita &#8211; 1 x ohjeet (DE, EN, FR, ES, IT) VASAGLE Huomautukset: &#8211; T\u00e4m\u00e4 tuote toimitetaan 2 paketissa. Yleens\u00e4 ne saapuvat samaan aikaan. Ole k\u00e4rsiv\u00e4llinen, jos saat aluksi vain yhden paketin. Toinen paketti saapuu pian per\u00e4ss\u00e4. &#8211; Kiinnit\u00e4 tuote sein\u00e4\u00e4n mukana toimitetulla kaatumissuojalla, jotta se ei kaadu.<\/p>\n","protected":false},"excerpt":{"rendered":"<p>SONGMICS 5-laatikkoinen lipasto, laatikosto, massiivipuinen runko, s\u00e4ilytys kylpyhuoneeseen, makuuhuoneeseen, lastenhuoneeseen, tummanruskea RCD01BR<\/p>\n","protected":false},"featured_media":45607,"comment_status":"open","ping_status":"closed","template":"","meta":[],"product_brand":[],"product_cat":[32],"product_tag":[],"class_list":{"0":"post-37755","1":"product","2":"type-product","3":"status-publish","4":"has-post-thumbnail","6":"product_cat-uncategorized-fi","8":"first","9":"instock","10":"shipping-taxable","11":"purchasable","12":"product-type-simple"},"_links":{"self":[{"href":"https:\/\/nordicmart.andreevmaster.com\/fi\/wp-json\/wp\/v2\/product\/37755","targetHints":{"allow":["GET"]}}],"collection":[{"href":"https:\/\/nordicmart.andreevmaster.com\/fi\/wp-json\/wp\/v2\/product"}],"about":[{"href":"https:\/\/nordicmart.andreevmaster.com\/fi\/wp-json\/wp\/v2\/types\/product"}],"replies":[{"embeddable":true,"href":"https:\/\/nordicmart.andreevmaster.com\/fi\/wp-json\/wp\/v2\/comments?post=37755"}],"wp:featuredmedia":[{"embeddable":true,"href":"https:\/\/nordicmart.andreevmaster.com\/fi\/wp-json\/wp\/v2\/media\/45607"}],"wp:attachment":[{"href":"https:\/\/nordicmart.andreevmaster.com\/fi\/wp-json\/wp\/v2\/media?parent=37755"}],"wp:term":[{"taxonomy":"product_brand","embeddable":true,"href":"https:\/\/nordicmart.andreevmaster.com\/fi\/wp-json\/wp\/v2\/product_brand?post=37755"},{"taxonomy":"product_cat","embeddable":true,"href":"https:\/\/nordicmart.andreevmaster.com\/fi\/wp-json\/wp\/v2\/product_cat?post=37755"},{"taxonomy":"product_tag","embeddable":true,"href":"https:\/\/nordicmart.andreevmaster.com\/fi\/wp-json\/wp\/v2\/product_tag?post=37755"}],"curies":[{"name":"wp","href":"https:\/\/api.w.org\/{rel}","templated":true}]}}