{"id":37754,"date":"2026-02-27T00:40:44","date_gmt":"2026-02-27T00:40:44","guid":{"rendered":"https:\/\/nordicmart.andreevmaster.com\/product\/rainbow-lumiseinahylly\/"},"modified":"2026-02-27T09:57:02","modified_gmt":"2026-02-27T09:57:02","slug":"rainbow-lumiseinahylly","status":"publish","type":"product","link":"https:\/\/nordicmart.andreevmaster.com\/fi\/tuote\/rainbow-lumiseinahylly\/","title":{"rendered":"Rainbow-lumisein\u00e4hylly"},"content":{"rendered":"<p>Rainbow-hylly <\/p>\n<p>Rainbow-sarjan hylly sopii erinomaisesti sek\u00e4 pienimpien ett\u00e4 vanhempien lasten tarpeisiin. Siin\u00e4 on kaappi ja kolme hylly\u00e4, mik\u00e4 tekee siit\u00e4 eritt\u00e4in toimivan ja tilavan. Se voidaan asentaa ty\u00f6p\u00f6yd\u00e4n, s\u00e4ngyn tai lattian yl\u00e4puolelle, jolloin kirjat, lelut ja muut pikkuesineet ovat helposti saatavilla. Kahden hyllyn p\u00e4\u00e4ss\u00e4 on puinen pys\u00e4ytin, joka suojaa kirjoja putoamiselta. <\/p>\n<p>Tuotteen ominaisuudet: <\/p>\n<p>&#8211; 4 tilavaa hylly\u00e4, <\/p>\n<p>&#8211; 1 avattava kaappi, <\/p>\n<p>&#8211; 2 puista pys\u00e4ytint\u00e4, jotka est\u00e4v\u00e4t hyllylle asetettuja esineit\u00e4 putoamasta, <\/p>\n<p>&#8211; voidaan ripustaa korkealle sein\u00e4lle tai lattian viereen, jolloin lapsi p\u00e4\u00e4see helposti k\u00e4siksi hyllylle, <\/p>\n<p>&#8211; paljon tilaa kirjoille, tarvikkeille tai leluille, <\/p>\n<p>&#8211; j\u00e4rjest\u00e4\u00e4 tilan, <\/p>\n<p>&#8211; ajaton muotoilu, <\/p>\n<p>&#8211; valmistettu eurooppalaisten standardien ja turvallisuusnormien mukaisesti.<br \/>\nMitat (cm):<br \/>\n korkeus: 105,3<br \/>\n syvyys: 23,3<br \/>\n leveys: 56,6<br \/>\nMateriaalit ja viimeistely:<br \/>\n -korkealaatuinen laminoitu levy, joka kest\u00e4\u00e4 vaurioita ja kosteutta ja on helppo pit\u00e4\u00e4 puhtaana<br \/>\n -lakattu py\u00f6kkipuu<br \/>\n Valmistuksessa k\u00e4ytetyt lakat ovat lapsille turvallisia ja sertifioituja standardin EN71\/3 mukaisesti. <\/p>\n<p>V\u00e4ri: <\/p>\n<p>&#8211; valkoinen <\/p>\n<p>K\u00e4ytt\u00f6ohjeet:<br \/>\n Huonekalut tulee puhdistaa pehme\u00e4ll\u00e4, vedell\u00e4 kostutetulla puuvillakankaalla tai huonekalujen hoitoon tarkoitetulla tuotteella. <\/p>\n<p>Kokoonpano:<br \/>\n Huonekalut toimitetaan pakkauksissa itse koottaviksi. Pakkauksissa on mukana yksityiskohtaiset kokoonpano-ohjeet ja tarvittavat tarvikkeet.<\/p>\n","protected":false},"excerpt":{"rendered":"<p>Rainbow-hylly Rainbow-sarjan hylly sopii erinomaisesti sek\u00e4 pienimpien ett\u00e4 vanhempien lasten tarpeisiin. Siin\u00e4 on kaappi ja kolme hylly\u00e4, mik\u00e4 tekee siit\u00e4 eritt\u00e4in toimivan ja tilavan. Se voidaan asentaa ty\u00f6p\u00f6yd\u00e4n, s\u00e4ngyn tai lattian yl\u00e4puolelle, jolloin kirjat, lelut ja muut pikkuesineet ovat helposti saatavilla. Kahden hyllyn p\u00e4\u00e4ss\u00e4 on puinen pys\u00e4ytin, joka suojaa kirjoja putoamiselta. Tuotteen ominaisuudet: &#8211; 4 [&hellip;]<\/p>\n","protected":false},"featured_media":0,"comment_status":"open","ping_status":"closed","template":"","meta":[],"product_brand":[],"product_cat":[32],"product_tag":[],"class_list":{"0":"post-37754","1":"product","2":"type-product","3":"status-publish","5":"product_cat-uncategorized-fi","7":"first","8":"instock","9":"shipping-taxable","10":"purchasable","11":"product-type-simple"},"_links":{"self":[{"href":"https:\/\/nordicmart.andreevmaster.com\/fi\/wp-json\/wp\/v2\/product\/37754","targetHints":{"allow":["GET"]}}],"collection":[{"href":"https:\/\/nordicmart.andreevmaster.com\/fi\/wp-json\/wp\/v2\/product"}],"about":[{"href":"https:\/\/nordicmart.andreevmaster.com\/fi\/wp-json\/wp\/v2\/types\/product"}],"replies":[{"embeddable":true,"href":"https:\/\/nordicmart.andreevmaster.com\/fi\/wp-json\/wp\/v2\/comments?post=37754"}],"wp:attachment":[{"href":"https:\/\/nordicmart.andreevmaster.com\/fi\/wp-json\/wp\/v2\/media?parent=37754"}],"wp:term":[{"taxonomy":"product_brand","embeddable":true,"href":"https:\/\/nordicmart.andreevmaster.com\/fi\/wp-json\/wp\/v2\/product_brand?post=37754"},{"taxonomy":"product_cat","embeddable":true,"href":"https:\/\/nordicmart.andreevmaster.com\/fi\/wp-json\/wp\/v2\/product_cat?post=37754"},{"taxonomy":"product_tag","embeddable":true,"href":"https:\/\/nordicmart.andreevmaster.com\/fi\/wp-json\/wp\/v2\/product_tag?post=37754"}],"curies":[{"name":"wp","href":"https:\/\/api.w.org\/{rel}","templated":true}]}}