{"id":37748,"date":"2026-02-27T00:40:42","date_gmt":"2026-02-27T00:40:42","guid":{"rendered":"https:\/\/nordicmart.andreevmaster.com\/product\/ratata-laatikko-60x120\/"},"modified":"2026-02-27T09:57:00","modified_gmt":"2026-02-27T09:57:00","slug":"ratata-laatikko-60x120","status":"publish","type":"product","link":"https:\/\/nordicmart.andreevmaster.com\/fi\/tuote\/ratata-laatikko-60x120\/","title":{"rendered":"Ratata-laatikko 60&#215;120"},"content":{"rendered":"<p>Kevyt, muovautuva, eksoottinen<br \/>\nKokoelma kevyit\u00e4, moderneja huonekaluja, joissa on ripaus kolonialistista tyyli\u00e4. Hienovarainen yhdistelm\u00e4 puusta valmistettuja, kaarevia muotoja ja eksoottista, l\u00e4pikuultavaa rottinkia. Materiaalin luonnollinen luonne, korkea laatu ja kest\u00e4vyys sek\u00e4 mahdollisuus kasvattaa sohvan kokoa mahdollistavat ainutlaatuisen huoneen sisustuksen, josta lapset voivat nauttia monien vuosien ajan.<br \/>\nT\u00e4rkeimm\u00e4t edut:<br \/>\n&#8211; py\u00f6rill\u00e4 varustettu laatikko, jossa on k\u00e4yt\u00e4nn\u00f6lliset kuminauhat pinnan naarmuuntumisen est\u00e4miseksi,<br \/>\n&#8211; valmistettu eurooppalaisten standardien ja turvallisuusstandardien mukaisesti <\/p>\n<p>Mitat (cm):<br \/>\nkorkeus: 15,3<br \/>\nsyvyys: 64<br \/>\nleveys: 109,2 <\/p>\n<p>Suunnittelu ja viimeistely:<br \/>\n&#8211; lakattu MDF-levy,<br \/>\n&#8211; korkealaatuinen laminoitu levy, joka kest\u00e4\u00e4 vaurioita ja kosteutta ja on helppo pit\u00e4\u00e4 puhtaana <\/p>\n<p>V\u00e4ri:<br \/>\n&#8211; valkoinen <\/p>\n<p>K\u00e4ytt\u00f6ohjeet:<br \/>\nHuonekalut tulee puhdistaa pehme\u00e4ll\u00e4, vedell\u00e4 tai huonekalujen hoitoaineella kostutetulla puuvillakankaalla. <\/p>\n<p>Kokoonpano:<br \/>\nHuonekalut toimitetaan pakkauksissa, jotka on tarkoitettu itse koottaviksi. Paketit sis\u00e4lt\u00e4v\u00e4t yksityiskohtaiset asennusohjeet sek\u00e4 tarvikkeet (ruuvit jne.).<\/p>\n","protected":false},"excerpt":{"rendered":"<p>Kevyt, muovautuva, eksoottinen Kokoelma kevyit\u00e4, moderneja huonekaluja, joissa on ripaus kolonialistista tyyli\u00e4. Hienovarainen yhdistelm\u00e4 puusta valmistettuja, kaarevia muotoja ja eksoottista, l\u00e4pikuultavaa rottinkia. Materiaalin luonnollinen luonne, korkea laatu ja kest\u00e4vyys sek\u00e4 mahdollisuus kasvattaa sohvan kokoa mahdollistavat ainutlaatuisen huoneen sisustuksen, josta lapset voivat nauttia monien vuosien ajan. T\u00e4rkeimm\u00e4t edut: &#8211; py\u00f6rill\u00e4 varustettu laatikko, jossa on k\u00e4yt\u00e4nn\u00f6lliset kuminauhat [&hellip;]<\/p>\n","protected":false},"featured_media":0,"comment_status":"open","ping_status":"closed","template":"","meta":[],"product_brand":[],"product_cat":[32],"product_tag":[],"class_list":{"0":"post-37748","1":"product","2":"type-product","3":"status-publish","5":"product_cat-uncategorized-fi","7":"first","8":"instock","9":"shipping-taxable","10":"purchasable","11":"product-type-simple"},"_links":{"self":[{"href":"https:\/\/nordicmart.andreevmaster.com\/fi\/wp-json\/wp\/v2\/product\/37748","targetHints":{"allow":["GET"]}}],"collection":[{"href":"https:\/\/nordicmart.andreevmaster.com\/fi\/wp-json\/wp\/v2\/product"}],"about":[{"href":"https:\/\/nordicmart.andreevmaster.com\/fi\/wp-json\/wp\/v2\/types\/product"}],"replies":[{"embeddable":true,"href":"https:\/\/nordicmart.andreevmaster.com\/fi\/wp-json\/wp\/v2\/comments?post=37748"}],"wp:attachment":[{"href":"https:\/\/nordicmart.andreevmaster.com\/fi\/wp-json\/wp\/v2\/media?parent=37748"}],"wp:term":[{"taxonomy":"product_brand","embeddable":true,"href":"https:\/\/nordicmart.andreevmaster.com\/fi\/wp-json\/wp\/v2\/product_brand?post=37748"},{"taxonomy":"product_cat","embeddable":true,"href":"https:\/\/nordicmart.andreevmaster.com\/fi\/wp-json\/wp\/v2\/product_cat?post=37748"},{"taxonomy":"product_tag","embeddable":true,"href":"https:\/\/nordicmart.andreevmaster.com\/fi\/wp-json\/wp\/v2\/product_tag?post=37748"}],"curies":[{"name":"wp","href":"https:\/\/api.w.org\/{rel}","templated":true}]}}