{"id":37746,"date":"2026-02-27T00:40:41","date_gmt":"2026-02-27T00:40:41","guid":{"rendered":"https:\/\/nordicmart.andreevmaster.com\/product\/ratata-sanky-60x120\/"},"modified":"2026-02-27T09:57:00","modified_gmt":"2026-02-27T09:57:00","slug":"ratata-sanky-60x120","status":"publish","type":"product","link":"https:\/\/nordicmart.andreevmaster.com\/fi\/tuote\/ratata-sanky-60x120\/","title":{"rendered":"Ratata-s\u00e4nky 60&#215;120"},"content":{"rendered":"<p>Kevyys, muovailtavuus, eksoottisuus<br \/>\nKokoelma kevyit\u00e4, moderneja huonekaluja, joissa on ripaus kolonialistista tyyli\u00e4. Hienovarainen yhdistelm\u00e4 puusta valmistettuja, kaarevia muotoja ja rottingin eksoottista, avointa tekstuuria. Materiaalin luonnollinen luonne, korkea laatu ja kest\u00e4vyys sek\u00e4 mahdollisuus kasvattaa s\u00e4ngyn kokoa mahdollistavat ainutlaatuisen huoneen sisustuksen, josta lapset voivat nauttia monien vuosien ajan. <\/p>\n<p>T\u00e4rkeimm\u00e4t edut:<br \/>\n&#8211; t\u00e4ytt\u00e4\u00e4 eurooppalaiset turvallisuusstandardit ja -normit<br \/>\n&#8211; nelj\u00e4 irrotettavaa tankoa s\u00e4ngyn rungossa antavat lapselle mahdollisuuden nousta s\u00e4ngyst\u00e4 ja menn\u00e4 siihen vapaasti,<br \/>\n&#8211;  kolme patjan pohjan asentoa, jotka voidaan s\u00e4\u00e4t\u00e4\u00e4 lapsen kehityksen mukaan<br \/>\n&#8211; voidaan muuntaa sohvaksi,<br \/>\n&#8211; putoamista est\u00e4v\u00e4t suojat on valmistettu tukipalkkeista<br \/>\n-tilava, k\u00e4yt\u00e4nn\u00f6llinen py\u00f6rill\u00e4 varustettu laatikko, jossa on rengas (laatikko on lis\u00e4varuste \u2013 sen voi ostaa erikseen)   <\/p>\n<p>Mitat (cm):<br \/>\npituus: 123,6<br \/>\nleveys: 64,2<br \/>\nkorkeus: 90 <\/p>\n<p>sohvan korkeus: 60 <\/p>\n<p>Lis\u00e4tietoja:<br \/>\n&#8211; s\u00e4nkyyn voidaan asentaa patja &#8211; mitat: 120 cm x 60 cm<br \/>\n-k\u00e4ytt\u00f6ik\u00e4: noin 5-vuotiaaksi asti. <\/p>\n<p>Suunnittelu ja viimeistely:<br \/>\n&#8211;  lakattu MDF-levy,<br \/>\n&#8211;  korkealaatuinen laminoitu levy, joka kest\u00e4\u00e4 vaurioita ja kosteutta ja on helppo pit\u00e4\u00e4 puhtaana,<br \/>\n&#8211; lakattu py\u00f6kkipuu. <\/p>\n<p>Valmistusprosessissa k\u00e4ytetyt lakat ovat lapsille turvallisia ja sertifioituja standardin EN71\/3 mukaisesti. <\/p>\n<p>V\u00e4ri:<br \/>\n-valkoinen\/py\u00f6kki<\/p>\n<p>K\u00e4ytt\u00f6ohjeet:<br \/>\nHuonekalut tulee puhdistaa pehme\u00e4ll\u00e4, vedell\u00e4 kostutetulla puuvillakankaalla tai huonekalujen hoitoon tarkoitetulla tuotteella. <\/p>\n<p>Kokoonpano:<br \/>\nHuonekalut toimitetaan pakkauksissa, jotka on tarkoitettu itse koottaviksi. Yksityiskohtaiset kokoonpano-ohjeet ovat pakkauksissa mukana.<\/p>\n","protected":false},"excerpt":{"rendered":"<p>Kevyys, muovailtavuus, eksoottisuus Kokoelma kevyit\u00e4, moderneja huonekaluja, joissa on ripaus kolonialistista tyyli\u00e4. Hienovarainen yhdistelm\u00e4 puusta valmistettuja, kaarevia muotoja ja rottingin eksoottista, avointa tekstuuria. Materiaalin luonnollinen luonne, korkea laatu ja kest\u00e4vyys sek\u00e4 mahdollisuus kasvattaa s\u00e4ngyn kokoa mahdollistavat ainutlaatuisen huoneen sisustuksen, josta lapset voivat nauttia monien vuosien ajan. T\u00e4rkeimm\u00e4t edut: &#8211; t\u00e4ytt\u00e4\u00e4 eurooppalaiset turvallisuusstandardit ja -normit &#8211; [&hellip;]<\/p>\n","protected":false},"featured_media":0,"comment_status":"open","ping_status":"closed","template":"","meta":[],"product_brand":[],"product_cat":[32],"product_tag":[],"class_list":{"0":"post-37746","1":"product","2":"type-product","3":"status-publish","5":"product_cat-uncategorized-fi","7":"first","8":"instock","9":"shipping-taxable","10":"purchasable","11":"product-type-simple"},"_links":{"self":[{"href":"https:\/\/nordicmart.andreevmaster.com\/fi\/wp-json\/wp\/v2\/product\/37746","targetHints":{"allow":["GET"]}}],"collection":[{"href":"https:\/\/nordicmart.andreevmaster.com\/fi\/wp-json\/wp\/v2\/product"}],"about":[{"href":"https:\/\/nordicmart.andreevmaster.com\/fi\/wp-json\/wp\/v2\/types\/product"}],"replies":[{"embeddable":true,"href":"https:\/\/nordicmart.andreevmaster.com\/fi\/wp-json\/wp\/v2\/comments?post=37746"}],"wp:attachment":[{"href":"https:\/\/nordicmart.andreevmaster.com\/fi\/wp-json\/wp\/v2\/media?parent=37746"}],"wp:term":[{"taxonomy":"product_brand","embeddable":true,"href":"https:\/\/nordicmart.andreevmaster.com\/fi\/wp-json\/wp\/v2\/product_brand?post=37746"},{"taxonomy":"product_cat","embeddable":true,"href":"https:\/\/nordicmart.andreevmaster.com\/fi\/wp-json\/wp\/v2\/product_cat?post=37746"},{"taxonomy":"product_tag","embeddable":true,"href":"https:\/\/nordicmart.andreevmaster.com\/fi\/wp-json\/wp\/v2\/product_tag?post=37746"}],"curies":[{"name":"wp","href":"https:\/\/api.w.org\/{rel}","templated":true}]}}