{"id":37745,"date":"2026-02-27T00:40:41","date_gmt":"2026-02-27T00:40:41","guid":{"rendered":"https:\/\/nordicmart.andreevmaster.com\/product\/ratata-2-ovinen-lipasto\/"},"modified":"2026-02-27T09:57:00","modified_gmt":"2026-02-27T09:57:00","slug":"ratata-2-ovinen-lipasto","status":"publish","type":"product","link":"https:\/\/nordicmart.andreevmaster.com\/fi\/tuote\/ratata-2-ovinen-lipasto\/","title":{"rendered":"Ratata 2-ovinen lipasto"},"content":{"rendered":"<p>Kokoelma kevyit\u00e4, moderneja huonekaluja, joissa on ripaus kolonialistista tyyli\u00e4. Hienovarainen yhdistelm\u00e4 puusta valmistettuja, kaarevia muotoja ja eksoottista, l\u00e4pikuultavaa rottinkia. Materiaalin luonnollinen luonne, korkea laatu ja kest\u00e4vyys sek\u00e4 mahdollisuus kasvattaa sohvan kokoa mahdollistavat ainutlaatuisen huoneen sisustuksen, josta lapset voivat nauttia monien vuosien ajan.<br \/>\nT\u00e4rkeimm\u00e4t edut:<br \/>\n&#8211; tilava laatikko,<br \/>\n&#8211; kaappi, jossa on itsest\u00e4\u00e4n sulkeutuvat ovet ja s\u00e4\u00e4dett\u00e4v\u00e4 hylly,<br \/>\n&#8211; Hafele-kiskot, joissa on laatikoiden sulkeutumista hidastava j\u00e4rjestelm\u00e4,<br \/>\n&#8211; valmius hoitop\u00f6yd\u00e4n asennukselle,<br \/>\n&#8211; voidaan kiinnitt\u00e4\u00e4 sein\u00e4\u00e4n \u2013 suositeltavaa,<br \/>\n&#8211; t\u00e4ytt\u00e4\u00e4 eurooppalaiset turvallisuusstandardit ja -normit. <\/p>\n<p>Mitat (cm):<br \/>\nkorkeus: 90<br \/>\nsyvyys: 50<br \/>\nleveys: 90<\/p>\n<p>Suunnittelu ja viimeistely:<br \/>\n&#8211; lakattu MDF-levy,<br \/>\n&#8211; korkealaatuinen laminoitu levy, joka kest\u00e4\u00e4 vaurioita ja kosteutta ja on helppo pit\u00e4\u00e4 puhtaana,<br \/>\n&#8211; lakattu py\u00f6kkipuu,<br \/>\n&#8211; rottinkipunos. <\/p>\n<p>Valmistusprosessissa k\u00e4ytetyt lakat ovat lapsille turvallisia ja sertifioituja standardin EN71\/3 mukaisesti. <\/p>\n<p>V\u00e4ri:<br \/>\n-valkoinen\/py\u00f6kki\/rottinki<\/p>\n<p>K\u00e4ytt\u00f6ohjeet:<br \/>\nHuonekalut tulee puhdistaa pehme\u00e4ll\u00e4, vedell\u00e4 kostutetulla puuvillakankaalla tai huonekalujen hoitoon tarkoitetulla tuotteella.\u00a0 \u00a0\u00a0 <\/p>\n<p>Kokoonpano:<br \/>\nHuonekalut toimitetaan pakkauksissa itse koottaviksi. Yksityiskohtaiset kokoonpano-ohjeet ovat pakkauksissa mukana.<\/p>\n","protected":false},"excerpt":{"rendered":"<p>Kokoelma kevyit\u00e4, moderneja huonekaluja, joissa on ripaus kolonialistista tyyli\u00e4. Hienovarainen yhdistelm\u00e4 puusta valmistettuja, kaarevia muotoja ja eksoottista, l\u00e4pikuultavaa rottinkia. Materiaalin luonnollinen luonne, korkea laatu ja kest\u00e4vyys sek\u00e4 mahdollisuus kasvattaa sohvan kokoa mahdollistavat ainutlaatuisen huoneen sisustuksen, josta lapset voivat nauttia monien vuosien ajan. T\u00e4rkeimm\u00e4t edut: &#8211; tilava laatikko, &#8211; kaappi, jossa on itsest\u00e4\u00e4n sulkeutuvat ovet ja [&hellip;]<\/p>\n","protected":false},"featured_media":0,"comment_status":"open","ping_status":"closed","template":"","meta":[],"product_brand":[],"product_cat":[32],"product_tag":[],"class_list":{"0":"post-37745","1":"product","2":"type-product","3":"status-publish","5":"product_cat-uncategorized-fi","7":"first","8":"instock","9":"shipping-taxable","10":"purchasable","11":"product-type-simple"},"_links":{"self":[{"href":"https:\/\/nordicmart.andreevmaster.com\/fi\/wp-json\/wp\/v2\/product\/37745","targetHints":{"allow":["GET"]}}],"collection":[{"href":"https:\/\/nordicmart.andreevmaster.com\/fi\/wp-json\/wp\/v2\/product"}],"about":[{"href":"https:\/\/nordicmart.andreevmaster.com\/fi\/wp-json\/wp\/v2\/types\/product"}],"replies":[{"embeddable":true,"href":"https:\/\/nordicmart.andreevmaster.com\/fi\/wp-json\/wp\/v2\/comments?post=37745"}],"wp:attachment":[{"href":"https:\/\/nordicmart.andreevmaster.com\/fi\/wp-json\/wp\/v2\/media?parent=37745"}],"wp:term":[{"taxonomy":"product_brand","embeddable":true,"href":"https:\/\/nordicmart.andreevmaster.com\/fi\/wp-json\/wp\/v2\/product_brand?post=37745"},{"taxonomy":"product_cat","embeddable":true,"href":"https:\/\/nordicmart.andreevmaster.com\/fi\/wp-json\/wp\/v2\/product_cat?post=37745"},{"taxonomy":"product_tag","embeddable":true,"href":"https:\/\/nordicmart.andreevmaster.com\/fi\/wp-json\/wp\/v2\/product_tag?post=37745"}],"curies":[{"name":"wp","href":"https:\/\/api.w.org\/{rel}","templated":true}]}}