{"id":37744,"date":"2026-02-27T00:40:41","date_gmt":"2026-02-27T00:40:41","guid":{"rendered":"https:\/\/nordicmart.andreevmaster.com\/product\/rondi-mesh-office-chair-m-1-black-mesh-2\/"},"modified":"2026-02-27T09:57:00","modified_gmt":"2026-02-27T09:57:00","slug":"rondi-mesh-office-chair-m-1-black-mesh-2","status":"publish","type":"product","link":"https:\/\/nordicmart.andreevmaster.com\/fi\/tuote\/rondi-mesh-office-chair-m-1-black-mesh-2\/","title":{"rendered":"Rondi Mesh Office Chair M-1 Black Mesh"},"content":{"rendered":"<p>RONDI Integro -ty\u00f6tuoli houkuttelee tyylikk\u00e4\u00e4ll\u00e4 muotoilullaan ja erinomaisella toiminnallisuudellaan. Verkkokankaalla verhoiltu istuin tarjoaa erinomaisen mikroilmaston my\u00f6s kuumalla s\u00e4\u00e4ll\u00e4, mik\u00e4 tekee siit\u00e4 ihanteellisen valinnan pitki\u00e4 ty\u00f6p\u00e4ivi\u00e4 varten.<br \/>\nT\u00e4m\u00e4 kokonaan mustaksi viimeistelty tuoli ei sis\u00e4ll\u00e4 kromielementtej\u00e4, joten se sopii niille, jotka suosivat yksinkertaisia ja hillittyj\u00e4 ratkaisuja sisustuksessa.Tuoli on varustettu pehme\u00e4ll\u00e4 p\u00e4\u00e4ntuella, jonka korkeutta ja kallistuskulmaa voi s\u00e4\u00e4t\u00e4\u00e4, jolloin voit l\u00f6yt\u00e4\u00e4 mukavimman asennon niskaasi tukemaan. Selk\u00e4nojan s\u00e4\u00e4dett\u00e4v\u00e4 lanneratatuki tarjoaa lis\u00e4tukea sel\u00e4lle ja v\u00e4hent\u00e4\u00e4 selk\u00e4rangan rasitusta pitk\u00e4kestoisen istumisen aikana. Tuolin k\u00e4sinojissa on nostotoiminto, joka helpottaa tuolista nousemista. K\u00e4sinojien pehme\u00e4t tyynyt lis\u00e4\u00e4v\u00e4t mukavuutta pitk\u00e4aikaisessa k\u00e4yt\u00f6ss\u00e4. Istuin on ergonomisesti muotoiltu ja keskikova, mik\u00e4 tukee selk\u00e4\u00e4 ja v\u00e4hent\u00e4\u00e4 v\u00e4symyst\u00e4. Tuolin mekanismi mahdollistaa istuimen korkeuden ja keinumisen kovuuden s\u00e4\u00e4t\u00e4misen yksil\u00f6llisten tarpeiden mukaan. Tuolin kaasujousi on vahvistettu, mik\u00e4 takaa sen kest\u00e4vyyden ja kestokyvyn intensiivisess\u00e4 k\u00e4yt\u00f6ss\u00e4. Ristikkorunko on tyylik\u00e4s, mattamusta, mik\u00e4 lis\u00e4\u00e4 t\u00e4m\u00e4n ty\u00f6tuolin modernia ulkon\u00e4k\u00f6\u00e4 ja eleganssia. Integro-ty\u00f6tuoli on t\u00e4ydellinen yhdistelm\u00e4 mukavuutta, toiminnallisuutta ja esteettisyytt\u00e4, mik\u00e4 tekee siit\u00e4 erinomaisen lis\u00e4yksen mihin tahansa ty\u00f6tilaan. Huomaa, ett\u00e4 tuoli toimitetaan purettuna. Toimituspaketti sis\u00e4lt\u00e4\u00e4 kaiken, mit\u00e4 tarvitset kokoonpanoon, joka ei vie paljon aikaa. Mukavuuden vuoksi olemme lis\u00e4nneet yksinkertaisen video-ohjeen.<\/p>\n","protected":false},"excerpt":{"rendered":"<p>Malli: Integro<br \/>\nKallistusmekanismi: M-1 (kallistus)<br \/>\nVerhoilumateriaali: Kangas, verkko<br \/>\nVerhoilumateriaalin v\u00e4ri: Musta<br \/>\nP\u00e4\u00e4ntuki: Pehme\u00e4, korkeuden ja kulman s\u00e4\u00e4t\u00f6<br \/>\nK\u00e4sinojat: Pehme\u00e4t, nostotoiminto, vahvistettu muovi (valettu polyamidi)<br \/>\nTuolin jalusta: Metalli, musta<br \/>\nPy\u00f6r\u00e4t: Kumip\u00e4\u00e4llysteiset<br \/>\nTuotteen v\u00e4himm\u00e4iskorkeus: 1170 mm<br \/>\nTuotteen enimm\u00e4iskorkeus (istuin korkeimmillaan &#8211; p\u00e4\u00e4ntuki korkeimmillaan): 1265 &#8211; 1295 mm<br \/>\nIstuimen v\u00e4himm\u00e4iskorkeus: 475 mm<br \/>\nIstuimen enimm\u00e4iskorkeus: 580 mm<br \/>\nSelk\u00e4nojan korkeus: 570 mm<br \/>\nP\u00e4\u00e4ntuen leveys: 275 mm<br \/>\nP\u00e4\u00e4ntuen korkeus: 160 mm<br \/>\nKorkeus lattiasta k\u00e4sinojiin: 665\u2013770 mm<br \/>\nK\u00e4sinojan korkeus: 300 mm<br \/>\nK\u00e4sinojan pituus: 365 mm<br \/>\nK\u00e4sinojien v\u00e4linen et\u00e4isyys: 435 mm<br \/>\nIstuimen leveys: 425 mm<br \/>\nIstuimen syvyys: 450 mm<br \/>\nTuotteen leveys: 570 mm<br \/>\nTuotteen syvyys: 650 mm<br \/>\nTuotteen paino: 12 kg<br \/>\nPakkauksen tilavuus: 0,08 m\u00b3<\/p>\n","protected":false},"featured_media":0,"comment_status":"open","ping_status":"closed","template":"","meta":[],"product_brand":[],"product_cat":[32],"product_tag":[],"class_list":{"0":"post-37744","1":"product","2":"type-product","3":"status-publish","5":"product_cat-uncategorized-fi","7":"first","8":"instock","9":"shipping-taxable","10":"purchasable","11":"product-type-simple"},"_links":{"self":[{"href":"https:\/\/nordicmart.andreevmaster.com\/fi\/wp-json\/wp\/v2\/product\/37744","targetHints":{"allow":["GET"]}}],"collection":[{"href":"https:\/\/nordicmart.andreevmaster.com\/fi\/wp-json\/wp\/v2\/product"}],"about":[{"href":"https:\/\/nordicmart.andreevmaster.com\/fi\/wp-json\/wp\/v2\/types\/product"}],"replies":[{"embeddable":true,"href":"https:\/\/nordicmart.andreevmaster.com\/fi\/wp-json\/wp\/v2\/comments?post=37744"}],"wp:attachment":[{"href":"https:\/\/nordicmart.andreevmaster.com\/fi\/wp-json\/wp\/v2\/media?parent=37744"}],"wp:term":[{"taxonomy":"product_brand","embeddable":true,"href":"https:\/\/nordicmart.andreevmaster.com\/fi\/wp-json\/wp\/v2\/product_brand?post=37744"},{"taxonomy":"product_cat","embeddable":true,"href":"https:\/\/nordicmart.andreevmaster.com\/fi\/wp-json\/wp\/v2\/product_cat?post=37744"},{"taxonomy":"product_tag","embeddable":true,"href":"https:\/\/nordicmart.andreevmaster.com\/fi\/wp-json\/wp\/v2\/product_tag?post=37744"}],"curies":[{"name":"wp","href":"https:\/\/api.w.org\/{rel}","templated":true}]}}