{"id":37742,"date":"2026-02-27T00:40:40","date_gmt":"2026-02-27T00:40:40","guid":{"rendered":"https:\/\/nordicmart.andreevmaster.com\/product\/falk-super-dumper-peravaunu-3-7-vuotiaille\/"},"modified":"2026-02-27T09:56:59","modified_gmt":"2026-02-27T09:56:59","slug":"falk-super-dumper-peravaunu-3-7-vuotiaille","status":"publish","type":"product","link":"https:\/\/nordicmart.andreevmaster.com\/fi\/tuote\/falk-super-dumper-peravaunu-3-7-vuotiaille\/","title":{"rendered":"FALK Super Dumper -per\u00e4vaunu 3\u20137-vuotiaille"},"content":{"rendered":"<p>Super Dumper Super Dumper on yhteensopiva kaikkien Falk-traktoreiden kanssa 3\u20137-vuotiaille lapsille. Se on valmistettu korkealaatuisista materiaaleista, mik\u00e4 takaa kest\u00e4vyyden ja vuosien hauskanpidon, jolloin jokainen seikkailu pihalla on entist\u00e4 j\u00e4nnitt\u00e4v\u00e4mpi!<\/p>\n<p>Ominaisuudet:<\/p>\n<p>* &#8211; 3\u20137-vuotiaille lapsille<br \/>\n* &#8211; Lelun mitat: 87 x 49 x 48 cm<br \/>\n* &#8211; Yhteensopiva kaikkien 3\u20137-vuotiaille lapsille tarkoitettujen FALK-traktoreiden kanssa<br \/>\n* &#8211; Turvalukko est\u00e4\u00e4 kippia kallistumasta<\/p>\n","protected":false},"excerpt":{"rendered":"<p>Super Dumper Super Dumper on yhteensopiva kaikkien Falk-traktoreiden kanssa 3\u20137-vuotiaille lapsille. Se on valmistettu korkealaatuisista materiaaleista, mik\u00e4 takaa kest\u00e4vyyden ja vuosien hauskanpidon, jolloin jokainen seikkailu pihalla on entist\u00e4 j\u00e4nnitt\u00e4v\u00e4mpi! Ominaisuudet: * &#8211; 3\u20137-vuotiaille lapsille * &#8211; Lelun mitat: 87 x 49 x 48 cm * &#8211; Yhteensopiva kaikkien 3\u20137-vuotiaille lapsille tarkoitettujen FALK-traktoreiden kanssa * &#8211; [&hellip;]<\/p>\n","protected":false},"featured_media":0,"comment_status":"open","ping_status":"closed","template":"","meta":[],"product_brand":[],"product_cat":[32],"product_tag":[],"class_list":{"0":"post-37742","1":"product","2":"type-product","3":"status-publish","5":"product_cat-uncategorized-fi","7":"first","8":"instock","9":"shipping-taxable","10":"purchasable","11":"product-type-simple"},"_links":{"self":[{"href":"https:\/\/nordicmart.andreevmaster.com\/fi\/wp-json\/wp\/v2\/product\/37742","targetHints":{"allow":["GET"]}}],"collection":[{"href":"https:\/\/nordicmart.andreevmaster.com\/fi\/wp-json\/wp\/v2\/product"}],"about":[{"href":"https:\/\/nordicmart.andreevmaster.com\/fi\/wp-json\/wp\/v2\/types\/product"}],"replies":[{"embeddable":true,"href":"https:\/\/nordicmart.andreevmaster.com\/fi\/wp-json\/wp\/v2\/comments?post=37742"}],"wp:attachment":[{"href":"https:\/\/nordicmart.andreevmaster.com\/fi\/wp-json\/wp\/v2\/media?parent=37742"}],"wp:term":[{"taxonomy":"product_brand","embeddable":true,"href":"https:\/\/nordicmart.andreevmaster.com\/fi\/wp-json\/wp\/v2\/product_brand?post=37742"},{"taxonomy":"product_cat","embeddable":true,"href":"https:\/\/nordicmart.andreevmaster.com\/fi\/wp-json\/wp\/v2\/product_cat?post=37742"},{"taxonomy":"product_tag","embeddable":true,"href":"https:\/\/nordicmart.andreevmaster.com\/fi\/wp-json\/wp\/v2\/product_tag?post=37742"}],"curies":[{"name":"wp","href":"https:\/\/api.w.org\/{rel}","templated":true}]}}