{"id":37740,"date":"2026-02-27T00:40:40","date_gmt":"2026-02-27T00:40:40","guid":{"rendered":"https:\/\/nordicmart.andreevmaster.com\/product\/feandrea-pentujen-hygieniaalustat-60-x-90-cm-100-kpl\/"},"modified":"2026-02-27T09:56:59","modified_gmt":"2026-02-27T09:56:59","slug":"feandrea-pentujen-hygieniaalustat-60-x-90-cm-100-kpl","status":"publish","type":"product","link":"https:\/\/nordicmart.andreevmaster.com\/fi\/tuote\/feandrea-pentujen-hygieniaalustat-60-x-90-cm-100-kpl\/","title":{"rendered":"Feandrea pentujen hygieniaalustat 60 x 90 cm 100 kpl"},"content":{"rendered":"<p>FEANDREA-tuotteiden kehitt\u00e4misess\u00e4 el\u00e4inten tarpeet ovat etusijalla. N\u00e4m\u00e4 tarpeet syntyv\u00e4t jo pian syntym\u00e4n j\u00e4lkeen, joten suloiset koiranpennut ajattelevat jo herkkuja, hauskoja leluja ja mukavaa nukkumapaikkaa. Tietenkin niiden on my\u00f6s aika ajoin helpotettava oloaan, ja joskus se tapahtuu uudella matollasi tai korkealaatuisella parkettilattiallasi.FEANDREA-pentujen alustat \u2013 n\u00e4in koirasi oppii askel askeleelta ulos K\u00e4yt\u00e4 imukykyisi\u00e4 harjoittelualustoja, jotta yll\u00e4 kuvattu tilanne j\u00e4\u00e4 nopeasti menneisyyteen. Sinun tarvitsee vain kiinnitt\u00e4\u00e4 ne johonkin paikkaan asunnossasi ja asettaa koirasi niille aina, vaikka se olisi tehnyt tarpeensa johonkin muualle. Ajan my\u00f6t\u00e4 se tottuu Pee Pads -alustoihin, houkuttelee sen houkuttimien tuoksu ja tekee tarpeensa vain t\u00e4ll\u00e4 laventelin tuoksuisella pentualustalla. Kun n\u00e4in tapahtuu, voit palkita sen herkuilla. Aseta alusta sitten yh\u00e4 l\u00e4hemm\u00e4ksi ulko-ovea. Pian my\u00f6s koiranpennusi oppii varmasti sis\u00e4siisteyteen! Tuotetiedot: &#8211; Kokonaiskoko: 60 x 90 cm &#8211; Imev\u00e4n puuvillaytimen koko: 55 x 85 cm Toimitus sis\u00e4lt\u00e4\u00e4: &#8211; 1 x laatikko Pee Pad -alustoja (100 kpl) FEANDREA Huomautukset: 1. \u00c4l\u00e4 vahingoita alustoja veitsell\u00e4 tai muilla ter\u00e4vill\u00e4 esineill\u00e4, jotta vett\u00e4 imev\u00e4t hiukkaset eiv\u00e4t p\u00e4\u00e4se vuotamaan ja vahingoittamaan ymp\u00e4rist\u00f6\u00e4. Lis\u00e4ksi vauriot heikent\u00e4v\u00e4t tuotteen imukyky\u00e4. 2. Varmista, ett\u00e4 lemmikkisi ei ota Pee Pad -alustoja suuhunsa. 3. <\/p>\n","protected":false},"excerpt":{"rendered":"<p>Feandrea-koulutusmatot koiranpennuille, Puppy Training Pads, koiranpentujen wc, 100 kpl, 60 x 90 cm PTD90B<\/p>\n","protected":false},"featured_media":45605,"comment_status":"open","ping_status":"closed","template":"","meta":[],"product_brand":[],"product_cat":[32],"product_tag":[],"class_list":{"0":"post-37740","1":"product","2":"type-product","3":"status-publish","4":"has-post-thumbnail","6":"product_cat-uncategorized-fi","8":"first","9":"instock","10":"shipping-taxable","11":"purchasable","12":"product-type-simple"},"_links":{"self":[{"href":"https:\/\/nordicmart.andreevmaster.com\/fi\/wp-json\/wp\/v2\/product\/37740","targetHints":{"allow":["GET"]}}],"collection":[{"href":"https:\/\/nordicmart.andreevmaster.com\/fi\/wp-json\/wp\/v2\/product"}],"about":[{"href":"https:\/\/nordicmart.andreevmaster.com\/fi\/wp-json\/wp\/v2\/types\/product"}],"replies":[{"embeddable":true,"href":"https:\/\/nordicmart.andreevmaster.com\/fi\/wp-json\/wp\/v2\/comments?post=37740"}],"wp:featuredmedia":[{"embeddable":true,"href":"https:\/\/nordicmart.andreevmaster.com\/fi\/wp-json\/wp\/v2\/media\/45605"}],"wp:attachment":[{"href":"https:\/\/nordicmart.andreevmaster.com\/fi\/wp-json\/wp\/v2\/media?parent=37740"}],"wp:term":[{"taxonomy":"product_brand","embeddable":true,"href":"https:\/\/nordicmart.andreevmaster.com\/fi\/wp-json\/wp\/v2\/product_brand?post=37740"},{"taxonomy":"product_cat","embeddable":true,"href":"https:\/\/nordicmart.andreevmaster.com\/fi\/wp-json\/wp\/v2\/product_cat?post=37740"},{"taxonomy":"product_tag","embeddable":true,"href":"https:\/\/nordicmart.andreevmaster.com\/fi\/wp-json\/wp\/v2\/product_tag?post=37740"}],"curies":[{"name":"wp","href":"https:\/\/api.w.org\/{rel}","templated":true}]}}