{"id":37739,"date":"2026-02-27T00:40:40","date_gmt":"2026-02-27T00:40:40","guid":{"rendered":"https:\/\/nordicmart.andreevmaster.com\/product\/feandrea-puppy-pads-60-x-60-cm-55-kpl\/"},"modified":"2026-02-27T09:56:58","modified_gmt":"2026-02-27T09:56:58","slug":"feandrea-puppy-pads-60-x-60-cm-55-kpl","status":"publish","type":"product","link":"https:\/\/nordicmart.andreevmaster.com\/fi\/tuote\/feandrea-puppy-pads-60-x-60-cm-55-kpl\/","title":{"rendered":"Feandrea Puppy Pads 60 x 60 cm 55 kpl"},"content":{"rendered":"<p>Aikainen harjoittelu Hyv\u00e4n suhteen rakentaminen koiriin edellytt\u00e4\u00e4 koulutusta \u2013 mit\u00e4 aikaisemmin, sen parempi! \u00c4l\u00e4 siis odota en\u00e4\u00e4, vaan k\u00e4yt\u00e4 n\u00e4it\u00e4 nestett\u00e4 imevi\u00e4 alustoja, jotta koirasi oppii nopeasti sis\u00e4siisteyteen. N\u00e4in k\u00e4yt\u00e4t n\u00e4it\u00e4 koulutustyynyj\u00e4: &#8211; Taita hygieniatyyny auki ja aseta se sinisell\u00e4 polyeteenipuolella alasp\u00e4in tiettyyn paikkaan asunnossasi &#8211; Aseta koirasi tyynylle heti, kun se alkaa nuuskia &#8211; Jos koirasi on vahingossa virtsannut muualle, puhdista se v\u00e4litt\u00f6m\u00e4sti, jotta v\u00e4lt\u00e4t ep\u00e4miellytt\u00e4v\u00e4t hajut ja uuden virtsaamisen &#8211; Kun koirasi virtsaa harjoitusalustalle, anna sille palkkio Tuotetiedot: &#8211; V\u00e4ri: Sininen-valkoinen &#8211; Materiaali: SAP (nestem\u00e4inen superabsorboiva aine), pitk\u00e4kuituinen sellu, hygieniapaperi, vett\u00e4 l\u00e4p\u00e4isem\u00e4t\u00f6n polyeteenikalvo &#8211; Koko: 60 x 60 cm (P x L) &#8211; Paino: 2,5 kg Toimitus sis\u00e4lt\u00e4\u00e4: &#8211; 50 x pentualusta (+ 5 ylim\u00e4\u00e4r\u00e4ist\u00e4 alustaa lahjana) FEANDREA Huomautukset:- \u00c4l\u00e4 vahingoita alustoja veitsell\u00e4 tai muilla ter\u00e4vill\u00e4 esineill\u00e4, jotta vett\u00e4 imev\u00e4t hiukkaset eiv\u00e4t p\u00e4\u00e4se vuotamaan ja vahingoittamaan ymp\u00e4rist\u00f6\u00e4. Lis\u00e4ksi vauriot heikent\u00e4v\u00e4t tuotteen imukyky\u00e4. &#8211; Varmista, ett\u00e4 lemmikkisi ei ota Pee Pad -alustoja suuhunsa.- Lemmikkisi tulisi virtsata mahdollisimman l\u00e4helle alustan keskustaa. &#8211; Lapset eiv\u00e4t saa leikki\u00e4 alustoilla, ottaa niit\u00e4 suuhunsa tai k\u00e4ytt\u00e4\u00e4 niit\u00e4. Alustat eiv\u00e4t ole tarkoitettu ihmisten k\u00e4ytt\u00f6\u00f6n. &#8211; H\u00e4vit\u00e4 alustat k\u00e4yt\u00f6n j\u00e4lkeen asianmukaisesti, jotta v\u00e4lt\u00e4t ymp\u00e4rist\u00f6n pilaantumisen.<\/p>\n","protected":false},"excerpt":{"rendered":"<p>Feandrea Puppy Pads, pentujen alustat, 60 x 60 cm, 55 kpl, sinivalkoinen PTD65BU<\/p>\n","protected":false},"featured_media":45604,"comment_status":"open","ping_status":"closed","template":"","meta":[],"product_brand":[],"product_cat":[32],"product_tag":[],"class_list":{"0":"post-37739","1":"product","2":"type-product","3":"status-publish","4":"has-post-thumbnail","6":"product_cat-uncategorized-fi","8":"first","9":"instock","10":"shipping-taxable","11":"purchasable","12":"product-type-simple"},"_links":{"self":[{"href":"https:\/\/nordicmart.andreevmaster.com\/fi\/wp-json\/wp\/v2\/product\/37739","targetHints":{"allow":["GET"]}}],"collection":[{"href":"https:\/\/nordicmart.andreevmaster.com\/fi\/wp-json\/wp\/v2\/product"}],"about":[{"href":"https:\/\/nordicmart.andreevmaster.com\/fi\/wp-json\/wp\/v2\/types\/product"}],"replies":[{"embeddable":true,"href":"https:\/\/nordicmart.andreevmaster.com\/fi\/wp-json\/wp\/v2\/comments?post=37739"}],"wp:featuredmedia":[{"embeddable":true,"href":"https:\/\/nordicmart.andreevmaster.com\/fi\/wp-json\/wp\/v2\/media\/45604"}],"wp:attachment":[{"href":"https:\/\/nordicmart.andreevmaster.com\/fi\/wp-json\/wp\/v2\/media?parent=37739"}],"wp:term":[{"taxonomy":"product_brand","embeddable":true,"href":"https:\/\/nordicmart.andreevmaster.com\/fi\/wp-json\/wp\/v2\/product_brand?post=37739"},{"taxonomy":"product_cat","embeddable":true,"href":"https:\/\/nordicmart.andreevmaster.com\/fi\/wp-json\/wp\/v2\/product_cat?post=37739"},{"taxonomy":"product_tag","embeddable":true,"href":"https:\/\/nordicmart.andreevmaster.com\/fi\/wp-json\/wp\/v2\/product_tag?post=37739"}],"curies":[{"name":"wp","href":"https:\/\/api.w.org\/{rel}","templated":true}]}}