{"id":37738,"date":"2026-02-27T00:40:39","date_gmt":"2026-02-27T00:40:39","guid":{"rendered":"https:\/\/nordicmart.andreevmaster.com\/product\/feandrea-pentujen-hygienia-alustat-60-x-60-cm-100-kpl\/"},"modified":"2026-02-27T09:56:58","modified_gmt":"2026-02-27T09:56:58","slug":"feandrea-pentujen-hygienia-alustat-60-x-60-cm-100-kpl","status":"publish","type":"product","link":"https:\/\/nordicmart.andreevmaster.com\/fi\/tuote\/feandrea-pentujen-hygienia-alustat-60-x-60-cm-100-kpl\/","title":{"rendered":"Feandrea pentujen hygienia-alustat 60 x 60 cm 100 kpl"},"content":{"rendered":"<p>K\u00e4ytt\u00f6ohje: &#8211; Aseta hygieniaalusta sininen puoli alasp\u00e4in lattialle tai pentujen wc:hen (joka kerta samaan paikkaan). &#8211; Aseta lemmikkisi harjoitusalustalle heti, kun se alkaa nuuhkia sit\u00e4. &#8211; Aseta lemmikkisi alustalle my\u00f6s silloin, kun se on tehnyt tarpeensa muualle. Poista my\u00f6s siell\u00e4 oleva uloste ja virtsa mahdollisimman nopeasti ja poista hajut, muuten lemmikkisi tekee tarpeensa aina samaan paikkaan. &#8211; Joka kerta, kun lemmikkisi on tehnyt tarpeensa alustalle, palkitse se sen lempiruokalla. Lis\u00e4tietoja: &#8211; \u00c4l\u00e4 vahingoita alustoja veitsell\u00e4 tai muilla ter\u00e4vill\u00e4 esineill\u00e4, jotta vett\u00e4 imev\u00e4t hiukkaset eiv\u00e4t p\u00e4\u00e4se vuotamaan ja vahingoittamaan ymp\u00e4rist\u00f6\u00e4. Lis\u00e4ksi vauriot heikent\u00e4v\u00e4t tuotteen imukyky\u00e4. &#8211; Varmista, ett\u00e4 lemmikkisi ei ota Pee Pad -alustaa suuhunsa. &#8211; Pid\u00e4 lapset poissa harjoittelualustoista. Tuotteet eiv\u00e4t ole tarkoitettu ihmisten k\u00e4ytt\u00f6\u00f6n. &#8211; H\u00e4vit\u00e4 alustat asianmukaisesti k\u00e4yt\u00f6n j\u00e4lkeen, jotta v\u00e4lt\u00e4t ymp\u00e4rist\u00f6n pilaantumisen. &#8211; Opeta lemmikkisi tekem\u00e4\u00e4n tarpeensa mahdollisimman keskelle harjoittelualustaa. &#8211; N\u00e4iss\u00e4 hygieniaalustoissa ei ole teippi\u00e4, joten ne on helppo poistaa lattiasta ja h\u00e4vitt\u00e4\u00e4. Tuotetiedot: &#8211; Kokonaismitat: 60 x 60 cm &#8211; Imev\u00e4n puuvillaytimen mitat: 54 x 54 cm Toimitus sis\u00e4lt\u00e4\u00e4: &#8211; 1 x laatikko Pee Pad -alustoja (100 kpl)<\/p>\n","protected":false},"excerpt":{"rendered":"<p>Feandrea-koulutusmatot koiranpennuille, Puppy Training Pads, koiranpentujen wc, koiranpentujen alustat, 60 x 60 cm, 100 kpl PTD60B<\/p>\n","protected":false},"featured_media":45603,"comment_status":"open","ping_status":"closed","template":"","meta":[],"product_brand":[],"product_cat":[32],"product_tag":[],"class_list":{"0":"post-37738","1":"product","2":"type-product","3":"status-publish","4":"has-post-thumbnail","6":"product_cat-uncategorized-fi","8":"first","9":"instock","10":"shipping-taxable","11":"purchasable","12":"product-type-simple"},"_links":{"self":[{"href":"https:\/\/nordicmart.andreevmaster.com\/fi\/wp-json\/wp\/v2\/product\/37738","targetHints":{"allow":["GET"]}}],"collection":[{"href":"https:\/\/nordicmart.andreevmaster.com\/fi\/wp-json\/wp\/v2\/product"}],"about":[{"href":"https:\/\/nordicmart.andreevmaster.com\/fi\/wp-json\/wp\/v2\/types\/product"}],"replies":[{"embeddable":true,"href":"https:\/\/nordicmart.andreevmaster.com\/fi\/wp-json\/wp\/v2\/comments?post=37738"}],"wp:featuredmedia":[{"embeddable":true,"href":"https:\/\/nordicmart.andreevmaster.com\/fi\/wp-json\/wp\/v2\/media\/45603"}],"wp:attachment":[{"href":"https:\/\/nordicmart.andreevmaster.com\/fi\/wp-json\/wp\/v2\/media?parent=37738"}],"wp:term":[{"taxonomy":"product_brand","embeddable":true,"href":"https:\/\/nordicmart.andreevmaster.com\/fi\/wp-json\/wp\/v2\/product_brand?post=37738"},{"taxonomy":"product_cat","embeddable":true,"href":"https:\/\/nordicmart.andreevmaster.com\/fi\/wp-json\/wp\/v2\/product_cat?post=37738"},{"taxonomy":"product_tag","embeddable":true,"href":"https:\/\/nordicmart.andreevmaster.com\/fi\/wp-json\/wp\/v2\/product_tag?post=37738"}],"curies":[{"name":"wp","href":"https:\/\/api.w.org\/{rel}","templated":true}]}}