{"id":37736,"date":"2026-02-27T00:40:39","date_gmt":"2026-02-27T00:40:39","guid":{"rendered":"https:\/\/nordicmart.andreevmaster.com\/product\/feandrea-pesukelpoiset-pentualustat-152-x-122-cm-2-kpln-sarja-xl\/"},"modified":"2026-02-27T09:56:58","modified_gmt":"2026-02-27T09:56:58","slug":"feandrea-pesukelpoiset-pentualustat-152-x-122-cm-2-kpln-sarja-xl","status":"publish","type":"product","link":"https:\/\/nordicmart.andreevmaster.com\/fi\/tuote\/feandrea-pesukelpoiset-pentualustat-152-x-122-cm-2-kpln-sarja-xl\/","title":{"rendered":"Feandrea Pesukelpoiset pentualustat 152 x 122 cm 2 kpl:n sarja XL"},"content":{"rendered":"<p>Feandrea Pesukelpoiset koiranpentujen alustat, uudelleenk\u00e4ytett\u00e4v\u00e4t matot koirille, 152 x 122 cm, 2 kpl, XL, koiran wc, vuotamaton, luistamaton, eritt\u00e4in imukykyinen, kissat, kanit<br \/>\nV\u00e4ri: harmaa<br \/>\nMateriaali<br \/>\nEnsimm\u00e4inen kerros: polyesteripinta<br \/>\nToinen kerros: polyesterit\u00e4yte<br \/>\nKolmas kerros: vedenpit\u00e4v\u00e4 TPU (termoplastinen polyuretaani)<br \/>\nAlin kerros: polyesteri, kumipistokkeet<br \/>\nKoko: 152 x 122 cm (P x L)<br \/>\nKahden alustan paino: 1,9 kg<\/p>\n","protected":false},"excerpt":{"rendered":"<p>Feandrea Pesukelpoiset koiranpentujen alustat, uudelleenk\u00e4ytett\u00e4v\u00e4t matot koirille, 152 x 122 cm, 2 kpl, XL, koiran wc, vuotamaton, luistamaton, eritt\u00e4in imukykyinen, kissat, kanit<\/p>\n","protected":false},"featured_media":45601,"comment_status":"open","ping_status":"closed","template":"","meta":[],"product_brand":[],"product_cat":[32],"product_tag":[],"class_list":{"0":"post-37736","1":"product","2":"type-product","3":"status-publish","4":"has-post-thumbnail","6":"product_cat-uncategorized-fi","8":"first","9":"instock","10":"shipping-taxable","11":"purchasable","12":"product-type-simple"},"_links":{"self":[{"href":"https:\/\/nordicmart.andreevmaster.com\/fi\/wp-json\/wp\/v2\/product\/37736","targetHints":{"allow":["GET"]}}],"collection":[{"href":"https:\/\/nordicmart.andreevmaster.com\/fi\/wp-json\/wp\/v2\/product"}],"about":[{"href":"https:\/\/nordicmart.andreevmaster.com\/fi\/wp-json\/wp\/v2\/types\/product"}],"replies":[{"embeddable":true,"href":"https:\/\/nordicmart.andreevmaster.com\/fi\/wp-json\/wp\/v2\/comments?post=37736"}],"wp:featuredmedia":[{"embeddable":true,"href":"https:\/\/nordicmart.andreevmaster.com\/fi\/wp-json\/wp\/v2\/media\/45601"}],"wp:attachment":[{"href":"https:\/\/nordicmart.andreevmaster.com\/fi\/wp-json\/wp\/v2\/media?parent=37736"}],"wp:term":[{"taxonomy":"product_brand","embeddable":true,"href":"https:\/\/nordicmart.andreevmaster.com\/fi\/wp-json\/wp\/v2\/product_brand?post=37736"},{"taxonomy":"product_cat","embeddable":true,"href":"https:\/\/nordicmart.andreevmaster.com\/fi\/wp-json\/wp\/v2\/product_cat?post=37736"},{"taxonomy":"product_tag","embeddable":true,"href":"https:\/\/nordicmart.andreevmaster.com\/fi\/wp-json\/wp\/v2\/product_tag?post=37736"}],"curies":[{"name":"wp","href":"https:\/\/api.w.org\/{rel}","templated":true}]}}