{"id":37733,"date":"2026-02-27T00:40:37","date_gmt":"2026-02-27T00:40:37","guid":{"rendered":"https:\/\/nordicmart.andreevmaster.com\/product\/feandrea-pentujen-alustat-pestavat-122-x-61-cm-2-kpl-liukumaton-harmaa\/"},"modified":"2026-02-27T09:56:57","modified_gmt":"2026-02-27T09:56:57","slug":"feandrea-pentujen-alustat-pestavat-122-x-61-cm-2-kpl-liukumaton-harmaa","status":"publish","type":"product","link":"https:\/\/nordicmart.andreevmaster.com\/fi\/tuote\/feandrea-pentujen-alustat-pestavat-122-x-61-cm-2-kpl-liukumaton-harmaa\/","title":{"rendered":"Feandrea Pentujen alustat, pest\u00e4v\u00e4t 122 x 61 cm, 2 kpl, liukumaton, harmaa"},"content":{"rendered":"<p>Feandrea Pesukelpoiset pentualustat, uudelleenk\u00e4ytett\u00e4v\u00e4t matot koirille, 122 x 61 cm, 2 kpl, L, koiran wc, vuotamaton, luistamaton, eritt\u00e4in imukykyinen, marsut, hamsterit, harmaa PTD024G01<br \/>\nV\u00e4ri: harmaa<br \/>\nMateriaali<br \/>\nEnsimm\u00e4inen kerros: polyesteripinta<br \/>\nToinen kerros: polyesterit\u00e4yte<br \/>\nKolmas kerros: vedenpit\u00e4v\u00e4 TPU (termoplastinen polyuretaani)<br \/>\nAlin kerros: polyesteri, kumipistokkeet<br \/>\nKoko: 122 x 61 cm (P x L)<br \/>\nKahden alustan paino: 0,8 kg<\/p>\n","protected":false},"excerpt":{"rendered":"<p>Feandrea Pesukelpoiset pentualustat, uudelleenk\u00e4ytett\u00e4v\u00e4t matot koirille, 122 x 61 cm, 2 kpl, L, koiran wc, vuotamaton, luistamaton, eritt\u00e4in imukykyinen, marsut, hamsterit, harmaa PTD024G01<\/p>\n","protected":false},"featured_media":45598,"comment_status":"open","ping_status":"closed","template":"","meta":[],"product_brand":[],"product_cat":[32],"product_tag":[],"class_list":{"0":"post-37733","1":"product","2":"type-product","3":"status-publish","4":"has-post-thumbnail","6":"product_cat-uncategorized-fi","8":"first","9":"instock","10":"shipping-taxable","11":"purchasable","12":"product-type-simple"},"_links":{"self":[{"href":"https:\/\/nordicmart.andreevmaster.com\/fi\/wp-json\/wp\/v2\/product\/37733","targetHints":{"allow":["GET"]}}],"collection":[{"href":"https:\/\/nordicmart.andreevmaster.com\/fi\/wp-json\/wp\/v2\/product"}],"about":[{"href":"https:\/\/nordicmart.andreevmaster.com\/fi\/wp-json\/wp\/v2\/types\/product"}],"replies":[{"embeddable":true,"href":"https:\/\/nordicmart.andreevmaster.com\/fi\/wp-json\/wp\/v2\/comments?post=37733"}],"wp:featuredmedia":[{"embeddable":true,"href":"https:\/\/nordicmart.andreevmaster.com\/fi\/wp-json\/wp\/v2\/media\/45598"}],"wp:attachment":[{"href":"https:\/\/nordicmart.andreevmaster.com\/fi\/wp-json\/wp\/v2\/media?parent=37733"}],"wp:term":[{"taxonomy":"product_brand","embeddable":true,"href":"https:\/\/nordicmart.andreevmaster.com\/fi\/wp-json\/wp\/v2\/product_brand?post=37733"},{"taxonomy":"product_cat","embeddable":true,"href":"https:\/\/nordicmart.andreevmaster.com\/fi\/wp-json\/wp\/v2\/product_cat?post=37733"},{"taxonomy":"product_tag","embeddable":true,"href":"https:\/\/nordicmart.andreevmaster.com\/fi\/wp-json\/wp\/v2\/product_tag?post=37733"}],"curies":[{"name":"wp","href":"https:\/\/api.w.org\/{rel}","templated":true}]}}