{"id":37732,"date":"2026-02-27T00:40:37","date_gmt":"2026-02-27T00:40:37","guid":{"rendered":"https:\/\/nordicmart.andreevmaster.com\/product\/feandrea-koiranpentujen-alustat-pestavat-61-x-46-cm-2-kpln-sarja\/"},"modified":"2026-02-27T09:56:57","modified_gmt":"2026-02-27T09:56:57","slug":"feandrea-koiranpentujen-alustat-pestavat-61-x-46-cm-2-kpln-sarja","status":"publish","type":"product","link":"https:\/\/nordicmart.andreevmaster.com\/fi\/tuote\/feandrea-koiranpentujen-alustat-pestavat-61-x-46-cm-2-kpln-sarja\/","title":{"rendered":"Feandrea koiranpentujen alustat, pest\u00e4v\u00e4t, 61 x 46 cm, 2 kpl:n sarja"},"content":{"rendered":"<p>Feandrea Pesukelpoiset pentualustat, uudelleenk\u00e4ytett\u00e4v\u00e4t matot koirille, 61 x 46 cm, 2 kpl, S, koiran wc, vuotamaton, luistamaton, eritt\u00e4in imukykyinen, kissat, kanit, harmaa PTD018G01<br \/>\nV\u00e4ri: harmaa<br \/>\nMateriaali<br \/>\nEnsimm\u00e4inen kerros: polyesteripinta<br \/>\nToinen kerros: polyesterit\u00e4yte<br \/>\nKolmas kerros: Vedenpit\u00e4v\u00e4 TPU (termoplastinen polyuretaani)<br \/>\nAlin kerros: polyesteri, kumipistokkeet<br \/>\nKoko: 61 x 46 cm (P x L)<br \/>\nKahden alustan paino: 0,3 kg<\/p>\n","protected":false},"excerpt":{"rendered":"<p>Feandrea Pesukelpoiset pentualustat, uudelleenk\u00e4ytett\u00e4v\u00e4t matot koirille, 61 x 46 cm, 2 kpl, S, koiran wc, vuotamaton, luistamaton, eritt\u00e4in imukykyinen, kissat, kanit, harmaa PTD018G01<\/p>\n","protected":false},"featured_media":45597,"comment_status":"open","ping_status":"closed","template":"","meta":[],"product_brand":[],"product_cat":[32],"product_tag":[],"class_list":{"0":"post-37732","1":"product","2":"type-product","3":"status-publish","4":"has-post-thumbnail","6":"product_cat-uncategorized-fi","8":"first","9":"instock","10":"shipping-taxable","11":"purchasable","12":"product-type-simple"},"_links":{"self":[{"href":"https:\/\/nordicmart.andreevmaster.com\/fi\/wp-json\/wp\/v2\/product\/37732","targetHints":{"allow":["GET"]}}],"collection":[{"href":"https:\/\/nordicmart.andreevmaster.com\/fi\/wp-json\/wp\/v2\/product"}],"about":[{"href":"https:\/\/nordicmart.andreevmaster.com\/fi\/wp-json\/wp\/v2\/types\/product"}],"replies":[{"embeddable":true,"href":"https:\/\/nordicmart.andreevmaster.com\/fi\/wp-json\/wp\/v2\/comments?post=37732"}],"wp:featuredmedia":[{"embeddable":true,"href":"https:\/\/nordicmart.andreevmaster.com\/fi\/wp-json\/wp\/v2\/media\/45597"}],"wp:attachment":[{"href":"https:\/\/nordicmart.andreevmaster.com\/fi\/wp-json\/wp\/v2\/media?parent=37732"}],"wp:term":[{"taxonomy":"product_brand","embeddable":true,"href":"https:\/\/nordicmart.andreevmaster.com\/fi\/wp-json\/wp\/v2\/product_brand?post=37732"},{"taxonomy":"product_cat","embeddable":true,"href":"https:\/\/nordicmart.andreevmaster.com\/fi\/wp-json\/wp\/v2\/product_cat?post=37732"},{"taxonomy":"product_tag","embeddable":true,"href":"https:\/\/nordicmart.andreevmaster.com\/fi\/wp-json\/wp\/v2\/product_tag?post=37732"}],"curies":[{"name":"wp","href":"https:\/\/api.w.org\/{rel}","templated":true}]}}