{"id":37730,"date":"2026-02-27T00:40:36","date_gmt":"2026-02-27T00:40:36","guid":{"rendered":"https:\/\/nordicmart.andreevmaster.com\/product\/feandrea-pentujen-alustat-pestavat-2-kpln-sarja-152-x-122-cm-harmaansininen\/"},"modified":"2026-02-27T09:56:57","modified_gmt":"2026-02-27T09:56:57","slug":"feandrea-pentujen-alustat-pestavat-2-kpln-sarja-152-x-122-cm-harmaansininen","status":"publish","type":"product","link":"https:\/\/nordicmart.andreevmaster.com\/fi\/tuote\/feandrea-pentujen-alustat-pestavat-2-kpln-sarja-152-x-122-cm-harmaansininen\/","title":{"rendered":"Feandrea pentujen alustat, pest\u00e4v\u00e4t, 2 kpl:n sarja, 152 x 122 cm, harmaansininen"},"content":{"rendered":"<p>Feandrea koiranpeite, 2 kpl, uudelleenk\u00e4ytett\u00e4v\u00e4 koiranmatto, 61 x 46 cm, S, vedenpit\u00e4v\u00e4, vuotamaton, luistamaton, imukykyinen koirille, kissoille, kaneille, kyyhkynharmaa PTD001G01<br \/>\nV\u00e4ri: kyyhkynharmaa<br \/>\nMateriaali<br \/>\n1. kerros: 150 g\/m\u00b2 flanelli<br \/>\n2. kerros: polyesterit\u00e4yte<br \/>\n3. kerros: vedenpit\u00e4v\u00e4 TPU (termoplastinen polyuretaani)<br \/>\n4. kerros: polyesteri, luistamattomat kumipisteet<br \/>\nKunkin alustan koko: 152 x 122 cm (P x L)<br \/>\nKokonaispaino: 2,7 kg<\/p>\n","protected":false},"excerpt":{"rendered":"<p>Feandrea koiranpeite, 2 kpl, uudelleenk\u00e4ytett\u00e4v\u00e4 koiranmatto, 61 x 46 cm, S, vedenpit\u00e4v\u00e4, vuotamaton, luistamaton, imukykyinen koirille, kissoille, kaneille, kyyhkynharmaa PTD001G01<\/p>\n","protected":false},"featured_media":45595,"comment_status":"open","ping_status":"closed","template":"","meta":[],"product_brand":[],"product_cat":[32],"product_tag":[],"class_list":{"0":"post-37730","1":"product","2":"type-product","3":"status-publish","4":"has-post-thumbnail","6":"product_cat-uncategorized-fi","8":"first","9":"instock","10":"shipping-taxable","11":"purchasable","12":"product-type-simple"},"_links":{"self":[{"href":"https:\/\/nordicmart.andreevmaster.com\/fi\/wp-json\/wp\/v2\/product\/37730","targetHints":{"allow":["GET"]}}],"collection":[{"href":"https:\/\/nordicmart.andreevmaster.com\/fi\/wp-json\/wp\/v2\/product"}],"about":[{"href":"https:\/\/nordicmart.andreevmaster.com\/fi\/wp-json\/wp\/v2\/types\/product"}],"replies":[{"embeddable":true,"href":"https:\/\/nordicmart.andreevmaster.com\/fi\/wp-json\/wp\/v2\/comments?post=37730"}],"wp:featuredmedia":[{"embeddable":true,"href":"https:\/\/nordicmart.andreevmaster.com\/fi\/wp-json\/wp\/v2\/media\/45595"}],"wp:attachment":[{"href":"https:\/\/nordicmart.andreevmaster.com\/fi\/wp-json\/wp\/v2\/media?parent=37730"}],"wp:term":[{"taxonomy":"product_brand","embeddable":true,"href":"https:\/\/nordicmart.andreevmaster.com\/fi\/wp-json\/wp\/v2\/product_brand?post=37730"},{"taxonomy":"product_cat","embeddable":true,"href":"https:\/\/nordicmart.andreevmaster.com\/fi\/wp-json\/wp\/v2\/product_cat?post=37730"},{"taxonomy":"product_tag","embeddable":true,"href":"https:\/\/nordicmart.andreevmaster.com\/fi\/wp-json\/wp\/v2\/product_tag?post=37730"}],"curies":[{"name":"wp","href":"https:\/\/api.w.org\/{rel}","templated":true}]}}