{"id":37723,"date":"2026-02-27T00:40:35","date_gmt":"2026-02-27T00:40:35","guid":{"rendered":"https:\/\/nordicmart.andreevmaster.com\/product\/feandrea-koiranruokakuppi-bambutelineella-2-ruokakuppia-prb01n\/"},"modified":"2026-02-27T09:56:55","modified_gmt":"2026-02-27T09:56:55","slug":"feandrea-koiranruokakuppi-bambutelineella-2-ruokakuppia-prb01n","status":"publish","type":"product","link":"https:\/\/nordicmart.andreevmaster.com\/fi\/tuote\/feandrea-koiranruokakuppi-bambutelineella-2-ruokakuppia-prb01n\/","title":{"rendered":"Feandrea koiranruokakuppi bambutelineell\u00e4 2 ruokakuppia PRB01N"},"content":{"rendered":"<p>Tuotetiedot: V\u00e4ri: bambunv\u00e4rinen, hopea Materiaali: bambu, 304 ruostumaton ter\u00e4s Koko: 35 x 20 x 10 cm (P x L x K) Paino: 0,8 kg Toimitus sis\u00e4lt\u00e4\u00e4: 1 x ruokakuppi 1 x lis\u00e4varustepaketti 1 x ohjeet (DE, EN, IT, FR, ES) FEANDREA Huomautukset:Kallistuskulman vuoksi kulhoja ei voi t\u00e4ytt\u00e4\u00e4 kokonaan. T\u00e4yt\u00e4 ne vain 3\/4:\u00e4\u00e4n, jotta vesi ei l\u00e4iky tai ruoka putoa ulos. Poista vesi- tai ruokaj\u00e4\u00e4m\u00e4t bambutelineelt\u00e4 mahdollisimman pian. Sen tulee olla aina kuiva ja puhdas bakteerien kasvun est\u00e4miseksi. Kun avaat tuotteen pakkauksen, se saattaa tuoksua &#8221;uudelta&#8221;. \u00c4l\u00e4 huoli, k\u00e4ytetty lakka on turvallista. Aseta tuote vain hyvin tuuletettuun paikkaan, ja haju h\u00e4vi\u00e4\u00e4 muutamassa tunnissa. Toimitus sis\u00e4lt\u00e4\u00e4 liukumattomat alustat, jotta kulho ei liu&#8217;u. S\u00e4ilyt\u00e4 vara-alustat turvallisessa paikassa, jotta lemmikkisi ei voi niell\u00e4 niit\u00e4.<\/p>\n","protected":false},"excerpt":{"rendered":"<p>Feandrea koiranruokakuppi bamburungolla, 2 ruokakuppia koirille ja kissoille PRB01N<\/p>\n","protected":false},"featured_media":45588,"comment_status":"open","ping_status":"closed","template":"","meta":[],"product_brand":[],"product_cat":[32],"product_tag":[],"class_list":{"0":"post-37723","1":"product","2":"type-product","3":"status-publish","4":"has-post-thumbnail","6":"product_cat-uncategorized-fi","8":"first","9":"instock","10":"shipping-taxable","11":"purchasable","12":"product-type-simple"},"_links":{"self":[{"href":"https:\/\/nordicmart.andreevmaster.com\/fi\/wp-json\/wp\/v2\/product\/37723","targetHints":{"allow":["GET"]}}],"collection":[{"href":"https:\/\/nordicmart.andreevmaster.com\/fi\/wp-json\/wp\/v2\/product"}],"about":[{"href":"https:\/\/nordicmart.andreevmaster.com\/fi\/wp-json\/wp\/v2\/types\/product"}],"replies":[{"embeddable":true,"href":"https:\/\/nordicmart.andreevmaster.com\/fi\/wp-json\/wp\/v2\/comments?post=37723"}],"wp:featuredmedia":[{"embeddable":true,"href":"https:\/\/nordicmart.andreevmaster.com\/fi\/wp-json\/wp\/v2\/media\/45588"}],"wp:attachment":[{"href":"https:\/\/nordicmart.andreevmaster.com\/fi\/wp-json\/wp\/v2\/media?parent=37723"}],"wp:term":[{"taxonomy":"product_brand","embeddable":true,"href":"https:\/\/nordicmart.andreevmaster.com\/fi\/wp-json\/wp\/v2\/product_brand?post=37723"},{"taxonomy":"product_cat","embeddable":true,"href":"https:\/\/nordicmart.andreevmaster.com\/fi\/wp-json\/wp\/v2\/product_cat?post=37723"},{"taxonomy":"product_tag","embeddable":true,"href":"https:\/\/nordicmart.andreevmaster.com\/fi\/wp-json\/wp\/v2\/product_tag?post=37723"}],"curies":[{"name":"wp","href":"https:\/\/api.w.org\/{rel}","templated":true}]}}