{"id":37722,"date":"2026-02-27T00:40:34","date_gmt":"2026-02-27T00:40:34","guid":{"rendered":"https:\/\/nordicmart.andreevmaster.com\/product\/feandrea-korkeussaadettavat-ruokakuppit\/"},"modified":"2026-02-27T09:56:55","modified_gmt":"2026-02-27T09:56:55","slug":"feandrea-korkeussaadettavat-ruokakuppit","status":"publish","type":"product","link":"https:\/\/nordicmart.andreevmaster.com\/fi\/tuote\/feandrea-korkeussaadettavat-ruokakuppit\/","title":{"rendered":"Feandrea korkeuss\u00e4\u00e4dett\u00e4v\u00e4t ruokakuppit"},"content":{"rendered":"<p>N\u00e4in lemmikkisi voi hyvin Hemmottele p\u00f6rr\u00f6ist\u00e4 yst\u00e4v\u00e4\u00e4si t\u00e4ll\u00e4 korotetulla ruokakuppilla ja tarjoa sille ainutlaatuinen ruokailukokemus. Kolmiportaisen korkeuss\u00e4\u00e4d\u00f6n (6 cm, 16 cm ja 20 cm) ansiosta t\u00e4m\u00e4 kuppi sopii kissoille, koiranpennuille sek\u00e4 pienille ja keskikokoisille koiraroduille. Puhdas ruokailualue Pakkaukseen sis\u00e4ltyy 2 ruostumattomasta ter\u00e4ksest\u00e4 valmistettua ruokakuppia, joten voit helposti erottaa veden ja kuivaruoan toisistaan. Lis\u00e4ksi ruokakuppien korkeuden ansiosta ei ole suurta vaaraa, ett\u00e4 lemmikkisi sotkee koko lattian koiranruoalla. Bamburungolla varustettu ruokakuppi on my\u00f6s eritt\u00e4in helppo puhdistaa. Tuotetiedot: &#8211; V\u00e4ri: bambunv\u00e4rinen, hopea &#8211; Materiaali: bambu, 304 ruostumaton ter\u00e4s &#8211; Koko: 40 x 22 x 6\/16\/20 cm (P x L x K) &#8211; Paino: 1,8 kg Toimitus sis\u00e4lt\u00e4\u00e4:- 1 x ruokakuppi &#8211; 1 x lis\u00e4varustepaketti &#8211; 1 x ohjeet (DE, EN, IT, FR, ES) FEANDREA Huomautukset: &#8211; T\u00e4m\u00e4 tuote voidaan asentaa kolmeen eri korkeuteen (6 cm, 16 cm ja 20 cm), joten se sopii erikokoisille lemmikeille.- Poista vesi tai ruokaj\u00e4\u00e4m\u00e4t bamburungosta mahdollisimman pian. Sen tulee olla aina kuiva ja puhdas bakteerien kasvun est\u00e4miseksi. &#8211; Kun avaat tuotteen pakkauksen, se saattaa tuoksua &#8221;uudelta&#8221;. \u00c4l\u00e4 huoli, k\u00e4ytetty lakka on turvallista. Aseta tuote vain hyvin tuuletettuun paikkaan, niin tuoksu h\u00e4vi\u00e4\u00e4 muutamassa tunnissa.<\/p>\n","protected":false},"excerpt":{"rendered":"<p>Feandrea koiran- ja kissanruokakuppi, 2 ruokakuppia, bambu, korkeuss\u00e4\u00e4dett\u00e4v\u00e4 PRB004N01<\/p>\n","protected":false},"featured_media":45587,"comment_status":"open","ping_status":"closed","template":"","meta":[],"product_brand":[],"product_cat":[32],"product_tag":[],"class_list":{"0":"post-37722","1":"product","2":"type-product","3":"status-publish","4":"has-post-thumbnail","6":"product_cat-uncategorized-fi","8":"first","9":"instock","10":"shipping-taxable","11":"purchasable","12":"product-type-simple"},"_links":{"self":[{"href":"https:\/\/nordicmart.andreevmaster.com\/fi\/wp-json\/wp\/v2\/product\/37722","targetHints":{"allow":["GET"]}}],"collection":[{"href":"https:\/\/nordicmart.andreevmaster.com\/fi\/wp-json\/wp\/v2\/product"}],"about":[{"href":"https:\/\/nordicmart.andreevmaster.com\/fi\/wp-json\/wp\/v2\/types\/product"}],"replies":[{"embeddable":true,"href":"https:\/\/nordicmart.andreevmaster.com\/fi\/wp-json\/wp\/v2\/comments?post=37722"}],"wp:featuredmedia":[{"embeddable":true,"href":"https:\/\/nordicmart.andreevmaster.com\/fi\/wp-json\/wp\/v2\/media\/45587"}],"wp:attachment":[{"href":"https:\/\/nordicmart.andreevmaster.com\/fi\/wp-json\/wp\/v2\/media?parent=37722"}],"wp:term":[{"taxonomy":"product_brand","embeddable":true,"href":"https:\/\/nordicmart.andreevmaster.com\/fi\/wp-json\/wp\/v2\/product_brand?post=37722"},{"taxonomy":"product_cat","embeddable":true,"href":"https:\/\/nordicmart.andreevmaster.com\/fi\/wp-json\/wp\/v2\/product_cat?post=37722"},{"taxonomy":"product_tag","embeddable":true,"href":"https:\/\/nordicmart.andreevmaster.com\/fi\/wp-json\/wp\/v2\/product_tag?post=37722"}],"curies":[{"name":"wp","href":"https:\/\/api.w.org\/{rel}","templated":true}]}}