{"id":37720,"date":"2026-02-27T00:40:34","date_gmt":"2026-02-27T00:40:34","guid":{"rendered":"https:\/\/nordicmart.andreevmaster.com\/product\/feandrea-ruostumattomasta-teraksesta-valmistettu-kissanhiekkalaatikko-mukana-lapio-ja-harja-kyyhkynharmaa\/"},"modified":"2026-02-27T09:56:54","modified_gmt":"2026-02-27T09:56:54","slug":"feandrea-ruostumattomasta-teraksesta-valmistettu-kissanhiekkalaatikko-mukana-lapio-ja-harja-kyyhkynharmaa","status":"publish","type":"product","link":"https:\/\/nordicmart.andreevmaster.com\/fi\/tuote\/feandrea-ruostumattomasta-teraksesta-valmistettu-kissanhiekkalaatikko-mukana-lapio-ja-harja-kyyhkynharmaa\/","title":{"rendered":"Feandrea ruostumattomasta ter\u00e4ksest\u00e4 valmistettu kissanhiekkalaatikko, mukana lapio ja harja, kyyhkynharmaa"},"content":{"rendered":"<p>Feandrea kissanhiekkalaatikko ruostumaton ter\u00e4s, XL, kissanhiekkalaatikko kannella, lapio, harja ja 2 sis\u00e4\u00e4nk\u00e4ynti\u00e4, kissoille painoon 15 kg asti, kyyhkynharmaa PPT005G01<br \/>\nV\u00e4ri: kyyhkynharmaa<br \/>\nMateriaali: ruostumaton ter\u00e4s, PP (polypropeeni)<br \/>\nKoko: 61 x 41 x 36,5 cm (P x L x K)<br \/>\nPaino: 3,1 kg<br \/>\nYl\u00e4osan maks. staattinen kantavuus: 15 kg<\/p>\n","protected":false},"excerpt":{"rendered":"<p>Feandrea kissanhiekkalaatikko ruostumaton ter\u00e4s, XL, kissanhiekkalaatikko kannella, lapio, harja ja 2 sis\u00e4\u00e4nk\u00e4ynti\u00e4, kissoille painoon 15 kg asti, kyyhkynharmaa PPT005G01<\/p>\n","protected":false},"featured_media":45585,"comment_status":"open","ping_status":"closed","template":"","meta":[],"product_brand":[],"product_cat":[32],"product_tag":[],"class_list":{"0":"post-37720","1":"product","2":"type-product","3":"status-publish","4":"has-post-thumbnail","6":"product_cat-uncategorized-fi","8":"first","9":"instock","10":"shipping-taxable","11":"purchasable","12":"product-type-simple"},"_links":{"self":[{"href":"https:\/\/nordicmart.andreevmaster.com\/fi\/wp-json\/wp\/v2\/product\/37720","targetHints":{"allow":["GET"]}}],"collection":[{"href":"https:\/\/nordicmart.andreevmaster.com\/fi\/wp-json\/wp\/v2\/product"}],"about":[{"href":"https:\/\/nordicmart.andreevmaster.com\/fi\/wp-json\/wp\/v2\/types\/product"}],"replies":[{"embeddable":true,"href":"https:\/\/nordicmart.andreevmaster.com\/fi\/wp-json\/wp\/v2\/comments?post=37720"}],"wp:featuredmedia":[{"embeddable":true,"href":"https:\/\/nordicmart.andreevmaster.com\/fi\/wp-json\/wp\/v2\/media\/45585"}],"wp:attachment":[{"href":"https:\/\/nordicmart.andreevmaster.com\/fi\/wp-json\/wp\/v2\/media?parent=37720"}],"wp:term":[{"taxonomy":"product_brand","embeddable":true,"href":"https:\/\/nordicmart.andreevmaster.com\/fi\/wp-json\/wp\/v2\/product_brand?post=37720"},{"taxonomy":"product_cat","embeddable":true,"href":"https:\/\/nordicmart.andreevmaster.com\/fi\/wp-json\/wp\/v2\/product_cat?post=37720"},{"taxonomy":"product_tag","embeddable":true,"href":"https:\/\/nordicmart.andreevmaster.com\/fi\/wp-json\/wp\/v2\/product_tag?post=37720"}],"curies":[{"name":"wp","href":"https:\/\/api.w.org\/{rel}","templated":true}]}}