{"id":37718,"date":"2026-02-27T00:40:33","date_gmt":"2026-02-27T00:40:33","guid":{"rendered":"https:\/\/nordicmart.andreevmaster.com\/product\/feandrea-suuri-kissanhiekkalaatikko-korkeilla-sivuseinilla-ja-lapio-liuskekivi-harmaa\/"},"modified":"2026-02-27T09:56:54","modified_gmt":"2026-02-27T09:56:54","slug":"feandrea-suuri-kissanhiekkalaatikko-korkeilla-sivuseinilla-ja-lapio-liuskekivi-harmaa","status":"publish","type":"product","link":"https:\/\/nordicmart.andreevmaster.com\/fi\/tuote\/feandrea-suuri-kissanhiekkalaatikko-korkeilla-sivuseinilla-ja-lapio-liuskekivi-harmaa\/","title":{"rendered":"Feandrea suuri kissanhiekkalaatikko korkeilla sivuseinill\u00e4 ja lapio, liuskekivi harmaa"},"content":{"rendered":"<p>Feandrea raapimispuu, itsest\u00e4\u00e4n l\u00e4mpenevill\u00e4 peitteill\u00e4, suurille kissoille, kissapuu, 2 kissanharjaa, 9 \u00d8 11,1 cm paksua runkoa, suuret tasot, luola<br \/>\nV\u00e4ri: liuskekivi<br \/>\nMateriaali: PP-muovi (polypropeeni)<br \/>\nKoko: 64 x 76 x 33 cm (P x L x K)<br \/>\nPaino: 2,8 kg<\/p>\n","protected":false},"excerpt":{"rendered":"<p>Feandrea raapimispuu, itsest\u00e4\u00e4n l\u00e4mpenevill\u00e4 peitteill\u00e4, suurille kissoille, kissapuu, 2 kissanharjaa, 9 \u00d8 11,1 cm paksua runkoa, suuret tasot, luola<\/p>\n","protected":false},"featured_media":45583,"comment_status":"open","ping_status":"closed","template":"","meta":[],"product_brand":[],"product_cat":[32],"product_tag":[],"class_list":{"0":"post-37718","1":"product","2":"type-product","3":"status-publish","4":"has-post-thumbnail","6":"product_cat-uncategorized-fi","8":"first","9":"instock","10":"shipping-taxable","11":"purchasable","12":"product-type-simple"},"_links":{"self":[{"href":"https:\/\/nordicmart.andreevmaster.com\/fi\/wp-json\/wp\/v2\/product\/37718","targetHints":{"allow":["GET"]}}],"collection":[{"href":"https:\/\/nordicmart.andreevmaster.com\/fi\/wp-json\/wp\/v2\/product"}],"about":[{"href":"https:\/\/nordicmart.andreevmaster.com\/fi\/wp-json\/wp\/v2\/types\/product"}],"replies":[{"embeddable":true,"href":"https:\/\/nordicmart.andreevmaster.com\/fi\/wp-json\/wp\/v2\/comments?post=37718"}],"wp:featuredmedia":[{"embeddable":true,"href":"https:\/\/nordicmart.andreevmaster.com\/fi\/wp-json\/wp\/v2\/media\/45583"}],"wp:attachment":[{"href":"https:\/\/nordicmart.andreevmaster.com\/fi\/wp-json\/wp\/v2\/media?parent=37718"}],"wp:term":[{"taxonomy":"product_brand","embeddable":true,"href":"https:\/\/nordicmart.andreevmaster.com\/fi\/wp-json\/wp\/v2\/product_brand?post=37718"},{"taxonomy":"product_cat","embeddable":true,"href":"https:\/\/nordicmart.andreevmaster.com\/fi\/wp-json\/wp\/v2\/product_cat?post=37718"},{"taxonomy":"product_tag","embeddable":true,"href":"https:\/\/nordicmart.andreevmaster.com\/fi\/wp-json\/wp\/v2\/product_tag?post=37718"}],"curies":[{"name":"wp","href":"https:\/\/api.w.org\/{rel}","templated":true}]}}