{"id":37717,"date":"2026-02-27T00:40:33","date_gmt":"2026-02-27T00:40:33","guid":{"rendered":"https:\/\/nordicmart.andreevmaster.com\/product\/feandrea-kissanhiekka-astia-korkeilla-sivuseinilla-harmaansininen\/"},"modified":"2026-02-27T09:56:54","modified_gmt":"2026-02-27T09:56:54","slug":"feandrea-kissanhiekka-astia-korkeilla-sivuseinilla-harmaansininen","status":"publish","type":"product","link":"https:\/\/nordicmart.andreevmaster.com\/fi\/tuote\/feandrea-kissanhiekka-astia-korkeilla-sivuseinilla-harmaansininen\/","title":{"rendered":"Feandrea kissanhiekka-astia korkeilla sivuseinill\u00e4, harmaansininen"},"content":{"rendered":"<p>Feandrea kissanhiekkalaatikko, erityisen suuri kissan wc, korkeat sivusein\u00e4t, kissanhiekka-matto, s\u00e4ilytyslaatikko, lapio, suurille kissoille, kyyhkynharmaa PPT003G01<br \/>\nV\u00e4ri: kyyhkynharmaa<br \/>\nMateriaali: PP-muovi (polypropeeni)<br \/>\nKoko: 64 x 76 x 33 cm (P x L x K)<br \/>\nPaino: 2,8 kg<\/p>\n","protected":false},"excerpt":{"rendered":"<p>Feandrea kissanhiekkalaatikko, erityisen suuri kissan wc, korkeat sivusein\u00e4t, kissanhiekka-matto, s\u00e4ilytyslaatikko, lapio, suurille kissoille, kyyhkynharmaa PPT003G01<\/p>\n","protected":false},"featured_media":45582,"comment_status":"open","ping_status":"closed","template":"","meta":[],"product_brand":[],"product_cat":[32],"product_tag":[],"class_list":{"0":"post-37717","1":"product","2":"type-product","3":"status-publish","4":"has-post-thumbnail","6":"product_cat-uncategorized-fi","8":"first","9":"instock","10":"shipping-taxable","11":"purchasable","12":"product-type-simple"},"_links":{"self":[{"href":"https:\/\/nordicmart.andreevmaster.com\/fi\/wp-json\/wp\/v2\/product\/37717","targetHints":{"allow":["GET"]}}],"collection":[{"href":"https:\/\/nordicmart.andreevmaster.com\/fi\/wp-json\/wp\/v2\/product"}],"about":[{"href":"https:\/\/nordicmart.andreevmaster.com\/fi\/wp-json\/wp\/v2\/types\/product"}],"replies":[{"embeddable":true,"href":"https:\/\/nordicmart.andreevmaster.com\/fi\/wp-json\/wp\/v2\/comments?post=37717"}],"wp:featuredmedia":[{"embeddable":true,"href":"https:\/\/nordicmart.andreevmaster.com\/fi\/wp-json\/wp\/v2\/media\/45582"}],"wp:attachment":[{"href":"https:\/\/nordicmart.andreevmaster.com\/fi\/wp-json\/wp\/v2\/media?parent=37717"}],"wp:term":[{"taxonomy":"product_brand","embeddable":true,"href":"https:\/\/nordicmart.andreevmaster.com\/fi\/wp-json\/wp\/v2\/product_brand?post=37717"},{"taxonomy":"product_cat","embeddable":true,"href":"https:\/\/nordicmart.andreevmaster.com\/fi\/wp-json\/wp\/v2\/product_cat?post=37717"},{"taxonomy":"product_tag","embeddable":true,"href":"https:\/\/nordicmart.andreevmaster.com\/fi\/wp-json\/wp\/v2\/product_tag?post=37717"}],"curies":[{"name":"wp","href":"https:\/\/api.w.org\/{rel}","templated":true}]}}