{"id":37716,"date":"2026-02-27T00:40:33","date_gmt":"2026-02-27T00:40:33","guid":{"rendered":"https:\/\/nordicmart.andreevmaster.com\/product\/feandrea-kissanhiekkalaatikko-kannella-ja-ulosvedettavalla-tarjottimella-kyyhkynharmaa-liuskekivi\/"},"modified":"2026-02-27T09:56:53","modified_gmt":"2026-02-27T09:56:53","slug":"feandrea-kissanhiekkalaatikko-kannella-ja-ulosvedettavalla-tarjottimella-kyyhkynharmaa-liuskekivi","status":"publish","type":"product","link":"https:\/\/nordicmart.andreevmaster.com\/fi\/tuote\/feandrea-kissanhiekkalaatikko-kannella-ja-ulosvedettavalla-tarjottimella-kyyhkynharmaa-liuskekivi\/","title":{"rendered":"Feandrea kissanhiekkalaatikko kannella ja ulosvedett\u00e4v\u00e4ll\u00e4 tarjottimella, kyyhkynharmaa-liuskekivi"},"content":{"rendered":"<p>Feandrea kissanhiekkalaatikko, kissanwc XXL, kannella, ulosvedett\u00e4v\u00e4 tarjotin, lapio, harja, eri kokoisille kissoille, v\u00e4hemm\u00e4n j\u00e4lki\u00e4, kyyhkynharmaa-liuskekivi harmaa PPT002B01<br \/>\nV\u00e4ri: kyyhkynharmaa-liuskekivi<br \/>\nMateriaali: PP-muovi (polypropeeni)<br \/>\nKoko: 54 x 42,8 x 40 cm (P x L x K)<br \/>\nPaino: 3 kg<br \/>\nYl\u00e4osan maks. staattinen kantavuus: 15 kg<\/p>\n","protected":false},"excerpt":{"rendered":"<p>Feandrea kissanhiekkalaatikko, kissanwc XXL, kannella, ulosvedett\u00e4v\u00e4 tarjotin, lapio, harja, eri kokoisille kissoille, v\u00e4hemm\u00e4n j\u00e4lki\u00e4, kyyhkynharmaa-liuskekivi harmaa PPT002B01<\/p>\n","protected":false},"featured_media":45581,"comment_status":"open","ping_status":"closed","template":"","meta":[],"product_brand":[],"product_cat":[32],"product_tag":[],"class_list":{"0":"post-37716","1":"product","2":"type-product","3":"status-publish","4":"has-post-thumbnail","6":"product_cat-uncategorized-fi","8":"first","9":"instock","10":"shipping-taxable","11":"purchasable","12":"product-type-simple"},"_links":{"self":[{"href":"https:\/\/nordicmart.andreevmaster.com\/fi\/wp-json\/wp\/v2\/product\/37716","targetHints":{"allow":["GET"]}}],"collection":[{"href":"https:\/\/nordicmart.andreevmaster.com\/fi\/wp-json\/wp\/v2\/product"}],"about":[{"href":"https:\/\/nordicmart.andreevmaster.com\/fi\/wp-json\/wp\/v2\/types\/product"}],"replies":[{"embeddable":true,"href":"https:\/\/nordicmart.andreevmaster.com\/fi\/wp-json\/wp\/v2\/comments?post=37716"}],"wp:featuredmedia":[{"embeddable":true,"href":"https:\/\/nordicmart.andreevmaster.com\/fi\/wp-json\/wp\/v2\/media\/45581"}],"wp:attachment":[{"href":"https:\/\/nordicmart.andreevmaster.com\/fi\/wp-json\/wp\/v2\/media?parent=37716"}],"wp:term":[{"taxonomy":"product_brand","embeddable":true,"href":"https:\/\/nordicmart.andreevmaster.com\/fi\/wp-json\/wp\/v2\/product_brand?post=37716"},{"taxonomy":"product_cat","embeddable":true,"href":"https:\/\/nordicmart.andreevmaster.com\/fi\/wp-json\/wp\/v2\/product_cat?post=37716"},{"taxonomy":"product_tag","embeddable":true,"href":"https:\/\/nordicmart.andreevmaster.com\/fi\/wp-json\/wp\/v2\/product_tag?post=37716"}],"curies":[{"name":"wp","href":"https:\/\/api.w.org\/{rel}","templated":true}]}}