{"id":37712,"date":"2026-02-27T00:40:32","date_gmt":"2026-02-27T00:40:32","guid":{"rendered":"https:\/\/nordicmart.andreevmaster.com\/product\/feandrea-kissanhiekkalaatikko-kannella\/"},"modified":"2026-02-27T09:56:52","modified_gmt":"2026-02-27T09:56:52","slug":"feandrea-kissanhiekkalaatikko-kannella","status":"publish","type":"product","link":"https:\/\/nordicmart.andreevmaster.com\/fi\/tuote\/feandrea-kissanhiekkalaatikko-kannella\/","title":{"rendered":"Feandrea kissanhiekkalaatikko kannella"},"content":{"rendered":"<p>Tyydytt\u00e4\u00e4 jokaisen kissan &#8211; Arkaille kissoille: suljettu muotoilu tarjoaa kissallesi yksityisyytt\u00e4. &#8211; Suurille tai lihaville kissoille: t\u00e4m\u00e4 kissanhiekkalaatikko, johon p\u00e4\u00e4see ylh\u00e4\u00e4lt\u00e4, on tilava sis\u00e4lt\u00e4 ja sen yl\u00e4osa kest\u00e4\u00e4 jopa 15 kg:n painon. &#8211; &#8221;Kaivajille&#8221;: korkeat sein\u00e4t ja vuotamaton muotoilu est\u00e4v\u00e4t hiekan lent\u00e4misen lattialle. &#8211; Koiran kanssa asuville kissoille: Ovi pit\u00e4\u00e4 uteliaat koirat poissa. T\u00e4m\u00e4 helpottaa my\u00f6s omistajan el\u00e4m\u00e4\u00e4. &#8211; Helppo asennus: Kissan hiekkalaatikko on valmis asennettavaksi vain 5 minuutissa. &#8211; V\u00e4hemm\u00e4n j\u00e4lki\u00e4: Ritil\u00e4pohja pit\u00e4\u00e4 hiekan laatikossa ja helpottaa sinun ty\u00f6t\u00e4si. &#8211; Ei vuotoja: Laajennettu reuna laatikon yl\u00e4puolella ja suljettu pohja alla est\u00e4v\u00e4t hiekan tai virtsan p\u00e4\u00e4syn lattialle. &#8211; Helppo puhdistaa: Kiilt\u00e4v\u00e4 pinta hylkii likaa ja on helppo puhdistaa. Mukana toimitettu lapio ja harja ovat my\u00f6s hy\u00f6dyllisi\u00e4. &#8211; Kokoontaitettava ja kannettava: Kun kissanhiekka-astiaa ei k\u00e4ytet\u00e4 tai muutetaan, se voidaan taittaa kokoon tilaa s\u00e4\u00e4st\u00e4en ja vaivattomasti. Tuotetiedot:- V\u00e4ri: kaurapuuroinen l\u00e4mminharmaa &#8211; Materiaali: PP (polypropeeni), PC (polykarbonaatti) &#8211; Koko: 42,5 x 54,3 x 37,8 cm (P x L x K) &#8211; Paino: 3,4 kg &#8211; Maks. staattinen kantavuus yl\u00e4osassa: 15 kg Toimitus sis\u00e4lt\u00e4\u00e4:- 1 x kissanhiekkalaatikko &#8211; 1 x kissanhiekkakauha &#8211; 1 x harja &#8211; 1 x k\u00e4ytt\u00f6ohje FEANDREA-ohjeet: &#8211; Puhdista kissanhiekkalaatikko s\u00e4\u00e4nn\u00f6llisesti. &#8211; Noudata huolellisesti tuotteen kokoamisohjeita. Vahinkojen v\u00e4ltt\u00e4miseksi \u00e4l\u00e4 kokoa tai pura tuotetta v\u00e4kisin.<\/p>\n","protected":false},"excerpt":{"rendered":"<p>Feandrea kissanhiekkalaatikko, kissan wc, kannella, kissoille enint\u00e4\u00e4n 15 kg, kaurapuurov\u00e4rinen-l\u00e4mminharmaa<\/p>\n","protected":false},"featured_media":45577,"comment_status":"open","ping_status":"closed","template":"","meta":[],"product_brand":[],"product_cat":[32],"product_tag":[],"class_list":{"0":"post-37712","1":"product","2":"type-product","3":"status-publish","4":"has-post-thumbnail","6":"product_cat-uncategorized-fi","8":"first","9":"instock","10":"shipping-taxable","11":"purchasable","12":"product-type-simple"},"_links":{"self":[{"href":"https:\/\/nordicmart.andreevmaster.com\/fi\/wp-json\/wp\/v2\/product\/37712","targetHints":{"allow":["GET"]}}],"collection":[{"href":"https:\/\/nordicmart.andreevmaster.com\/fi\/wp-json\/wp\/v2\/product"}],"about":[{"href":"https:\/\/nordicmart.andreevmaster.com\/fi\/wp-json\/wp\/v2\/types\/product"}],"replies":[{"embeddable":true,"href":"https:\/\/nordicmart.andreevmaster.com\/fi\/wp-json\/wp\/v2\/comments?post=37712"}],"wp:featuredmedia":[{"embeddable":true,"href":"https:\/\/nordicmart.andreevmaster.com\/fi\/wp-json\/wp\/v2\/media\/45577"}],"wp:attachment":[{"href":"https:\/\/nordicmart.andreevmaster.com\/fi\/wp-json\/wp\/v2\/media?parent=37712"}],"wp:term":[{"taxonomy":"product_brand","embeddable":true,"href":"https:\/\/nordicmart.andreevmaster.com\/fi\/wp-json\/wp\/v2\/product_brand?post=37712"},{"taxonomy":"product_cat","embeddable":true,"href":"https:\/\/nordicmart.andreevmaster.com\/fi\/wp-json\/wp\/v2\/product_cat?post=37712"},{"taxonomy":"product_tag","embeddable":true,"href":"https:\/\/nordicmart.andreevmaster.com\/fi\/wp-json\/wp\/v2\/product_tag?post=37712"}],"curies":[{"name":"wp","href":"https:\/\/api.w.org\/{rel}","templated":true}]}}