{"id":37711,"date":"2026-02-27T00:40:32","date_gmt":"2026-02-27T00:40:32","guid":{"rendered":"https:\/\/nordicmart.andreevmaster.com\/product\/feandrea-kissanhiekkalaatikko-kannella-ja-lapioilla-tilava-antrasiitinharmaa-kyyhkynharmaa\/"},"modified":"2026-02-27T09:56:52","modified_gmt":"2026-02-27T09:56:52","slug":"feandrea-kissanhiekkalaatikko-kannella-ja-lapioilla-tilava-antrasiitinharmaa-kyyhkynharmaa","status":"publish","type":"product","link":"https:\/\/nordicmart.andreevmaster.com\/fi\/tuote\/feandrea-kissanhiekkalaatikko-kannella-ja-lapioilla-tilava-antrasiitinharmaa-kyyhkynharmaa\/","title":{"rendered":"Feandrea kissanhiekkalaatikko kannella ja lapioilla, tilava, antrasiitinharmaa-kyyhkynharmaa"},"content":{"rendered":"<p>Feandrea kissanhiekkalaatikko, kissan wc, kannella, kissoille enint\u00e4\u00e4n 15 kg, kaurapuurov\u00e4rinen-l\u00e4mminharmaa<br \/>\nV\u00e4ri: antrasiitinharmaa-kyyhkynharmaa<br \/>\nMateriaali: PP (polypropeeni), PC (polykarbonaatti)<br \/>\nKoko: 54,3 x 42,5 x 37,8 cm (P x L x K)<br \/>\nPaino: 3,4 kg<br \/>\nYl\u00e4osan maks. staattinen kantavuus: 15 kg<\/p>\n","protected":false},"excerpt":{"rendered":"<p>Feandrea kissanhiekkalaatikko, kissan wc, kannella, kissoille enint\u00e4\u00e4n 15 kg, kaurapuurov\u00e4rinen-l\u00e4mminharmaa<\/p>\n","protected":false},"featured_media":45576,"comment_status":"open","ping_status":"closed","template":"","meta":[],"product_brand":[],"product_cat":[32],"product_tag":[],"class_list":{"0":"post-37711","1":"product","2":"type-product","3":"status-publish","4":"has-post-thumbnail","6":"product_cat-uncategorized-fi","8":"first","9":"instock","10":"shipping-taxable","11":"purchasable","12":"product-type-simple"},"_links":{"self":[{"href":"https:\/\/nordicmart.andreevmaster.com\/fi\/wp-json\/wp\/v2\/product\/37711","targetHints":{"allow":["GET"]}}],"collection":[{"href":"https:\/\/nordicmart.andreevmaster.com\/fi\/wp-json\/wp\/v2\/product"}],"about":[{"href":"https:\/\/nordicmart.andreevmaster.com\/fi\/wp-json\/wp\/v2\/types\/product"}],"replies":[{"embeddable":true,"href":"https:\/\/nordicmart.andreevmaster.com\/fi\/wp-json\/wp\/v2\/comments?post=37711"}],"wp:featuredmedia":[{"embeddable":true,"href":"https:\/\/nordicmart.andreevmaster.com\/fi\/wp-json\/wp\/v2\/media\/45576"}],"wp:attachment":[{"href":"https:\/\/nordicmart.andreevmaster.com\/fi\/wp-json\/wp\/v2\/media?parent=37711"}],"wp:term":[{"taxonomy":"product_brand","embeddable":true,"href":"https:\/\/nordicmart.andreevmaster.com\/fi\/wp-json\/wp\/v2\/product_brand?post=37711"},{"taxonomy":"product_cat","embeddable":true,"href":"https:\/\/nordicmart.andreevmaster.com\/fi\/wp-json\/wp\/v2\/product_cat?post=37711"},{"taxonomy":"product_tag","embeddable":true,"href":"https:\/\/nordicmart.andreevmaster.com\/fi\/wp-json\/wp\/v2\/product_tag?post=37711"}],"curies":[{"name":"wp","href":"https:\/\/api.w.org\/{rel}","templated":true}]}}