{"id":37710,"date":"2026-02-27T00:40:31","date_gmt":"2026-02-27T00:40:31","guid":{"rendered":"https:\/\/nordicmart.andreevmaster.com\/product\/feandrea-koiran-aitaus-kahdeksankulmainen-musta\/"},"modified":"2026-02-27T09:56:52","modified_gmt":"2026-02-27T09:56:52","slug":"feandrea-koiran-aitaus-kahdeksankulmainen-musta","status":"publish","type":"product","link":"https:\/\/nordicmart.andreevmaster.com\/fi\/tuote\/feandrea-koiran-aitaus-kahdeksankulmainen-musta\/","title":{"rendered":"Feandrea koiran aitaus  kahdeksankulmainen musta"},"content":{"rendered":"<p>Tuotekuvaus:  Koiranpentujen aitaus on valmistettu tukevasta metallilangasta ja paksusta nelikulmaisesta putkesta, ja sit\u00e4 voidaan k\u00e4ytt\u00e4\u00e4 monipuolisesti. FEANDREA:n aitausverkossa lemmikkisi voi nauttia ulkoilmasta! Koiranpentujen aitaus tarjoaa riitt\u00e4v\u00e4sti tilaa, jotta koiranpennut voivat leikki\u00e4, nukkua tai halata siell\u00e4. Se on visuaalisesti miellytt\u00e4v\u00e4 ja kest\u00e4v\u00e4, lis\u00e4ksi se on hyvin tuuletettu ja tarjoaa esteett\u00f6m\u00e4n n\u00e4kym\u00e4n lemmikkiin. Huomautus:  &#8211; Manuaalisessa mittauksessa voi olla noin 1\u20132 cm:n poikkeamia. Mittaa ennen ostamista huolellisesti lemmikkisi koko, rinnan ymp\u00e4rysmitta ja vy\u00f6t\u00e4r\u00f6n ymp\u00e4rysmitta. Tuotetiedot: &#8211; Materiaali: rautaputki  &#8211; V\u00e4ri: musta (PPK88H) &#8211; Jokaisen ritil\u00e4n mitat: 77 x 80 cm &#8211; Mitat suorakulmaisessa muodossa: noin 246 x 83 cm &#8211; Kahdeksankulmion diagonaali: 210 cm &#8211; Kahdeksankulmion vastakkaisten sivujen v\u00e4linen et\u00e4isyys: 200 cm &#8211; Neli\u00f6n mitat: 163 x 163 cm &#8211; Oven mitat: 32 x 62 cm &#8211; Silm\u00e4koko: noin 3,8 x 15 cm Toimitus sis\u00e4lt\u00e4\u00e4:  &#8211; 1 x pentuaita (7 x ritil\u00e4elementti ilman ovea, 1 x ritil\u00e4elementti ovella)  &#8211; 8 x tankoa tukevampaan kiinnitykseen maahan  &#8211; 1 x ohjeet (DE, FR, EN, IT, ES)<\/p>\n","protected":false},"excerpt":{"rendered":"<p>Feandrea koiranpentujen ulkoilutusalue koiranpentujen aitaus el\u00e4inten aitaus vapaa-aitaus koiran aitaus koiranpentujen aitaus koirien aitaus kanien ja pienten lemmikkien aitaus 8-kulmainen musta 80 x 80 cm PPK88H<\/p>\n","protected":false},"featured_media":45575,"comment_status":"open","ping_status":"closed","template":"","meta":[],"product_brand":[],"product_cat":[32],"product_tag":[],"class_list":{"0":"post-37710","1":"product","2":"type-product","3":"status-publish","4":"has-post-thumbnail","6":"product_cat-uncategorized-fi","8":"first","9":"instock","10":"shipping-taxable","11":"purchasable","12":"product-type-simple"},"_links":{"self":[{"href":"https:\/\/nordicmart.andreevmaster.com\/fi\/wp-json\/wp\/v2\/product\/37710","targetHints":{"allow":["GET"]}}],"collection":[{"href":"https:\/\/nordicmart.andreevmaster.com\/fi\/wp-json\/wp\/v2\/product"}],"about":[{"href":"https:\/\/nordicmart.andreevmaster.com\/fi\/wp-json\/wp\/v2\/types\/product"}],"replies":[{"embeddable":true,"href":"https:\/\/nordicmart.andreevmaster.com\/fi\/wp-json\/wp\/v2\/comments?post=37710"}],"wp:featuredmedia":[{"embeddable":true,"href":"https:\/\/nordicmart.andreevmaster.com\/fi\/wp-json\/wp\/v2\/media\/45575"}],"wp:attachment":[{"href":"https:\/\/nordicmart.andreevmaster.com\/fi\/wp-json\/wp\/v2\/media?parent=37710"}],"wp:term":[{"taxonomy":"product_brand","embeddable":true,"href":"https:\/\/nordicmart.andreevmaster.com\/fi\/wp-json\/wp\/v2\/product_brand?post=37710"},{"taxonomy":"product_cat","embeddable":true,"href":"https:\/\/nordicmart.andreevmaster.com\/fi\/wp-json\/wp\/v2\/product_cat?post=37710"},{"taxonomy":"product_tag","embeddable":true,"href":"https:\/\/nordicmart.andreevmaster.com\/fi\/wp-json\/wp\/v2\/product_tag?post=37710"}],"curies":[{"name":"wp","href":"https:\/\/api.w.org\/{rel}","templated":true}]}}