{"id":37709,"date":"2026-02-27T00:40:31","date_gmt":"2026-02-27T00:40:31","guid":{"rendered":"https:\/\/nordicmart.andreevmaster.com\/product\/feandrea-koiranpentujen-ulkoaitaus-8-ritilalevylla\/"},"modified":"2026-02-27T09:56:52","modified_gmt":"2026-02-27T09:56:52","slug":"feandrea-koiranpentujen-ulkoaitaus-8-ritilalevylla","status":"publish","type":"product","link":"https:\/\/nordicmart.andreevmaster.com\/fi\/tuote\/feandrea-koiranpentujen-ulkoaitaus-8-ritilalevylla\/","title":{"rendered":"Feandrea koiranpentujen ulkoaitaus 8 ritil\u00e4levyll\u00e4"},"content":{"rendered":"<p>Vapauden tunne turvallisissa olosuhteissaT\u00e4m\u00e4n koiranpentujen aitauksen metallitangot ovat py\u00f6ristettyj\u00e4, jotta pikku yst\u00e4v\u00e4si ei voi loukata itse\u00e4\u00e4n leikkiess\u00e4\u00e4n. Liitostangot voidaan my\u00f6s kiinnitt\u00e4\u00e4 maahan, jos k\u00e4yt\u00e4t aitausta puutarhassa. T\u00e4m\u00e4 lis\u00e4\u00e4 aitauksen vakautta entisest\u00e4\u00e4n. \u00c4l\u00e4 huoli s\u00e4ilytyksest\u00e4 Koska koiran h\u00e4kki koostuu vain 8 osasta, voit koota ja purkaa sen helposti ja nopeasti ilman ty\u00f6kaluja. Tarvitset vain 8 osaa. Tarvitset vain 8 osaa. Tarvitset vain 8 osaa. Tarvitset vain 8 osaa. Tarvitset vain 8 osaa. Tarvitset vain 8 osaa. Tarvitset vain 8 osaa. Tarvitset vain 8 osaa. Tarvitset vain 8 osaa. Tarvitset vain 8 osaa. Tarvitset vain 8 osaa. Tarvitset vain 8 osaa. Tarvitset vain 8 osaa. Tarvitset vain 8 osaa. Tarv 77 x 80 cm &#8211; Mitat suorakulmaisessa muodossa: noin 246 x 83 cm &#8211; Diagonaali kahdeksankulmaisessa muodossa: 210 cm &#8211; Vastakkaisten sivujen v\u00e4linen et\u00e4isyys kahdeksankulmaisessa muodossa: 200 cm &#8211; Mitat neli\u00f6n\u00e4: 163 x 163 cm &#8211; Oven mitat: 32 x 62 cm &#8211; Silm\u00e4koko: noin 3,8 x 15 cm Toimitus sis\u00e4lt\u00e4\u00e4: &#8211; 1 x ulkoaitaus &#8211; 8 x liitosputki &#8211; 8 x muovikorkki &#8211; 1 x ohjeet (DE, EN, FR, ES, IT) FEANDREA Huomautukset: &#8211; Lemmikit saavat oleskella pentuaidassa vain ilman kaulapantaa ja talutushihnaa. Muussa tapauksessa on tukehtumisvaara! &#8211; Mittaa lemmikkisi ennen t\u00e4m\u00e4n tuotteen tilaamista, jotta v\u00e4lt\u00e4t sopimattoman h\u00e4kkikoon. &#8211; T\u00e4m\u00e4 tuote ei ole lelu. \u00c4l\u00e4 anna lasten k\u00e4ytt\u00e4\u00e4 sit\u00e4 leluna. &#8211; Aseta tuote tasaiselle alustalle.<\/p>\n","protected":false},"excerpt":{"rendered":"<p>Feandrea koiranpentujen ulkoilutusalue koiranpentujen aitaus el\u00e4inten aitaus vapaa-aitaus koiran aitaus koiranpentujen aitaus koirien aitaus kanien ja pienten lemmikkien aitaus 8-kulmainen musta 80 x 80 cm PPK88H<\/p>\n","protected":false},"featured_media":45574,"comment_status":"open","ping_status":"closed","template":"","meta":[],"product_brand":[],"product_cat":[32],"product_tag":[],"class_list":{"0":"post-37709","1":"product","2":"type-product","3":"status-publish","4":"has-post-thumbnail","6":"product_cat-uncategorized-fi","8":"first","9":"instock","10":"shipping-taxable","11":"purchasable","12":"product-type-simple"},"_links":{"self":[{"href":"https:\/\/nordicmart.andreevmaster.com\/fi\/wp-json\/wp\/v2\/product\/37709","targetHints":{"allow":["GET"]}}],"collection":[{"href":"https:\/\/nordicmart.andreevmaster.com\/fi\/wp-json\/wp\/v2\/product"}],"about":[{"href":"https:\/\/nordicmart.andreevmaster.com\/fi\/wp-json\/wp\/v2\/types\/product"}],"replies":[{"embeddable":true,"href":"https:\/\/nordicmart.andreevmaster.com\/fi\/wp-json\/wp\/v2\/comments?post=37709"}],"wp:featuredmedia":[{"embeddable":true,"href":"https:\/\/nordicmart.andreevmaster.com\/fi\/wp-json\/wp\/v2\/media\/45574"}],"wp:attachment":[{"href":"https:\/\/nordicmart.andreevmaster.com\/fi\/wp-json\/wp\/v2\/media?parent=37709"}],"wp:term":[{"taxonomy":"product_brand","embeddable":true,"href":"https:\/\/nordicmart.andreevmaster.com\/fi\/wp-json\/wp\/v2\/product_brand?post=37709"},{"taxonomy":"product_cat","embeddable":true,"href":"https:\/\/nordicmart.andreevmaster.com\/fi\/wp-json\/wp\/v2\/product_cat?post=37709"},{"taxonomy":"product_tag","embeddable":true,"href":"https:\/\/nordicmart.andreevmaster.com\/fi\/wp-json\/wp\/v2\/product_tag?post=37709"}],"curies":[{"name":"wp","href":"https:\/\/api.w.org\/{rel}","templated":true}]}}