{"id":37707,"date":"2026-02-27T00:40:31","date_gmt":"2026-02-27T00:40:31","guid":{"rendered":"https:\/\/nordicmart.andreevmaster.com\/product\/feandrea-8-kulmainen-pentuaita\/"},"modified":"2026-02-27T09:56:52","modified_gmt":"2026-02-27T09:56:52","slug":"feandrea-8-kulmainen-pentuaita","status":"publish","type":"product","link":"https:\/\/nordicmart.andreevmaster.com\/fi\/tuote\/feandrea-8-kulmainen-pentuaita\/","title":{"rendered":"Feandrea 8-kulmainen pentuaita"},"content":{"rendered":"<p>T\u00e4m\u00e4n FEANDREA-pentuaidan avulla lemmikkisi voi nauttia ulkoilmasta! Huolellisesti suunnitellun rakenteensa ansiosta koirankoppi on helppo koota ja purkaa ilman ty\u00f6kaluja. Ritil\u00e4sein\u00e4t liitet\u00e4\u00e4n toisiinsa tangoilla, jotka voidaan kiinnitt\u00e4\u00e4 maahan, jolloin koppi on riitt\u00e4v\u00e4n vakaa. Ovi on suuri ja mahdollistaa nopean ja helpon p\u00e4\u00e4syn el\u00e4inten luo. Kaksinkertainen lukitus ja kaksi salpaa ovessa takaavat lis\u00e4 turvallisuuden. Aita on joustavasti muunneltavissa. Voit ostaa useita kappaleita ja yhdist\u00e4\u00e4 ritil\u00e4t toisiinsa haluamallasi tavalla suuremmaksi aitaksi tai aidaksi.Pennun ulkoilutusalue tarjoaa riitt\u00e4v\u00e4sti tilaa, jotta pennut voivat leikki\u00e4, nukkua tai halata siell\u00e4. T\u00e4m\u00e4 1 m korkea aita on optimaalisen korkea, lis\u00e4ksi se on hyvin tuuletettu ja tarjoaa esteett\u00f6m\u00e4n n\u00e4kym\u00e4n el\u00e4imeen. Tuotetiedot: &#8211; Materiaali: rautaputki &#8211; V\u00e4ri: harmaa (PPK86G) &#8211; Kunkin ritil\u00e4n mitat: 77 x 60 cm &#8211; Mitat suorakulmaisessa muodossa: noin 246 x 83 cm &#8211; Diagonaali kahdeksankulmaisessa muodossa: 210 cm &#8211; Et\u00e4isyys vastakkaisista sivuista kahdeksankulmaisessa muodossa: 200 cm &#8211; Mitat neli\u00f6ss\u00e4: 163 x 163 cm &#8211; Oven mitat: 32 x 45 cm &#8211; Silm\u00e4koko: noin 3,8 x 14 cm &#8211; Nettopaino: 14,8 kg Toimitus sis\u00e4lt\u00e4\u00e4:- 1 x pentuaita (7 x ritil\u00e4elementti\u00e4 ilman ovea, 1 x ritil\u00e4elementti ovella) &#8211; 8 x tankoa tukevampaan kiinnitykseen maahan &#8211; 1 x ohjeet (ES, EN, DE, FR, IT) Huomautukset: Manuaalisessa mittauksessa voi esiinty\u00e4 noin 1\u20132 cm:n poikkeamia. Mittaa ennen ostamista huolellisesti lemmikkisi koko, rinnan ymp\u00e4rysmitta ja vy\u00f6t\u00e4r\u00f6n ymp\u00e4rysmitta.<\/p>\n","protected":false},"excerpt":{"rendered":"<p>Feandrea pentujen ulkoilutush\u00e4kki pentujen leikkikeh\u00e4 el\u00e4inten leikkikeh\u00e4 vapaa-ajan aitaus koirien leikkikeh\u00e4 pentujen aita sulkukaide aita ritil\u00e4 pentujen j\u00e4nikset kanit 8-kulmainen musta 77 x 60 cm PPK86H<\/p>\n","protected":false},"featured_media":45572,"comment_status":"open","ping_status":"closed","template":"","meta":[],"product_brand":[],"product_cat":[32],"product_tag":[],"class_list":{"0":"post-37707","1":"product","2":"type-product","3":"status-publish","4":"has-post-thumbnail","6":"product_cat-uncategorized-fi","8":"first","9":"instock","10":"shipping-taxable","11":"purchasable","12":"product-type-simple"},"_links":{"self":[{"href":"https:\/\/nordicmart.andreevmaster.com\/fi\/wp-json\/wp\/v2\/product\/37707","targetHints":{"allow":["GET"]}}],"collection":[{"href":"https:\/\/nordicmart.andreevmaster.com\/fi\/wp-json\/wp\/v2\/product"}],"about":[{"href":"https:\/\/nordicmart.andreevmaster.com\/fi\/wp-json\/wp\/v2\/types\/product"}],"replies":[{"embeddable":true,"href":"https:\/\/nordicmart.andreevmaster.com\/fi\/wp-json\/wp\/v2\/comments?post=37707"}],"wp:featuredmedia":[{"embeddable":true,"href":"https:\/\/nordicmart.andreevmaster.com\/fi\/wp-json\/wp\/v2\/media\/45572"}],"wp:attachment":[{"href":"https:\/\/nordicmart.andreevmaster.com\/fi\/wp-json\/wp\/v2\/media?parent=37707"}],"wp:term":[{"taxonomy":"product_brand","embeddable":true,"href":"https:\/\/nordicmart.andreevmaster.com\/fi\/wp-json\/wp\/v2\/product_brand?post=37707"},{"taxonomy":"product_cat","embeddable":true,"href":"https:\/\/nordicmart.andreevmaster.com\/fi\/wp-json\/wp\/v2\/product_cat?post=37707"},{"taxonomy":"product_tag","embeddable":true,"href":"https:\/\/nordicmart.andreevmaster.com\/fi\/wp-json\/wp\/v2\/product_tag?post=37707"}],"curies":[{"name":"wp","href":"https:\/\/api.w.org\/{rel}","templated":true}]}}