{"id":37705,"date":"2026-02-27T00:40:30","date_gmt":"2026-02-27T00:40:30","guid":{"rendered":"https:\/\/nordicmart.andreevmaster.com\/product\/feandrea-8-kulmainen-ulkoaitaus\/"},"modified":"2026-02-27T09:56:51","modified_gmt":"2026-02-27T09:56:51","slug":"feandrea-8-kulmainen-ulkoaitaus","status":"publish","type":"product","link":"https:\/\/nordicmart.andreevmaster.com\/fi\/tuote\/feandrea-8-kulmainen-ulkoaitaus\/","title":{"rendered":"Feandrea 8-kulmainen ulkoaitaus"},"content":{"rendered":"<p>Tuotekuvaus: Ajattele, kuinka mukava koirallasi on t\u00e4ss\u00e4 FEANDREAn tilavassa ulkoaitauksessa! Lemmikit ovat t\u00e4ynn\u00e4 energiaa ja haluavat purkaa sit\u00e4, mutta ne tarvitsevat my\u00f6s kiinte\u00e4t rajat. Tiukan h\u00e4kin vaihtoehtona kehitetty ulkoaitaus mahdollistaa riehakkaan leikin turvallisessa ymp\u00e4rist\u00f6ss\u00e4.  Vapauden tunne turvallisissa olosuhteissa T\u00e4m\u00e4n koiranpentujen ulkoilutilan metallitangot ovat py\u00f6ristettyj\u00e4, jotta pikku yst\u00e4v\u00e4si ei voi loukata itse\u00e4\u00e4n leikkiess\u00e4\u00e4n. Liitostangot voidaan my\u00f6s kiinnitt\u00e4\u00e4 maahan, jos k\u00e4yt\u00e4t aitausta puutarhassa. T\u00e4m\u00e4 lis\u00e4\u00e4 aitauksen vakautta. \u00c4l\u00e4 huoli s\u00e4ilytyksest\u00e4 Koska koiran h\u00e4kki koostuu vain 8 osasta, voit koota ja purkaa sen helposti ja nopeasti ilman ty\u00f6kaluja. Aitaus on my\u00f6s helppo kuljettaa tavaratilassa. Tuotetiedot: &#8211; V\u00e4ri: harmaa &#8211; Materiaali: metalli &#8211; H\u00e4kkiosan koko: 77 x 100 cm (L x K) &#8211; Oven koko: 32 x 82 cm (L x K) &#8211; Suorakulmaisen rakenteen koko: 235 x 77 x 100 cm (P x L x K) &#8211; Neli\u00f6nmuotoisen rakenteen koko: 157 x 157 x 100 cm (P x L x K) &#8211; Paino: 21,3 kgToimitus sis\u00e4lt\u00e4\u00e4:- 1 x h\u00e4kki- 8 x liitosputki- 8 x muovikorkki- 1 x ohjeet (DE, EN, FR, ES, IT)FEANDREA Huomautukset:- Mittaa lemmikkisi ennen t\u00e4m\u00e4n tuotteen tilaamista, jotta v\u00e4lt\u00e4t sopimatonta h\u00e4kkikokoa.- T\u00e4m\u00e4 tuote ei ole lelu. \u00c4l\u00e4 anna lasten k\u00e4ytt\u00e4\u00e4 sit\u00e4 leluna. &#8211; Aseta tuote tasaiselle alustalle. EAN: 6955880353286<\/p>\n","protected":false},"excerpt":{"rendered":"<p>Feandrea pentujen ulkoiluteline pentujen leikkikeh\u00e4 el\u00e4inten leikkikeh\u00e4 vapaa-ajan aitaus koirien leikkikeh\u00e4 pentujen aita sulkukaide aita ritil\u00e4 pentujen j\u00e4nikset kanit 8-kulmainen musta 77 x 100 cm PPK81H<\/p>\n","protected":false},"featured_media":45570,"comment_status":"open","ping_status":"closed","template":"","meta":[],"product_brand":[],"product_cat":[32],"product_tag":[],"class_list":{"0":"post-37705","1":"product","2":"type-product","3":"status-publish","4":"has-post-thumbnail","6":"product_cat-uncategorized-fi","8":"first","9":"instock","10":"shipping-taxable","11":"purchasable","12":"product-type-simple"},"_links":{"self":[{"href":"https:\/\/nordicmart.andreevmaster.com\/fi\/wp-json\/wp\/v2\/product\/37705","targetHints":{"allow":["GET"]}}],"collection":[{"href":"https:\/\/nordicmart.andreevmaster.com\/fi\/wp-json\/wp\/v2\/product"}],"about":[{"href":"https:\/\/nordicmart.andreevmaster.com\/fi\/wp-json\/wp\/v2\/types\/product"}],"replies":[{"embeddable":true,"href":"https:\/\/nordicmart.andreevmaster.com\/fi\/wp-json\/wp\/v2\/comments?post=37705"}],"wp:featuredmedia":[{"embeddable":true,"href":"https:\/\/nordicmart.andreevmaster.com\/fi\/wp-json\/wp\/v2\/media\/45570"}],"wp:attachment":[{"href":"https:\/\/nordicmart.andreevmaster.com\/fi\/wp-json\/wp\/v2\/media?parent=37705"}],"wp:term":[{"taxonomy":"product_brand","embeddable":true,"href":"https:\/\/nordicmart.andreevmaster.com\/fi\/wp-json\/wp\/v2\/product_brand?post=37705"},{"taxonomy":"product_cat","embeddable":true,"href":"https:\/\/nordicmart.andreevmaster.com\/fi\/wp-json\/wp\/v2\/product_cat?post=37705"},{"taxonomy":"product_tag","embeddable":true,"href":"https:\/\/nordicmart.andreevmaster.com\/fi\/wp-json\/wp\/v2\/product_tag?post=37705"}],"curies":[{"name":"wp","href":"https:\/\/api.w.org\/{rel}","templated":true}]}}