{"id":37704,"date":"2026-02-27T00:40:30","date_gmt":"2026-02-27T00:40:30","guid":{"rendered":"https:\/\/nordicmart.andreevmaster.com\/product\/feandrea-koiranpentujen-aitaus\/"},"modified":"2026-02-27T09:56:51","modified_gmt":"2026-02-27T09:56:51","slug":"feandrea-koiranpentujen-aitaus","status":"publish","type":"product","link":"https:\/\/nordicmart.andreevmaster.com\/fi\/tuote\/feandrea-koiranpentujen-aitaus\/","title":{"rendered":"Feandrea koiranpentujen aitaus"},"content":{"rendered":"<p>Oma nelj\u00e4 sein\u00e4\u00e4 lemmikillesi. Lis\u00e4ksi se voidaan taittaa kokoon tilaa s\u00e4\u00e4st\u00e4v\u00e4\u00e4n muotoon. FEANDREA:n korkealaatuinen lemmikkien aitaus, joka koostuu nelj\u00e4st\u00e4 ritil\u00e4sivusta, on optimaalinen valinta sinulle. T\u00e4m\u00e4 pentuaita tarjoaa tarpeeksi tilaa lelujen ja koiran tyynyjen sijoittamiseen ja tuo siten paljon iloa koirallesi. K\u00e4yt\u00e4nn\u00f6llisen muotoilunsa ansiosta se on nopea koota ja purkaa ilman ty\u00f6kaluja. Lis\u00e4ksi se voidaan taittaa kokoon tilaa s\u00e4\u00e4st\u00e4en. Tuotetiedot: &#8211; Materiaali: rautaputki &#8211; V\u00e4ri: musta (PPK74H) &#8211; Mitat: 122 x 70 x 80 cm (L x K x S) &#8211; Jokaisen verkon mitat: 120 x 70 cm, 75 x 70 cm &#8211; Oven mitat: 57 x 54 cm &#8211; Silm\u00e4koko: 3,8 x 14 cm &#8211; Nettopaino: 11 kg Toimitus sis\u00e4lt\u00e4\u00e4:- 1 x pentujen ulkoilutush\u00e4kki &#8211; 1 x k\u00e4ytt\u00f6ohje (DE, EN, IT, FR, ES) Huomautukset: Tuote ei ole leikkiv\u00e4line, \u00e4l\u00e4 anna lasten leikki\u00e4 sill\u00e4. K\u00e4yt\u00e4 tuotetta vain tasaisella alustalla. Mittaa ennen ostamista huolellisesti lemmikkisi koko, rinnan ymp\u00e4rysmitta ja vy\u00f6t\u00e4r\u00f6n ymp\u00e4rysmitta.<\/p>\n","protected":false},"excerpt":{"rendered":"<p>Feandrea koiranpentujen aitaus koirille, kaneille ja pienille lemmikeille, musta, 122 x 70 x 80 cm PPK74H<\/p>\n","protected":false},"featured_media":45569,"comment_status":"open","ping_status":"closed","template":"","meta":[],"product_brand":[],"product_cat":[32],"product_tag":[],"class_list":{"0":"post-37704","1":"product","2":"type-product","3":"status-publish","4":"has-post-thumbnail","6":"product_cat-uncategorized-fi","8":"first","9":"instock","10":"shipping-taxable","11":"purchasable","12":"product-type-simple"},"_links":{"self":[{"href":"https:\/\/nordicmart.andreevmaster.com\/fi\/wp-json\/wp\/v2\/product\/37704","targetHints":{"allow":["GET"]}}],"collection":[{"href":"https:\/\/nordicmart.andreevmaster.com\/fi\/wp-json\/wp\/v2\/product"}],"about":[{"href":"https:\/\/nordicmart.andreevmaster.com\/fi\/wp-json\/wp\/v2\/types\/product"}],"replies":[{"embeddable":true,"href":"https:\/\/nordicmart.andreevmaster.com\/fi\/wp-json\/wp\/v2\/comments?post=37704"}],"wp:featuredmedia":[{"embeddable":true,"href":"https:\/\/nordicmart.andreevmaster.com\/fi\/wp-json\/wp\/v2\/media\/45569"}],"wp:attachment":[{"href":"https:\/\/nordicmart.andreevmaster.com\/fi\/wp-json\/wp\/v2\/media?parent=37704"}],"wp:term":[{"taxonomy":"product_brand","embeddable":true,"href":"https:\/\/nordicmart.andreevmaster.com\/fi\/wp-json\/wp\/v2\/product_brand?post=37704"},{"taxonomy":"product_cat","embeddable":true,"href":"https:\/\/nordicmart.andreevmaster.com\/fi\/wp-json\/wp\/v2\/product_cat?post=37704"},{"taxonomy":"product_tag","embeddable":true,"href":"https:\/\/nordicmart.andreevmaster.com\/fi\/wp-json\/wp\/v2\/product_tag?post=37704"}],"curies":[{"name":"wp","href":"https:\/\/api.w.org\/{rel}","templated":true}]}}