{"id":37703,"date":"2026-02-27T00:40:30","date_gmt":"2026-02-27T00:40:30","guid":{"rendered":"https:\/\/nordicmart.andreevmaster.com\/product\/feandrea-leikkikeha-lemmikeille\/"},"modified":"2026-02-27T09:56:51","modified_gmt":"2026-02-27T09:56:51","slug":"feandrea-leikkikeha-lemmikeille","status":"publish","type":"product","link":"https:\/\/nordicmart.andreevmaster.com\/fi\/tuote\/feandrea-leikkikeha-lemmikeille\/","title":{"rendered":"Feandrea-leikkikeh\u00e4 lemmikeille"},"content":{"rendered":"<p>Lemmikkien tulisi aina tuntea olonsa turvalliseksi ja mukavaksi, etenkin kun ne muuttavat uuteen kotiin. T\u00e4m\u00e4 FEANDREA:n ulkoaitaus antaa lemmikillesi turvallisuuden tunteen ja est\u00e4\u00e4 sit\u00e4 samalla pureskelemasta huonekaluja tai kenki\u00e4, kun olet poissa kotoa. &#8221;Oma VIP-alue&#8221; T\u00e4m\u00e4 h\u00e4kki koostuu vain nelj\u00e4st\u00e4 ritil\u00e4elementist\u00e4, joten se on helppo koota ja taittaa kokoon. Voit helposti kuljettaa sen olohuoneesta puutarhaan tai laittaa sen tasaisena tavaratilaan, kun haluat l\u00e4hte\u00e4 matkalle lemmikkisi kanssa. T\u00e4ss\u00e4 ulkoaitauksessa lemmikkisi tuntee olonsa kotoisaksi miss\u00e4 tahansa. Vapauden ja turvallisuuden tunne Vankkojen metallitankojen, py\u00f6ristettyjen kulmien ja reunojen, l\u00e4pin\u00e4kyvien ritil\u00e4elementtien ja L-muotoisella salpalla varustetun oven ansiosta t\u00e4m\u00e4 aitaus tarjoaa pienelle yst\u00e4v\u00e4llesi turvallisen leikkipaikan. Voit siis poistua huoneesta rauhallisin mielin tai katsella suloista p\u00f6rr\u00f6p\u00e4\u00e4t\u00e4 leikkim\u00e4ss\u00e4. Tuotetiedot: &#8211; V\u00e4ri: harmaa &#8211; Materiaali: metalli &#8211; Kokonaismitat: 122 x 80 x 70 cm (P x L x K) &#8211; Suuren h\u00e4kkielementin mitat: 120 x 70 cm (P x K) &#8211; Pienen h\u00e4kkielementin mitat: 75 x 70 cm (P x K) &#8211; Oven mitat: 57 x 54 cm (P x K) &#8211; Silm\u00e4koko: noin 4,2 x 14 cm &#8211; Paino: 11 kg Toimitussis\u00e4lt\u00f6: &#8211; 1 x ulkoaitaus &#8211; 1 x ohjeet FEANDREA Huomautukset: &#8211; Mittaa lemmikkisi ennen t\u00e4m\u00e4n tuotteen tilaamista, jotta v\u00e4lt\u00e4t sopimatonta h\u00e4kkikokoa. &#8211; T\u00e4m\u00e4 tuote ei ole lelu. \u00c4l\u00e4 anna lasten k\u00e4ytt\u00e4\u00e4 sit\u00e4 leluna. &#8211; Aseta tuote tasaiselle alustalle. &#8211; Jos tarvitset suuremman koon, voit tilata kaksi tai useampia kappaleita t\u00e4t\u00e4 tuotetta.<\/p>\n","protected":false},"excerpt":{"rendered":"<p>Feandrea koiranpentujen aitaus koirille, kaneille ja pienille lemmikeille, musta, 122 x 70 x 80 cm PPK74H<\/p>\n","protected":false},"featured_media":45568,"comment_status":"open","ping_status":"closed","template":"","meta":[],"product_brand":[],"product_cat":[32],"product_tag":[],"class_list":{"0":"post-37703","1":"product","2":"type-product","3":"status-publish","4":"has-post-thumbnail","6":"product_cat-uncategorized-fi","8":"first","9":"instock","10":"shipping-taxable","11":"purchasable","12":"product-type-simple"},"_links":{"self":[{"href":"https:\/\/nordicmart.andreevmaster.com\/fi\/wp-json\/wp\/v2\/product\/37703","targetHints":{"allow":["GET"]}}],"collection":[{"href":"https:\/\/nordicmart.andreevmaster.com\/fi\/wp-json\/wp\/v2\/product"}],"about":[{"href":"https:\/\/nordicmart.andreevmaster.com\/fi\/wp-json\/wp\/v2\/types\/product"}],"replies":[{"embeddable":true,"href":"https:\/\/nordicmart.andreevmaster.com\/fi\/wp-json\/wp\/v2\/comments?post=37703"}],"wp:featuredmedia":[{"embeddable":true,"href":"https:\/\/nordicmart.andreevmaster.com\/fi\/wp-json\/wp\/v2\/media\/45568"}],"wp:attachment":[{"href":"https:\/\/nordicmart.andreevmaster.com\/fi\/wp-json\/wp\/v2\/media?parent=37703"}],"wp:term":[{"taxonomy":"product_brand","embeddable":true,"href":"https:\/\/nordicmart.andreevmaster.com\/fi\/wp-json\/wp\/v2\/product_brand?post=37703"},{"taxonomy":"product_cat","embeddable":true,"href":"https:\/\/nordicmart.andreevmaster.com\/fi\/wp-json\/wp\/v2\/product_cat?post=37703"},{"taxonomy":"product_tag","embeddable":true,"href":"https:\/\/nordicmart.andreevmaster.com\/fi\/wp-json\/wp\/v2\/product_tag?post=37703"}],"curies":[{"name":"wp","href":"https:\/\/api.w.org\/{rel}","templated":true}]}}