{"id":37702,"date":"2026-02-27T00:40:29","date_gmt":"2026-02-27T00:40:29","guid":{"rendered":"https:\/\/nordicmart.andreevmaster.com\/product\/feandrea-harmaa-pentuaita\/"},"modified":"2026-02-27T09:56:50","modified_gmt":"2026-02-27T09:56:50","slug":"feandrea-harmaa-pentuaita","status":"publish","type":"product","link":"https:\/\/nordicmart.andreevmaster.com\/fi\/tuote\/feandrea-harmaa-pentuaita\/","title":{"rendered":"Feandrea Harmaa pentuaita"},"content":{"rendered":"<p>FEANDREA:n pentuaita, jossa lemmikkisi voi nauttia ulkoilmasta! Hyvin suunnitellun rakenteensa ansiosta pentuaita on helppo koota ja purkaa ilman ty\u00f6kaluja. Aita koostuu nelj\u00e4st\u00e4 sivuelementist\u00e4, joista yhdess\u00e4 on ovi. Ovi on suuri ja mahdollistaa nopean ja helpon p\u00e4\u00e4syn el\u00e4inten luo. Kaksi salpaa ovessa takaavat lis\u00e4turvallisuuden. Siin\u00e4 ei ole ter\u00e4vi\u00e4 kulmia tai reunoja, mik\u00e4 suojaa el\u00e4imi\u00e4si. Pentuaita tarjoaa riitt\u00e4v\u00e4sti tilaa, jotta pentusi voi leikki\u00e4, nukkua tai halata siell\u00e4. Se on visuaalisesti miellytt\u00e4v\u00e4 ja kest\u00e4v\u00e4, lis\u00e4ksi se on hyvin tuuletettu ja tarjoaa esteett\u00f6m\u00e4n n\u00e4kym\u00e4n el\u00e4imeen. Tuotetiedot: &#8211; Materiaali: metalli &#8211; V\u00e4ri: harmaa (PPK04GY) &#8211; Mitat: 122 x 70 x 80 cm (L x K x S) &#8211; Silm\u00e4koko: 4,2 x 14 cm &#8211; Oven mitat: 57 x 54 cm (L x K) &#8211; Paino: 11 kg Toimitus sis\u00e4lt\u00e4\u00e4: &#8211; 1 x pentuh\u00e4kki (3 x ritil\u00e4elementti ilman ovea, 1 x ritil\u00e4elementti ovella) &#8211; 1 x ohjeet (EN, DE, FR, IT, ES) FEANDREA Huomautukset: &#8211; Lemmikit saavat olla pentuh\u00e4kiss\u00e4 vain ilman kaulapantaa ja talutushihnaa. Muussa tapauksessa on tukehtumisvaara! &#8211; Mittaa lemmikkisi ennen t\u00e4m\u00e4n tuotteen tilaamista, jotta v\u00e4lt\u00e4t sopimattoman h\u00e4kkikoon. &#8211; T\u00e4m\u00e4 tuote ei ole lelu. \u00c4l\u00e4 anna lasten k\u00e4ytt\u00e4\u00e4 sit\u00e4 leluna. &#8211; Aseta tuote tasaiselle alustalle.<\/p>\n","protected":false},"excerpt":{"rendered":"<p>Feandrea koiranpentujen ulkoilutush\u00e4kki, koiranpentujen aitaus, koiranpentujen aitaus, vapaa-ajan aitaus, koiranpentujen aitaus, el\u00e4inten aitaus koirille, 122 x 80 x 70 cm, musta PPK04BK<\/p>\n","protected":false},"featured_media":45567,"comment_status":"open","ping_status":"closed","template":"","meta":[],"product_brand":[],"product_cat":[32],"product_tag":[],"class_list":{"0":"post-37702","1":"product","2":"type-product","3":"status-publish","4":"has-post-thumbnail","6":"product_cat-uncategorized-fi","8":"first","9":"instock","10":"shipping-taxable","11":"purchasable","12":"product-type-simple"},"_links":{"self":[{"href":"https:\/\/nordicmart.andreevmaster.com\/fi\/wp-json\/wp\/v2\/product\/37702","targetHints":{"allow":["GET"]}}],"collection":[{"href":"https:\/\/nordicmart.andreevmaster.com\/fi\/wp-json\/wp\/v2\/product"}],"about":[{"href":"https:\/\/nordicmart.andreevmaster.com\/fi\/wp-json\/wp\/v2\/types\/product"}],"replies":[{"embeddable":true,"href":"https:\/\/nordicmart.andreevmaster.com\/fi\/wp-json\/wp\/v2\/comments?post=37702"}],"wp:featuredmedia":[{"embeddable":true,"href":"https:\/\/nordicmart.andreevmaster.com\/fi\/wp-json\/wp\/v2\/media\/45567"}],"wp:attachment":[{"href":"https:\/\/nordicmart.andreevmaster.com\/fi\/wp-json\/wp\/v2\/media?parent=37702"}],"wp:term":[{"taxonomy":"product_brand","embeddable":true,"href":"https:\/\/nordicmart.andreevmaster.com\/fi\/wp-json\/wp\/v2\/product_brand?post=37702"},{"taxonomy":"product_cat","embeddable":true,"href":"https:\/\/nordicmart.andreevmaster.com\/fi\/wp-json\/wp\/v2\/product_cat?post=37702"},{"taxonomy":"product_tag","embeddable":true,"href":"https:\/\/nordicmart.andreevmaster.com\/fi\/wp-json\/wp\/v2\/product_tag?post=37702"}],"curies":[{"name":"wp","href":"https:\/\/api.w.org\/{rel}","templated":true}]}}