{"id":37700,"date":"2026-02-27T00:40:29","date_gmt":"2026-02-27T00:40:29","guid":{"rendered":"https:\/\/nordicmart.andreevmaster.com\/product\/feandrea-vapaa-ajan-aitaus-koiralle-8-ritilalevya-kukin-77-x-120-cm\/"},"modified":"2026-02-27T09:56:50","modified_gmt":"2026-02-27T09:56:50","slug":"feandrea-vapaa-ajan-aitaus-koiralle-8-ritilalevya-kukin-77-x-120-cm","status":"publish","type":"product","link":"https:\/\/nordicmart.andreevmaster.com\/fi\/tuote\/feandrea-vapaa-ajan-aitaus-koiralle-8-ritilalevya-kukin-77-x-120-cm\/","title":{"rendered":"Feandrea vapaa-ajan aitaus koiralle, 8 ritil\u00e4levy\u00e4, kukin 77 x 120 cm"},"content":{"rendered":"<p>Feandrea pentujen ulkoilutush\u00e4kki pentujen leikkikeh\u00e4 el\u00e4inten leikkikeh\u00e4 vapaa-ajan aitaus koirien leikkikeh\u00e4 pentujen aita sulkukaide aita ritil\u00e4 pentujen j\u00e4nikset kanit 8-kulmainen musta 77 x 60 cm PPK86H<br \/>\nV\u00e4ri: musta<br \/>\nMateriaali: ter\u00e4s<br \/>\nH\u00e4kin koon: 77 x 120 cm (P x L)<br \/>\nNeli\u00f6n koko: 160 x 160 x 120 cm (P x L x K)<br \/>\nSuorakulmaisen rakenteen koko: 240 x 80 x 120 cm (P x L x K)<br \/>\nKahdeksankulmaisen rakenteen koko: 210 x 210 x 120 cm (S x S x K)<br \/>\nPaino: 22,5 kg<\/p>\n","protected":false},"excerpt":{"rendered":"<p>Feandrea pentujen ulkoilutush\u00e4kki pentujen leikkikeh\u00e4 el\u00e4inten leikkikeh\u00e4 vapaa-ajan aitaus koirien leikkikeh\u00e4 pentujen aita sulkukaide aita ritil\u00e4 pentujen j\u00e4nikset kanit 8-kulmainen musta 77 x 60 cm PPK86H<\/p>\n","protected":false},"featured_media":45565,"comment_status":"open","ping_status":"closed","template":"","meta":[],"product_brand":[],"product_cat":[32],"product_tag":[],"class_list":{"0":"post-37700","1":"product","2":"type-product","3":"status-publish","4":"has-post-thumbnail","6":"product_cat-uncategorized-fi","8":"first","9":"instock","10":"shipping-taxable","11":"purchasable","12":"product-type-simple"},"_links":{"self":[{"href":"https:\/\/nordicmart.andreevmaster.com\/fi\/wp-json\/wp\/v2\/product\/37700","targetHints":{"allow":["GET"]}}],"collection":[{"href":"https:\/\/nordicmart.andreevmaster.com\/fi\/wp-json\/wp\/v2\/product"}],"about":[{"href":"https:\/\/nordicmart.andreevmaster.com\/fi\/wp-json\/wp\/v2\/types\/product"}],"replies":[{"embeddable":true,"href":"https:\/\/nordicmart.andreevmaster.com\/fi\/wp-json\/wp\/v2\/comments?post=37700"}],"wp:featuredmedia":[{"embeddable":true,"href":"https:\/\/nordicmart.andreevmaster.com\/fi\/wp-json\/wp\/v2\/media\/45565"}],"wp:attachment":[{"href":"https:\/\/nordicmart.andreevmaster.com\/fi\/wp-json\/wp\/v2\/media?parent=37700"}],"wp:term":[{"taxonomy":"product_brand","embeddable":true,"href":"https:\/\/nordicmart.andreevmaster.com\/fi\/wp-json\/wp\/v2\/product_brand?post=37700"},{"taxonomy":"product_cat","embeddable":true,"href":"https:\/\/nordicmart.andreevmaster.com\/fi\/wp-json\/wp\/v2\/product_cat?post=37700"},{"taxonomy":"product_tag","embeddable":true,"href":"https:\/\/nordicmart.andreevmaster.com\/fi\/wp-json\/wp\/v2\/product_tag?post=37700"}],"curies":[{"name":"wp","href":"https:\/\/api.w.org\/{rel}","templated":true}]}}