{"id":37699,"date":"2026-02-27T00:40:28","date_gmt":"2026-02-27T00:40:28","guid":{"rendered":"https:\/\/nordicmart.andreevmaster.com\/product\/feandrea-ulkoaitaus-terasverkolla\/"},"modified":"2026-02-27T09:56:50","modified_gmt":"2026-02-27T09:56:50","slug":"feandrea-ulkoaitaus-terasverkolla","status":"publish","type":"product","link":"https:\/\/nordicmart.andreevmaster.com\/fi\/tuote\/feandrea-ulkoaitaus-terasverkolla\/","title":{"rendered":"Feandrea ulkoaitaus ter\u00e4sverkolla"},"content":{"rendered":"<p>Feandrea koiranpentujen ulkoiluteline, vapaa-ajan aitaus, ter\u00e4sverkko, koiranpentujen leikkikeh\u00e4, liukuovi 2 salpalla, koko XXL, 122 x 80 x 70 cm, aitaus koirille, kaneille, p\u00e4hkin\u00e4nruskea-musta PPK006T41<br \/>\nV\u00e4ri: p\u00e4hkin\u00e4nruskea-musta<br \/>\nMateriaali: puuhakekuitulevy, ter\u00e4s<br \/>\nKoko: 122 x 80 x 70 cm (P x L x K)<br \/>\nPaino: 12,5 kg<br \/>\nSuositellaan koirille, joiden paino on enint\u00e4\u00e4n 42 kg<\/p>\n","protected":false},"excerpt":{"rendered":"<p>Feandrea koiranpentujen ulkoiluteline, vapaa-ajan aitaus, ter\u00e4sverkko, koiranpentujen leikkikeh\u00e4, liukuovi 2 salpalla, koko XXL, 122 x 80 x 70 cm, aitaus koirille, kaneille, p\u00e4hkin\u00e4nruskea-musta PPK006T41<\/p>\n","protected":false},"featured_media":45564,"comment_status":"open","ping_status":"closed","template":"","meta":[],"product_brand":[],"product_cat":[32],"product_tag":[],"class_list":{"0":"post-37699","1":"product","2":"type-product","3":"status-publish","4":"has-post-thumbnail","6":"product_cat-uncategorized-fi","8":"first","9":"instock","10":"shipping-taxable","11":"purchasable","12":"product-type-simple"},"_links":{"self":[{"href":"https:\/\/nordicmart.andreevmaster.com\/fi\/wp-json\/wp\/v2\/product\/37699","targetHints":{"allow":["GET"]}}],"collection":[{"href":"https:\/\/nordicmart.andreevmaster.com\/fi\/wp-json\/wp\/v2\/product"}],"about":[{"href":"https:\/\/nordicmart.andreevmaster.com\/fi\/wp-json\/wp\/v2\/types\/product"}],"replies":[{"embeddable":true,"href":"https:\/\/nordicmart.andreevmaster.com\/fi\/wp-json\/wp\/v2\/comments?post=37699"}],"wp:featuredmedia":[{"embeddable":true,"href":"https:\/\/nordicmart.andreevmaster.com\/fi\/wp-json\/wp\/v2\/media\/45564"}],"wp:attachment":[{"href":"https:\/\/nordicmart.andreevmaster.com\/fi\/wp-json\/wp\/v2\/media?parent=37699"}],"wp:term":[{"taxonomy":"product_brand","embeddable":true,"href":"https:\/\/nordicmart.andreevmaster.com\/fi\/wp-json\/wp\/v2\/product_brand?post=37699"},{"taxonomy":"product_cat","embeddable":true,"href":"https:\/\/nordicmart.andreevmaster.com\/fi\/wp-json\/wp\/v2\/product_cat?post=37699"},{"taxonomy":"product_tag","embeddable":true,"href":"https:\/\/nordicmart.andreevmaster.com\/fi\/wp-json\/wp\/v2\/product_tag?post=37699"}],"curies":[{"name":"wp","href":"https:\/\/api.w.org\/{rel}","templated":true}]}}