{"id":37698,"date":"2026-02-27T00:40:28","date_gmt":"2026-02-27T00:40:28","guid":{"rendered":"https:\/\/nordicmart.andreevmaster.com\/product\/feandrea-suorakulmainen-pentukoppi-liukuovella\/"},"modified":"2026-02-27T09:56:50","modified_gmt":"2026-02-27T09:56:50","slug":"feandrea-suorakulmainen-pentukoppi-liukuovella","status":"publish","type":"product","link":"https:\/\/nordicmart.andreevmaster.com\/fi\/tuote\/feandrea-suorakulmainen-pentukoppi-liukuovella\/","title":{"rendered":"Feandrea suorakulmainen pentukoppi liukuovella"},"content":{"rendered":"<p>FEANDREA Pentujen ulkoiluteline, sis\u00e4tiloissa k\u00e4ytett\u00e4v\u00e4 vapaa-ajatteluaita, pentujen leikkikeh\u00e4 4-osainen, suorakulmainen, liukuovi 2 salpalla, 122 x 80 x 70 cm, aitaus sis\u00e4tiloihin, koirille, kaneille, mintunvihre\u00e4 PPK003C01<br \/>\nV\u00e4ri: mintunvihre\u00e4<br \/>\nMateriaali: ter\u00e4s<br \/>\nKoko: 122 x 80 x 70 cm (P x L x K)<br \/>\nPaino: 14 kg<\/p>\n","protected":false},"excerpt":{"rendered":"<p>FEANDREA Pentujen ulkoiluteline, sis\u00e4tiloissa k\u00e4ytett\u00e4v\u00e4 vapaa-ajatteluaita, pentujen leikkikeh\u00e4 4-osainen, suorakulmainen, liukuovi 2 salpalla, 122 x 80 x 70 cm, aitaus sis\u00e4tiloihin, koirille, kaneille, mintunvihre\u00e4 PPK003C01<\/p>\n","protected":false},"featured_media":45563,"comment_status":"open","ping_status":"closed","template":"","meta":[],"product_brand":[],"product_cat":[32],"product_tag":[],"class_list":{"0":"post-37698","1":"product","2":"type-product","3":"status-publish","4":"has-post-thumbnail","6":"product_cat-uncategorized-fi","8":"first","9":"instock","10":"shipping-taxable","11":"purchasable","12":"product-type-simple"},"_links":{"self":[{"href":"https:\/\/nordicmart.andreevmaster.com\/fi\/wp-json\/wp\/v2\/product\/37698","targetHints":{"allow":["GET"]}}],"collection":[{"href":"https:\/\/nordicmart.andreevmaster.com\/fi\/wp-json\/wp\/v2\/product"}],"about":[{"href":"https:\/\/nordicmart.andreevmaster.com\/fi\/wp-json\/wp\/v2\/types\/product"}],"replies":[{"embeddable":true,"href":"https:\/\/nordicmart.andreevmaster.com\/fi\/wp-json\/wp\/v2\/comments?post=37698"}],"wp:featuredmedia":[{"embeddable":true,"href":"https:\/\/nordicmart.andreevmaster.com\/fi\/wp-json\/wp\/v2\/media\/45563"}],"wp:attachment":[{"href":"https:\/\/nordicmart.andreevmaster.com\/fi\/wp-json\/wp\/v2\/media?parent=37698"}],"wp:term":[{"taxonomy":"product_brand","embeddable":true,"href":"https:\/\/nordicmart.andreevmaster.com\/fi\/wp-json\/wp\/v2\/product_brand?post=37698"},{"taxonomy":"product_cat","embeddable":true,"href":"https:\/\/nordicmart.andreevmaster.com\/fi\/wp-json\/wp\/v2\/product_cat?post=37698"},{"taxonomy":"product_tag","embeddable":true,"href":"https:\/\/nordicmart.andreevmaster.com\/fi\/wp-json\/wp\/v2\/product_tag?post=37698"}],"curies":[{"name":"wp","href":"https:\/\/api.w.org\/{rel}","templated":true}]}}