{"id":37696,"date":"2026-02-27T00:40:28","date_gmt":"2026-02-27T00:40:28","guid":{"rendered":"https:\/\/nordicmart.andreevmaster.com\/product\/feandrea-metallinen-koiranpentujen-aitaus\/"},"modified":"2026-02-27T09:56:49","modified_gmt":"2026-02-27T09:56:49","slug":"feandrea-metallinen-koiranpentujen-aitaus","status":"publish","type":"product","link":"https:\/\/nordicmart.andreevmaster.com\/fi\/tuote\/feandrea-metallinen-koiranpentujen-aitaus\/","title":{"rendered":"Feandrea metallinen koiranpentujen aitaus"},"content":{"rendered":"<p>FEANDREA-kanin aitauksen t\u00e4rkeimm\u00e4t ominaisuudet yhdell\u00e4 silm\u00e4yksell\u00e4: &#8211; Kokoontaitettava: Kun aitausta ei k\u00e4ytet\u00e4, se voidaan taittaa kokoon avaamalla salpa, jolloin se vie vain v\u00e4h\u00e4n tilaa. &#8211; Turvallisempi: 3,5 cm:n v\u00e4li lankojen v\u00e4lill\u00e4 est\u00e4\u00e4 lemmikkej\u00e4 karkaamasta ja jumiuttamasta tassujaan. &#8211; Tilava: 8 aidan osaa (koko: 61 x 61 cm) tarjoavat lemmikillesi riitt\u00e4v\u00e4sti tilaa leikki\u00e4 ja liikkua. &#8211; Monik\u00e4ytt\u00f6inen: Se sopii paitsi pienille el\u00e4imille, kuten koirille, kaneille ja kanoille, my\u00f6s puutarhan kasvimaiden aidaksi. Tuotetiedot: &#8211; V\u00e4ri: hopea &#8211; Materiaali: ter\u00e4s &#8211; Yksitt\u00e4isten aidan osien koko: 61 x 61 cm (P x L) &#8211; Mitat neli\u00f6n muotoisena: 122 x 122 x 61 cm (P x L x S) &#8211; Mitat kahdeksankulmaisena: 159 x 159 x 61 cm (diagonaali x diagonaali x S) &#8211; Paino: 5,9 kg Toimitus sis\u00e4lt\u00e4\u00e4:- 1 x el\u00e4inaita, jossa 8 aitaelementti\u00e4 &#8211; 4 x lukitusklipsi &#8211; 8 x maakiila &#8211; 1 x ohjeet FEANDREA Huomautukset: &#8211; Mittaa lemmikkisi ennen t\u00e4m\u00e4n tuotteen tilaamista, jotta v\u00e4lt\u00e4t sopimattoman h\u00e4kkikoon. &#8211; T\u00e4m\u00e4 tuote ei ole lelu. \u00c4l\u00e4 anna lasten k\u00e4ytt\u00e4\u00e4 sit\u00e4 leluna. &#8211; Noudata k\u00e4ytt\u00f6ohjeita. K\u00e4yt\u00e4 ty\u00f6rukkasia asennuksen ja purkamisen aikana, jotta et purista sormiasi. &#8211; Lemmikit saavat olla koirankenneliss\u00e4 vain ilman kaulapantaa ja talutushihnaa. Muuten on tukehtumisvaara! &#8211; T\u00e4t\u00e4 tuotetta ei saa k\u00e4ytt\u00e4\u00e4 aggressiivisille tai vaarallisille el\u00e4imille, jotta se ei p\u00e4\u00e4se puremaan tai raapimaan sit\u00e4. &#8211; Tarkista ulkok\u00e4yt\u00f6ss\u00e4, ett\u00e4 maakiilat ovat kunnolla kiinnitettyin\u00e4. &#8211; Sis\u00e4k\u00e4yt\u00f6ss\u00e4 tuotteen alle on laitettava matto.<\/p>\n","protected":false},"excerpt":{"rendered":"<p>Feandrea koiranpentujen ulkoilutush\u00e4kki, taitettava, koirille, hopeanv\u00e4rinen<\/p>\n","protected":false},"featured_media":45561,"comment_status":"open","ping_status":"closed","template":"","meta":[],"product_brand":[],"product_cat":[32],"product_tag":[],"class_list":{"0":"post-37696","1":"product","2":"type-product","3":"status-publish","4":"has-post-thumbnail","6":"product_cat-uncategorized-fi","8":"first","9":"instock","10":"shipping-taxable","11":"purchasable","12":"product-type-simple"},"_links":{"self":[{"href":"https:\/\/nordicmart.andreevmaster.com\/fi\/wp-json\/wp\/v2\/product\/37696","targetHints":{"allow":["GET"]}}],"collection":[{"href":"https:\/\/nordicmart.andreevmaster.com\/fi\/wp-json\/wp\/v2\/product"}],"about":[{"href":"https:\/\/nordicmart.andreevmaster.com\/fi\/wp-json\/wp\/v2\/types\/product"}],"replies":[{"embeddable":true,"href":"https:\/\/nordicmart.andreevmaster.com\/fi\/wp-json\/wp\/v2\/comments?post=37696"}],"wp:featuredmedia":[{"embeddable":true,"href":"https:\/\/nordicmart.andreevmaster.com\/fi\/wp-json\/wp\/v2\/media\/45561"}],"wp:attachment":[{"href":"https:\/\/nordicmart.andreevmaster.com\/fi\/wp-json\/wp\/v2\/media?parent=37696"}],"wp:term":[{"taxonomy":"product_brand","embeddable":true,"href":"https:\/\/nordicmart.andreevmaster.com\/fi\/wp-json\/wp\/v2\/product_brand?post=37696"},{"taxonomy":"product_cat","embeddable":true,"href":"https:\/\/nordicmart.andreevmaster.com\/fi\/wp-json\/wp\/v2\/product_cat?post=37696"},{"taxonomy":"product_tag","embeddable":true,"href":"https:\/\/nordicmart.andreevmaster.com\/fi\/wp-json\/wp\/v2\/product_tag?post=37696"}],"curies":[{"name":"wp","href":"https:\/\/api.w.org\/{rel}","templated":true}]}}