{"id":37693,"date":"2026-02-27T00:40:27","date_gmt":"2026-02-27T00:40:27","guid":{"rendered":"https:\/\/nordicmart.andreevmaster.com\/product\/feandrea-koirankoppi-taitettava-koirankoppi-2-ovea\/"},"modified":"2026-02-27T09:56:48","modified_gmt":"2026-02-27T09:56:48","slug":"feandrea-koirankoppi-taitettava-koirankoppi-2-ovea","status":"publish","type":"product","link":"https:\/\/nordicmart.andreevmaster.com\/fi\/tuote\/feandrea-koirankoppi-taitettava-koirankoppi-2-ovea\/","title":{"rendered":"Feandrea koirankoppi, taitettava koirankoppi, 2 ovea"},"content":{"rendered":"<p>Koirankoppi, taitettava koirankoppi, 2 ovea, ulosvedett\u00e4v\u00e4 muovikuori, 122 x 74,5 x 80,5 cm, XXL, musta<br \/>\nTuotetiedot:<br \/>\n&#8211; V\u00e4ri: musta<br \/>\n&#8211; Materiaali: ter\u00e4s, muovi<br \/>\n&#8211; Koko: 92,5 x 57,5 x 64 cm (P x L x K)<br \/>\n&#8211; Koko kokoontaitettuna: 92,5 x 57,5 x 8 cm (P x L x K)<br \/>\n&#8211; Paino: 10 kg<\/p>\n<p>Toimitus sis\u00e4lt\u00e4\u00e4<br \/>\n&#8211; 1 x koirankuljetuslaatikko<br \/>\n&#8211; 1 x muovikotelo<br \/>\n&#8211; 1 x k\u00e4ytt\u00f6ohje<\/p>\n<p>Huomautukset:<br \/>\n&#8211; Vinkki oikean koirankuljetuslaatikon valintaan: Anna koiran seist\u00e4 pystyss\u00e4 ja mittaa sen pituus h\u00e4nn\u00e4n tyvest\u00e4 nen\u00e4\u00e4n; anna koiran istua pystyss\u00e4 ja mittaa sen korkeus p\u00e4\u00e4laelta lattiaan. Lis\u00e4\u00e4 sitten 10 cm mitattuun pituuteen ja korkeuteen, jotta voit valita koirallesi sopivat mitat.<br \/>\n&#8211; Koirankuljetuslaatikon mitat voivat vaihdella 1\u20132 cm eri mittausmenetelmien vuoksi.<br \/>\n&#8211; Jos haluat k\u00e4ytt\u00e4\u00e4 tai kuljettaa pentukoria autossasi, varmista, ett\u00e4 tuotteen koko sopii autoon.<br \/>\n&#8211; \u00c4l\u00e4 p\u00e4\u00e4st\u00e4 koiraa h\u00e4kkiin kaulapannalla tai hihnalla.<br \/>\n&#8211; Kun k\u00e4yt\u00e4t h\u00e4kki\u00e4 ensimm\u00e4ist\u00e4 kertaa, j\u00e4t\u00e4 ovi auki ja j\u00e4t\u00e4 koirasi h\u00e4kkiin vain lyhyeksi ajaksi. T\u00e4t\u00e4 h\u00e4kki\u00e4 ei suositella kouluttamattomille tai aggressiivisille koirille.<\/p>\n","protected":false},"excerpt":{"rendered":"<p>Koirankoppi, taitettava koirankoppi, 2 ovea, ulosvedett\u00e4v\u00e4 muovikuori, 122 x 74,5 x 80,5 cm, XXL, musta<\/p>\n","protected":false},"featured_media":45558,"comment_status":"open","ping_status":"closed","template":"","meta":[],"product_brand":[],"product_cat":[32],"product_tag":[],"class_list":{"0":"post-37693","1":"product","2":"type-product","3":"status-publish","4":"has-post-thumbnail","6":"product_cat-uncategorized-fi","8":"first","9":"instock","10":"shipping-taxable","11":"purchasable","12":"product-type-simple"},"_links":{"self":[{"href":"https:\/\/nordicmart.andreevmaster.com\/fi\/wp-json\/wp\/v2\/product\/37693","targetHints":{"allow":["GET"]}}],"collection":[{"href":"https:\/\/nordicmart.andreevmaster.com\/fi\/wp-json\/wp\/v2\/product"}],"about":[{"href":"https:\/\/nordicmart.andreevmaster.com\/fi\/wp-json\/wp\/v2\/types\/product"}],"replies":[{"embeddable":true,"href":"https:\/\/nordicmart.andreevmaster.com\/fi\/wp-json\/wp\/v2\/comments?post=37693"}],"wp:featuredmedia":[{"embeddable":true,"href":"https:\/\/nordicmart.andreevmaster.com\/fi\/wp-json\/wp\/v2\/media\/45558"}],"wp:attachment":[{"href":"https:\/\/nordicmart.andreevmaster.com\/fi\/wp-json\/wp\/v2\/media?parent=37693"}],"wp:term":[{"taxonomy":"product_brand","embeddable":true,"href":"https:\/\/nordicmart.andreevmaster.com\/fi\/wp-json\/wp\/v2\/product_brand?post=37693"},{"taxonomy":"product_cat","embeddable":true,"href":"https:\/\/nordicmart.andreevmaster.com\/fi\/wp-json\/wp\/v2\/product_cat?post=37693"},{"taxonomy":"product_tag","embeddable":true,"href":"https:\/\/nordicmart.andreevmaster.com\/fi\/wp-json\/wp\/v2\/product_tag?post=37693"}],"curies":[{"name":"wp","href":"https:\/\/api.w.org\/{rel}","templated":true}]}}