{"id":37691,"date":"2026-02-27T00:40:26","date_gmt":"2026-02-27T00:40:26","guid":{"rendered":"https:\/\/nordicmart.andreevmaster.com\/product\/feandrea-koiranhakki-xxl-2-ovea\/"},"modified":"2026-02-27T09:56:48","modified_gmt":"2026-02-27T09:56:48","slug":"feandrea-koiranhakki-xxl-2-ovea","status":"publish","type":"product","link":"https:\/\/nordicmart.andreevmaster.com\/fi\/tuote\/feandrea-koiranhakki-xxl-2-ovea\/","title":{"rendered":"Feandrea koiranh\u00e4kki XXL, 2 ovea"},"content":{"rendered":"<p>Rautalangasta valmistettu koirankoppi on monik\u00e4ytt\u00f6inen ja sopii esimerkiksi koulutukseen tai antaa koiranpennun leikki\u00e4, nukkua tai k\u00e4perty\u00e4 siihen. T\u00e4m\u00e4n koirankopin avulla lemmikkisi voi nauttia ulkoilmasta parhaalla mahdollisella tavalla!  Huomautukset:  &#8211; \u00c4l\u00e4 seiso tai istu kopin p\u00e4\u00e4ll\u00e4 \u00e4l\u00e4k\u00e4 aseta esineit\u00e4 kopin p\u00e4\u00e4lle. &#8211; H\u00e4kki ei ole lelu, joten est\u00e4 lapsia menem\u00e4st\u00e4 h\u00e4kkiin tai leikkim\u00e4st\u00e4 siin\u00e4. &#8211; Varmista, ett\u00e4 lemmikin kaulapanta ei takerru tai j\u00e4\u00e4 kiinni h\u00e4kin sis\u00e4puolelle kuljetuksen aikana. &#8211; Manuaalisessa mittauksessa voi olla noin 1\u20132 cm:n poikkeamia. Mittaa ennen ostamista huolellisesti lemmikkisi koko, rinnan ymp\u00e4rysmitta ja vy\u00f6t\u00e4r\u00f6n ymp\u00e4rysmitta. &#8211; Vaikka Songmics-koiran kuljetuslaatikko on valmistettu eritt\u00e4in kest\u00e4v\u00e4st\u00e4 metallilangasta, se ei kest\u00e4 ikuisesti repimist\u00e4, puremista ja naarmuuntumista. T\u00e4rkeint\u00e4 on, ett\u00e4 seuraat ja koulutat koiraasi, jotta se tottuu olemaan yksin laatikossa ja tuntee olonsa kotoisaksi siin\u00e4. Tuotetiedot: &#8211; Materiaali: rautalanka + ABS-muovi  &#8211; Mitat: 122 x 81 x 76 cm (L x K x S)  &#8211; Etuluukun mitat: 53,5 x 65 cm (L x K) &#8211; Sivuluukun mitat: 57 x 63,5 cm (L x K) &#8211; Vaakasuoran langan halkaisija: 4 mm &#8211; Pystysuoran langan halkaisija: 3 mm &#8211; V\u00e4ri: musta  Toimitus sis\u00e4lt\u00e4\u00e4:  &#8211; 1 x koiranh\u00e4kki &#8211; 1 x ohjeet (DE, FR, EN, IT, ES) <\/p>\n","protected":false},"excerpt":{"rendered":"<p>Feandrea koiranh\u00e4kki 2 ovea koirankoppi ritil\u00e4laatikko kuljetuslaatikko taitettava lankah\u00e4kki kissat j\u00e4nikset jyrsij\u00e4t kanit siipikarja h\u00e4kki musta XXXL 122 x 81 x 76 cm PPD48H<\/p>\n","protected":false},"featured_media":45556,"comment_status":"open","ping_status":"closed","template":"","meta":[],"product_brand":[],"product_cat":[32],"product_tag":[],"class_list":{"0":"post-37691","1":"product","2":"type-product","3":"status-publish","4":"has-post-thumbnail","6":"product_cat-uncategorized-fi","8":"first","9":"instock","10":"shipping-taxable","11":"purchasable","12":"product-type-simple"},"_links":{"self":[{"href":"https:\/\/nordicmart.andreevmaster.com\/fi\/wp-json\/wp\/v2\/product\/37691","targetHints":{"allow":["GET"]}}],"collection":[{"href":"https:\/\/nordicmart.andreevmaster.com\/fi\/wp-json\/wp\/v2\/product"}],"about":[{"href":"https:\/\/nordicmart.andreevmaster.com\/fi\/wp-json\/wp\/v2\/types\/product"}],"replies":[{"embeddable":true,"href":"https:\/\/nordicmart.andreevmaster.com\/fi\/wp-json\/wp\/v2\/comments?post=37691"}],"wp:featuredmedia":[{"embeddable":true,"href":"https:\/\/nordicmart.andreevmaster.com\/fi\/wp-json\/wp\/v2\/media\/45556"}],"wp:attachment":[{"href":"https:\/\/nordicmart.andreevmaster.com\/fi\/wp-json\/wp\/v2\/media?parent=37691"}],"wp:term":[{"taxonomy":"product_brand","embeddable":true,"href":"https:\/\/nordicmart.andreevmaster.com\/fi\/wp-json\/wp\/v2\/product_brand?post=37691"},{"taxonomy":"product_cat","embeddable":true,"href":"https:\/\/nordicmart.andreevmaster.com\/fi\/wp-json\/wp\/v2\/product_cat?post=37691"},{"taxonomy":"product_tag","embeddable":true,"href":"https:\/\/nordicmart.andreevmaster.com\/fi\/wp-json\/wp\/v2\/product_tag?post=37691"}],"curies":[{"name":"wp","href":"https:\/\/api.w.org\/{rel}","templated":true}]}}