{"id":37688,"date":"2026-02-27T00:40:26","date_gmt":"2026-02-27T00:40:26","guid":{"rendered":"https:\/\/nordicmart.andreevmaster.com\/product\/feandrea-koiranhakki-107-x-70-x-775-cm-ovilla\/"},"modified":"2026-02-27T09:56:47","modified_gmt":"2026-02-27T09:56:47","slug":"feandrea-koiranhakki-107-x-70-x-775-cm-ovilla","status":"publish","type":"product","link":"https:\/\/nordicmart.andreevmaster.com\/fi\/tuote\/feandrea-koiranhakki-107-x-70-x-775-cm-ovilla\/","title":{"rendered":"Feandrea koiranh\u00e4kki 107 x 70 x 77,5 cm ovilla"},"content":{"rendered":"<p>Tuotekuvaus: Normaalisti koirien tulisi tietysti saada juosta vapaasti asunnossasi. Joissakin tilanteissa on kuitenkin suositeltavaa k\u00e4ytt\u00e4\u00e4 t\u00e4t\u00e4  107 x 70 x 77,5 cm:n kokoista lemmikkiel\u00e4inten h\u00e4kki\u00e4. El\u00e4inyst\u00e4v\u00e4t voivat odottaa my\u00f6s seuraavia etuja:- Helppo koota ilman ty\u00f6kaluja &#8211; Kokoontaitettava; helppo kuljettaa; voidaan s\u00e4ilytt\u00e4\u00e4 tilaa s\u00e4\u00e4st\u00e4en &#8211; 2 lukittavaa ovea &#8211; Valmistettu jauhemaalatusta rautalangasta ilman ter\u00e4vi\u00e4 reunoja; vakaa, ruostumaton, turvallinen &#8211; Muovip\u00e4\u00e4llysteet suojaavat lattiaasi &#8211; Irrotettava muovialusta; helpottaa h\u00e4kin puhdistamista &#8211; Irrotettava v\u00e4lisein\u00e4 Tuotetiedot:- V\u00e4ri: musta &#8211; Materiaali: rautalanka &#8211; Koko: 107 x 70 x 77,5 cm (P x L x K) &#8211; Paino: 14,9 kg Toimitus sis\u00e4lt\u00e4\u00e4: &#8211; 1 x koiranh\u00e4kki &#8211; 1 x ohjeet (DE, EN, FR, IT, ES) FEANDREA Huomautukset:- Suojaa sateelta, kun k\u00e4yt\u00e4t h\u00e4kki\u00e4 ulkona. &#8211; \u00c4l\u00e4 seiso tai istu h\u00e4kin p\u00e4\u00e4ll\u00e4. \u00c4l\u00e4 my\u00f6sk\u00e4\u00e4n aseta esineit\u00e4 h\u00e4kin p\u00e4\u00e4lle. &#8211; H\u00e4kki ei ole lelu. Lapset eiv\u00e4t saa kiivet\u00e4 h\u00e4kkiin tai leikki\u00e4 siin\u00e4. &#8211; Varmista, ett\u00e4 lemmikkisi kaulapanta ei takerru tai j\u00e4\u00e4 kiinni h\u00e4kin ritil\u00e4\u00e4n kuljetuksen aikana.- Mittauksissa voi esiinty\u00e4 1\u20132 cm:n poikkeamia ilmoittamistamme mitoista. &#8211; Mittaa koirasi pituus, koko ja leveys ennen ostamista ja vertaa tulosta h\u00e4kkimme mittoihin. &#8211; Vaikka FEANDREA:n koirankuljetuslaatikko on valmistettu eritt\u00e4in kest\u00e4v\u00e4st\u00e4 metallilangasta, se voi toistuvien &#038;<\/p>\n","protected":false},"excerpt":{"rendered":"<p>Feandrea koiranh\u00e4kki 2 ovea koirankoppi ritil\u00e4laatikko kuljetuslaatikko taitettava lankah\u00e4kki kissat j\u00e4nikset jyrsij\u00e4t kanit siipikarja h\u00e4kki musta XXXL 122 x 81 x 76 cm PPD48H<\/p>\n","protected":false},"featured_media":45553,"comment_status":"open","ping_status":"closed","template":"","meta":[],"product_brand":[],"product_cat":[32],"product_tag":[],"class_list":{"0":"post-37688","1":"product","2":"type-product","3":"status-publish","4":"has-post-thumbnail","6":"product_cat-uncategorized-fi","8":"first","9":"instock","10":"shipping-taxable","11":"purchasable","12":"product-type-simple"},"_links":{"self":[{"href":"https:\/\/nordicmart.andreevmaster.com\/fi\/wp-json\/wp\/v2\/product\/37688","targetHints":{"allow":["GET"]}}],"collection":[{"href":"https:\/\/nordicmart.andreevmaster.com\/fi\/wp-json\/wp\/v2\/product"}],"about":[{"href":"https:\/\/nordicmart.andreevmaster.com\/fi\/wp-json\/wp\/v2\/types\/product"}],"replies":[{"embeddable":true,"href":"https:\/\/nordicmart.andreevmaster.com\/fi\/wp-json\/wp\/v2\/comments?post=37688"}],"wp:featuredmedia":[{"embeddable":true,"href":"https:\/\/nordicmart.andreevmaster.com\/fi\/wp-json\/wp\/v2\/media\/45553"}],"wp:attachment":[{"href":"https:\/\/nordicmart.andreevmaster.com\/fi\/wp-json\/wp\/v2\/media?parent=37688"}],"wp:term":[{"taxonomy":"product_brand","embeddable":true,"href":"https:\/\/nordicmart.andreevmaster.com\/fi\/wp-json\/wp\/v2\/product_brand?post=37688"},{"taxonomy":"product_cat","embeddable":true,"href":"https:\/\/nordicmart.andreevmaster.com\/fi\/wp-json\/wp\/v2\/product_cat?post=37688"},{"taxonomy":"product_tag","embeddable":true,"href":"https:\/\/nordicmart.andreevmaster.com\/fi\/wp-json\/wp\/v2\/product_tag?post=37688"}],"curies":[{"name":"wp","href":"https:\/\/api.w.org\/{rel}","templated":true}]}}