{"id":37687,"date":"2026-02-27T00:40:25","date_gmt":"2026-02-27T00:40:25","guid":{"rendered":"https:\/\/nordicmart.andreevmaster.com\/product\/feandrea-koiranhakki-l-2-ovea\/"},"modified":"2026-02-27T09:56:47","modified_gmt":"2026-02-27T09:56:47","slug":"feandrea-koiranhakki-l-2-ovea","status":"publish","type":"product","link":"https:\/\/nordicmart.andreevmaster.com\/fi\/tuote\/feandrea-koiranhakki-l-2-ovea\/","title":{"rendered":"Feandrea koiranh\u00e4kki L, 2 ovea"},"content":{"rendered":"<p>Feandrea koiranh\u00e4kki 2 ovea koirankoppi ritil\u00e4laatikko kuljetuslaatikko taitettava lankah\u00e4kki kissat j\u00e4nikset jyrsij\u00e4t kanit siipikarja h\u00e4kki musta XXXL 122 x 81 x 76 cm PPD48H<br \/>\nV\u00e4ri: musta<br \/>\nMateriaali: ter\u00e4s, muovi<br \/>\nKoko: 92,5 x 57,5 x 64 cm (P x L x K)<br \/>\nKokoontaitettuna: 92,5 x 57,5 x 8 cm (P x L x K)<br \/>\nPaino: 10 kg<\/p>\n","protected":false},"excerpt":{"rendered":"<p>Feandrea koiranh\u00e4kki 2 ovea koirankoppi ritil\u00e4laatikko kuljetuslaatikko taitettava lankah\u00e4kki kissat j\u00e4nikset jyrsij\u00e4t kanit siipikarja h\u00e4kki musta XXXL 122 x 81 x 76 cm PPD48H<\/p>\n","protected":false},"featured_media":45552,"comment_status":"open","ping_status":"closed","template":"","meta":[],"product_brand":[],"product_cat":[32],"product_tag":[],"class_list":{"0":"post-37687","1":"product","2":"type-product","3":"status-publish","4":"has-post-thumbnail","6":"product_cat-uncategorized-fi","8":"first","9":"instock","10":"shipping-taxable","11":"purchasable","12":"product-type-simple"},"_links":{"self":[{"href":"https:\/\/nordicmart.andreevmaster.com\/fi\/wp-json\/wp\/v2\/product\/37687","targetHints":{"allow":["GET"]}}],"collection":[{"href":"https:\/\/nordicmart.andreevmaster.com\/fi\/wp-json\/wp\/v2\/product"}],"about":[{"href":"https:\/\/nordicmart.andreevmaster.com\/fi\/wp-json\/wp\/v2\/types\/product"}],"replies":[{"embeddable":true,"href":"https:\/\/nordicmart.andreevmaster.com\/fi\/wp-json\/wp\/v2\/comments?post=37687"}],"wp:featuredmedia":[{"embeddable":true,"href":"https:\/\/nordicmart.andreevmaster.com\/fi\/wp-json\/wp\/v2\/media\/45552"}],"wp:attachment":[{"href":"https:\/\/nordicmart.andreevmaster.com\/fi\/wp-json\/wp\/v2\/media?parent=37687"}],"wp:term":[{"taxonomy":"product_brand","embeddable":true,"href":"https:\/\/nordicmart.andreevmaster.com\/fi\/wp-json\/wp\/v2\/product_brand?post=37687"},{"taxonomy":"product_cat","embeddable":true,"href":"https:\/\/nordicmart.andreevmaster.com\/fi\/wp-json\/wp\/v2\/product_cat?post=37687"},{"taxonomy":"product_tag","embeddable":true,"href":"https:\/\/nordicmart.andreevmaster.com\/fi\/wp-json\/wp\/v2\/product_tag?post=37687"}],"curies":[{"name":"wp","href":"https:\/\/api.w.org\/{rel}","templated":true}]}}