{"id":37686,"date":"2026-02-27T00:40:25","date_gmt":"2026-02-27T00:40:25","guid":{"rendered":"https:\/\/nordicmart.andreevmaster.com\/product\/feandrea-koiranhakki-925-x-575-x-64-cm-ovilla\/"},"modified":"2026-02-27T09:56:47","modified_gmt":"2026-02-27T09:56:47","slug":"feandrea-koiranhakki-925-x-575-x-64-cm-ovilla","status":"publish","type":"product","link":"https:\/\/nordicmart.andreevmaster.com\/fi\/tuote\/feandrea-koiranhakki-925-x-575-x-64-cm-ovilla\/","title":{"rendered":"Feandrea koiranh\u00e4kki 92,5 x 57,5 x 64 cm ovilla"},"content":{"rendered":"<p>Tuotekuvaus: Koirat ja kissat saavat normaalisti tietysti juosta vapaasti asunnossasi. Joissakin tilanteissa on kuitenkin suositeltavaa k\u00e4ytt\u00e4\u00e4 t\u00e4t\u00e4 92,5 x 57,5 x 64 cm:n kokoista lemmikkiel\u00e4inten h\u00e4kki\u00e4. Miksi k\u00e4ytt\u00e4\u00e4 koiran h\u00e4kki\u00e4? &#8211; Koirasi on taipuvainen tuhoamaan asuntosi, kun et ole kotona. &#8211; Koirasi tarvitsee paikan, jossa se voi lev\u00e4t\u00e4. Varusta kuljetuslaatikko t\u00e4ll\u00f6in pehmeill\u00e4 peitteill\u00e4. &#8211; Lemmikkisi pelk\u00e4\u00e4 vieraita ja tarvitsee paikan, jossa se voi tuntea olonsa turvalliseksi. El\u00e4inyst\u00e4v\u00e4t odottavat lis\u00e4ksi seuraavia etuja:- Helppo koota ilman ty\u00f6kaluja &#8211; Kokoontaitettava; helppo kuljettaa; voidaan s\u00e4ilytt\u00e4\u00e4 tilaa s\u00e4\u00e4st\u00e4en &#8211; 2 lukittavaa ovea &#8211; Valmistettu jauhemaalatusta rautalangasta ilman ter\u00e4vi\u00e4 reunoja; vakaa, ruostumaton, turvallinen &#8211; Muovip\u00e4\u00e4llysteet suojaavat lattiaasi &#8211; Irrotettava muovialusta; helpottaa h\u00e4kin puhdistamista &#8211; Irrotettava v\u00e4lisein\u00e4 Tuotetiedot:- V\u00e4ri: musta &#8211; Materiaali: rautalanka &#8211; Koko: 92,5 x 57,5 x 64 cm (P x L x K) &#8211; Paino: 10,8 kg Huomautukset: &#8211; Suojaa sateelta, kun k\u00e4yt\u00e4t h\u00e4kki\u00e4 ulkona. &#8211; \u00c4l\u00e4 seiso tai istu h\u00e4kin p\u00e4\u00e4ll\u00e4 \u00e4l\u00e4k\u00e4 aseta esineit\u00e4 h\u00e4kin p\u00e4\u00e4lle.- Laatikko ei ole lelu, est\u00e4 lapsia menem\u00e4st\u00e4 koiran h\u00e4kkiin tai leikkim\u00e4st\u00e4 siin\u00e4. &#8211; Varmista, ett\u00e4 lemmikin kaulapanta ei takerru tai j\u00e4\u00e4 kiinni laatikon sis\u00e4osaan kuljetuksen aikana. &#8211; Manuaalisessa mittauksessa voi olla noin 1\u20132 cm:n poikkeamia. Mittaa koko huolellisesti ennen ostamista.<\/p>\n","protected":false},"excerpt":{"rendered":"<p>Feandrea koiranh\u00e4kki 2 ovea koirankoppi ritil\u00e4laatikko kuljetuslaatikko taitettava lankah\u00e4kki kissat j\u00e4nikset jyrsij\u00e4t kanit siipikarja h\u00e4kki musta XXXL 122 x 81 x 76 cm PPD48H<\/p>\n","protected":false},"featured_media":45551,"comment_status":"open","ping_status":"closed","template":"","meta":[],"product_brand":[],"product_cat":[32],"product_tag":[],"class_list":{"0":"post-37686","1":"product","2":"type-product","3":"status-publish","4":"has-post-thumbnail","6":"product_cat-uncategorized-fi","8":"first","9":"instock","10":"shipping-taxable","11":"purchasable","12":"product-type-simple"},"_links":{"self":[{"href":"https:\/\/nordicmart.andreevmaster.com\/fi\/wp-json\/wp\/v2\/product\/37686","targetHints":{"allow":["GET"]}}],"collection":[{"href":"https:\/\/nordicmart.andreevmaster.com\/fi\/wp-json\/wp\/v2\/product"}],"about":[{"href":"https:\/\/nordicmart.andreevmaster.com\/fi\/wp-json\/wp\/v2\/types\/product"}],"replies":[{"embeddable":true,"href":"https:\/\/nordicmart.andreevmaster.com\/fi\/wp-json\/wp\/v2\/comments?post=37686"}],"wp:featuredmedia":[{"embeddable":true,"href":"https:\/\/nordicmart.andreevmaster.com\/fi\/wp-json\/wp\/v2\/media\/45551"}],"wp:attachment":[{"href":"https:\/\/nordicmart.andreevmaster.com\/fi\/wp-json\/wp\/v2\/media?parent=37686"}],"wp:term":[{"taxonomy":"product_brand","embeddable":true,"href":"https:\/\/nordicmart.andreevmaster.com\/fi\/wp-json\/wp\/v2\/product_brand?post=37686"},{"taxonomy":"product_cat","embeddable":true,"href":"https:\/\/nordicmart.andreevmaster.com\/fi\/wp-json\/wp\/v2\/product_cat?post=37686"},{"taxonomy":"product_tag","embeddable":true,"href":"https:\/\/nordicmart.andreevmaster.com\/fi\/wp-json\/wp\/v2\/product_tag?post=37686"}],"curies":[{"name":"wp","href":"https:\/\/api.w.org\/{rel}","templated":true}]}}