{"id":37685,"date":"2026-02-27T00:40:25","date_gmt":"2026-02-27T00:40:25","guid":{"rendered":"https:\/\/nordicmart.andreevmaster.com\/product\/feandrea-koiranhakki-2-ovea\/"},"modified":"2026-02-27T09:56:47","modified_gmt":"2026-02-27T09:56:47","slug":"feandrea-koiranhakki-2-ovea","status":"publish","type":"product","link":"https:\/\/nordicmart.andreevmaster.com\/fi\/tuote\/feandrea-koiranhakki-2-ovea\/","title":{"rendered":"Feandrea koiranh\u00e4kki, 2 ovea"},"content":{"rendered":"<p>FEANDREA-koiran h\u00e4kin t\u00e4rkeimm\u00e4t ominaisuudet yhdell\u00e4 silm\u00e4yksell\u00e4: Kest\u00e4v\u00e4: Valmistettu metallilangasta, jossa ei ole ter\u00e4vi\u00e4 reunoja ja joka on ruostumaton. Turvallinen: Kaksinkertaiset ovet kaksinkertaisilla lukoilla (jokaisessa ovessa on kaksi lukkoa). Helppo: Sinun ei tarvitse huolehtia asennuksesta, sill\u00e4 ty\u00f6kaluja ei tarvita. Puhdas: T\u00e4ss\u00e4 koiran h\u00e4kiss\u00e4 on irrotettava muovinen pohja, joka on helppo puhdistaa. Helppo tarkkailla: H\u00e4kin rakenteen ansiosta voit aina pit\u00e4\u00e4 koirasi silm\u00e4ll\u00e4. Kokoontaitettava: Kokoontaitettuna se vie v\u00e4h\u00e4n tilaa ja on helppo varastoida ja kuljettaa. Yksityiskohdat: Koiran kuljetush\u00e4kin pohjassa on pehmusteet, jotka suojaavat lattiaasi. Tuotetiedot: V\u00e4ri: Musta Materiaali: ter\u00e4s, muovi Koko: 77,5 x 48,5 x 55,5 cm (P x L x K) Kokoontaitettuna: 77,5 x 48,5 x 8 cm (P x L x K) Paino: 6,9 kg Toimitus sis\u00e4lt\u00e4\u00e4: 1 x koirankuljetuslaatikko 1 x muovinen pohja 1 x ohjeet FEANDREA Huomautukset:Vinkki oikean koirankuljetuslaatikon valintaan: Anna koiran seist\u00e4 pystyss\u00e4 ja mittaa sen pituus h\u00e4nn\u00e4n tyvest\u00e4 nen\u00e4\u00e4n; anna koiran istua pystyss\u00e4 ja mittaa sen korkeus p\u00e4\u00e4laelta lattiaan. Lis\u00e4\u00e4 sitten 10 cm mitattuun pituuteen ja korkeuteen, jotta voit valita koirallesi sopivat mitat.Koirankuljetuslaatikon mitat voivat vaihdella 1\u20132 cm eri mittausmenetelmien vuoksi. Jos aiot k\u00e4ytt\u00e4\u00e4 tai kuljettaa pentulaatikkoa autossasi, varmista, ett\u00e4 tuotteen koko sopii autoon. \u00c4l\u00e4 p\u00e4\u00e4st\u00e4 koiraa laatikkoon kaulapannalla tai hihnalla.<\/p>\n","protected":false},"excerpt":{"rendered":"<p>Feandrea koiranh\u00e4kki, taitettava, pituus 77,5 cm, kuljetettava, 2 ovea, M, musta PPD30H<\/p>\n","protected":false},"featured_media":45550,"comment_status":"open","ping_status":"closed","template":"","meta":[],"product_brand":[],"product_cat":[32],"product_tag":[],"class_list":{"0":"post-37685","1":"product","2":"type-product","3":"status-publish","4":"has-post-thumbnail","6":"product_cat-uncategorized-fi","8":"first","9":"instock","10":"shipping-taxable","11":"purchasable","12":"product-type-simple"},"_links":{"self":[{"href":"https:\/\/nordicmart.andreevmaster.com\/fi\/wp-json\/wp\/v2\/product\/37685","targetHints":{"allow":["GET"]}}],"collection":[{"href":"https:\/\/nordicmart.andreevmaster.com\/fi\/wp-json\/wp\/v2\/product"}],"about":[{"href":"https:\/\/nordicmart.andreevmaster.com\/fi\/wp-json\/wp\/v2\/types\/product"}],"replies":[{"embeddable":true,"href":"https:\/\/nordicmart.andreevmaster.com\/fi\/wp-json\/wp\/v2\/comments?post=37685"}],"wp:featuredmedia":[{"embeddable":true,"href":"https:\/\/nordicmart.andreevmaster.com\/fi\/wp-json\/wp\/v2\/media\/45550"}],"wp:attachment":[{"href":"https:\/\/nordicmart.andreevmaster.com\/fi\/wp-json\/wp\/v2\/media?parent=37685"}],"wp:term":[{"taxonomy":"product_brand","embeddable":true,"href":"https:\/\/nordicmart.andreevmaster.com\/fi\/wp-json\/wp\/v2\/product_brand?post=37685"},{"taxonomy":"product_cat","embeddable":true,"href":"https:\/\/nordicmart.andreevmaster.com\/fi\/wp-json\/wp\/v2\/product_cat?post=37685"},{"taxonomy":"product_tag","embeddable":true,"href":"https:\/\/nordicmart.andreevmaster.com\/fi\/wp-json\/wp\/v2\/product_tag?post=37685"}],"curies":[{"name":"wp","href":"https:\/\/api.w.org\/{rel}","templated":true}]}}