{"id":37681,"date":"2026-02-27T00:40:24","date_gmt":"2026-02-27T00:40:24","guid":{"rendered":"https:\/\/nordicmart.andreevmaster.com\/product\/feandrea-taitettava-koirankoppi-kaksoisovella-suurille-koirille\/"},"modified":"2026-02-27T09:56:46","modified_gmt":"2026-02-27T09:56:46","slug":"feandrea-taitettava-koirankoppi-kaksoisovella-suurille-koirille","status":"publish","type":"product","link":"https:\/\/nordicmart.andreevmaster.com\/fi\/tuote\/feandrea-taitettava-koirankoppi-kaksoisovella-suurille-koirille\/","title":{"rendered":"Feandrea Taitettava koirankoppi kaksoisovella suurille koirille"},"content":{"rendered":"<p>Feandrea koiranh\u00e4kki, koirankoppi, 120 x 72,5 x 109 cm, metalli, taitettava lemmikkiel\u00e4inh\u00e4kki, XXL, suurille koirille, kaksoisovella, helppo puhdistaa, kotiin, autoon, musta PPD015B01<br \/>\nV\u00e4ri: musta<br \/>\nMateriaali: ter\u00e4s, muovi<br \/>\nKoko: 120 x 72,5 x 109 cm (P x L x K)<br \/>\nKokoontaitettuna: 120 x 72,5 x 10 cm (P x L x K)<br \/>\nPaino: 16 kg<\/p>\n","protected":false},"excerpt":{"rendered":"<p>Feandrea koiranh\u00e4kki, koirankoppi, 120 x 72,5 x 109 cm, metalli, taitettava lemmikkiel\u00e4inh\u00e4kki, XXL, suurille koirille, kaksoisovella, helppo puhdistaa, kotiin, autoon, musta PPD015B01<\/p>\n","protected":false},"featured_media":45546,"comment_status":"open","ping_status":"closed","template":"","meta":[],"product_brand":[],"product_cat":[32],"product_tag":[],"class_list":{"0":"post-37681","1":"product","2":"type-product","3":"status-publish","4":"has-post-thumbnail","6":"product_cat-uncategorized-fi","8":"first","9":"instock","10":"shipping-taxable","11":"purchasable","12":"product-type-simple"},"_links":{"self":[{"href":"https:\/\/nordicmart.andreevmaster.com\/fi\/wp-json\/wp\/v2\/product\/37681","targetHints":{"allow":["GET"]}}],"collection":[{"href":"https:\/\/nordicmart.andreevmaster.com\/fi\/wp-json\/wp\/v2\/product"}],"about":[{"href":"https:\/\/nordicmart.andreevmaster.com\/fi\/wp-json\/wp\/v2\/types\/product"}],"replies":[{"embeddable":true,"href":"https:\/\/nordicmart.andreevmaster.com\/fi\/wp-json\/wp\/v2\/comments?post=37681"}],"wp:featuredmedia":[{"embeddable":true,"href":"https:\/\/nordicmart.andreevmaster.com\/fi\/wp-json\/wp\/v2\/media\/45546"}],"wp:attachment":[{"href":"https:\/\/nordicmart.andreevmaster.com\/fi\/wp-json\/wp\/v2\/media?parent=37681"}],"wp:term":[{"taxonomy":"product_brand","embeddable":true,"href":"https:\/\/nordicmart.andreevmaster.com\/fi\/wp-json\/wp\/v2\/product_brand?post=37681"},{"taxonomy":"product_cat","embeddable":true,"href":"https:\/\/nordicmart.andreevmaster.com\/fi\/wp-json\/wp\/v2\/product_cat?post=37681"},{"taxonomy":"product_tag","embeddable":true,"href":"https:\/\/nordicmart.andreevmaster.com\/fi\/wp-json\/wp\/v2\/product_tag?post=37681"}],"curies":[{"name":"wp","href":"https:\/\/api.w.org\/{rel}","templated":true}]}}