{"id":37680,"date":"2026-02-27T00:40:24","date_gmt":"2026-02-27T00:40:24","guid":{"rendered":"https:\/\/nordicmart.andreevmaster.com\/product\/feandrea-koiranhakki-122-x-75-x-80-cm-irrotettava-pohjalevy\/"},"modified":"2026-02-27T09:56:45","modified_gmt":"2026-02-27T09:56:45","slug":"feandrea-koiranhakki-122-x-75-x-80-cm-irrotettava-pohjalevy","status":"publish","type":"product","link":"https:\/\/nordicmart.andreevmaster.com\/fi\/tuote\/feandrea-koiranhakki-122-x-75-x-80-cm-irrotettava-pohjalevy\/","title":{"rendered":"Feandrea koiranh\u00e4kki 122 x 75 x 80 cm, irrotettava pohjalevy"},"content":{"rendered":"<p>Feandrea koirankoppi, eritt\u00e4in kest\u00e4v\u00e4, koirankoppi, 107 x 70 x 75 cm, keskikokoisille ja suurille koirille, irrotettava pohjalevy, kaksoisovet, helppo puhdistaa, lemmikkiel\u00e4inkoppi, musta PPD005B01<br \/>\nV\u00e4ri: musta<br \/>\nMateriaali: ter\u00e4s<br \/>\nKoko: 122 x 75 x 80 cm (P x L x K)<br \/>\nPaino: 22,6 kg<\/p>\n","protected":false},"excerpt":{"rendered":"<p>Feandrea koirankoppi, eritt\u00e4in kest\u00e4v\u00e4, koirankoppi, 107 x 70 x 75 cm, keskikokoisille ja suurille koirille, irrotettava pohjalevy, kaksoisovet, helppo puhdistaa, lemmikkiel\u00e4inkoppi, musta PPD005B01<\/p>\n","protected":false},"featured_media":45545,"comment_status":"open","ping_status":"closed","template":"","meta":[],"product_brand":[],"product_cat":[32],"product_tag":[],"class_list":{"0":"post-37680","1":"product","2":"type-product","3":"status-publish","4":"has-post-thumbnail","6":"product_cat-uncategorized-fi","8":"first","9":"instock","10":"shipping-taxable","11":"purchasable","12":"product-type-simple"},"_links":{"self":[{"href":"https:\/\/nordicmart.andreevmaster.com\/fi\/wp-json\/wp\/v2\/product\/37680","targetHints":{"allow":["GET"]}}],"collection":[{"href":"https:\/\/nordicmart.andreevmaster.com\/fi\/wp-json\/wp\/v2\/product"}],"about":[{"href":"https:\/\/nordicmart.andreevmaster.com\/fi\/wp-json\/wp\/v2\/types\/product"}],"replies":[{"embeddable":true,"href":"https:\/\/nordicmart.andreevmaster.com\/fi\/wp-json\/wp\/v2\/comments?post=37680"}],"wp:featuredmedia":[{"embeddable":true,"href":"https:\/\/nordicmart.andreevmaster.com\/fi\/wp-json\/wp\/v2\/media\/45545"}],"wp:attachment":[{"href":"https:\/\/nordicmart.andreevmaster.com\/fi\/wp-json\/wp\/v2\/media?parent=37680"}],"wp:term":[{"taxonomy":"product_brand","embeddable":true,"href":"https:\/\/nordicmart.andreevmaster.com\/fi\/wp-json\/wp\/v2\/product_brand?post=37680"},{"taxonomy":"product_cat","embeddable":true,"href":"https:\/\/nordicmart.andreevmaster.com\/fi\/wp-json\/wp\/v2\/product_cat?post=37680"},{"taxonomy":"product_tag","embeddable":true,"href":"https:\/\/nordicmart.andreevmaster.com\/fi\/wp-json\/wp\/v2\/product_tag?post=37680"}],"curies":[{"name":"wp","href":"https:\/\/api.w.org\/{rel}","templated":true}]}}