{"id":37677,"date":"2026-02-27T00:40:23","date_gmt":"2026-02-27T00:40:23","guid":{"rendered":"https:\/\/nordicmart.andreevmaster.com\/product\/feandrea-koirankoppi-erittain-kestava-122-x-755-x-805-cm-harmaa\/"},"modified":"2026-02-27T09:56:45","modified_gmt":"2026-02-27T09:56:45","slug":"feandrea-koirankoppi-erittain-kestava-122-x-755-x-805-cm-harmaa","status":"publish","type":"product","link":"https:\/\/nordicmart.andreevmaster.com\/fi\/tuote\/feandrea-koirankoppi-erittain-kestava-122-x-755-x-805-cm-harmaa\/","title":{"rendered":"Feandrea koirankoppi, eritt\u00e4in kest\u00e4v\u00e4 122 x 75,5 x 80,5 cm harmaa"},"content":{"rendered":"<p>Feandrea koiran h\u00e4kki, eritt\u00e4in kest\u00e4v\u00e4, ritil\u00e4laatikko, lemmikkiel\u00e4inten h\u00e4kki, 107 x 70 x 74,9 cm, suurille ja keskikokoisille koirille, turvallinen, 2 irrotettavaa ovea, helppo puhdistaa, pentujen ulkoilutusalue, XL, musta<br \/>\nV\u00e4ri: harmaa<br \/>\nMateriaali: ter\u00e4s<br \/>\nTuotteen koko: 122 x 75,5 x 80,5 cm (P x L x K)<br \/>\nSuuren oven koko: 72,5 x 49,5 cm (P x L)<br \/>\nPienen oven koko: 45,5 x 26 cm (P x L)<br \/>\nYl\u00e4ritil\u00e4n koko: 119 x 71,5 cm (P x L)<br \/>\nPaino: 21,4 kg<\/p>\n","protected":false},"excerpt":{"rendered":"<p>Feandrea koiran h\u00e4kki, eritt\u00e4in kest\u00e4v\u00e4, ritil\u00e4laatikko, lemmikkiel\u00e4inten h\u00e4kki, 107 x 70 x 74,9 cm, suurille ja keskikokoisille koirille, turvallinen, 2 irrotettavaa ovea, helppo puhdistaa, pentujen ulkoilutusalue, XL, musta<\/p>\n","protected":false},"featured_media":45542,"comment_status":"open","ping_status":"closed","template":"","meta":[],"product_brand":[],"product_cat":[32],"product_tag":[],"class_list":{"0":"post-37677","1":"product","2":"type-product","3":"status-publish","4":"has-post-thumbnail","6":"product_cat-uncategorized-fi","8":"first","9":"instock","10":"shipping-taxable","11":"purchasable","12":"product-type-simple"},"_links":{"self":[{"href":"https:\/\/nordicmart.andreevmaster.com\/fi\/wp-json\/wp\/v2\/product\/37677","targetHints":{"allow":["GET"]}}],"collection":[{"href":"https:\/\/nordicmart.andreevmaster.com\/fi\/wp-json\/wp\/v2\/product"}],"about":[{"href":"https:\/\/nordicmart.andreevmaster.com\/fi\/wp-json\/wp\/v2\/types\/product"}],"replies":[{"embeddable":true,"href":"https:\/\/nordicmart.andreevmaster.com\/fi\/wp-json\/wp\/v2\/comments?post=37677"}],"wp:featuredmedia":[{"embeddable":true,"href":"https:\/\/nordicmart.andreevmaster.com\/fi\/wp-json\/wp\/v2\/media\/45542"}],"wp:attachment":[{"href":"https:\/\/nordicmart.andreevmaster.com\/fi\/wp-json\/wp\/v2\/media?parent=37677"}],"wp:term":[{"taxonomy":"product_brand","embeddable":true,"href":"https:\/\/nordicmart.andreevmaster.com\/fi\/wp-json\/wp\/v2\/product_brand?post=37677"},{"taxonomy":"product_cat","embeddable":true,"href":"https:\/\/nordicmart.andreevmaster.com\/fi\/wp-json\/wp\/v2\/product_cat?post=37677"},{"taxonomy":"product_tag","embeddable":true,"href":"https:\/\/nordicmart.andreevmaster.com\/fi\/wp-json\/wp\/v2\/product_tag?post=37677"}],"curies":[{"name":"wp","href":"https:\/\/api.w.org\/{rel}","templated":true}]}}