{"id":37675,"date":"2026-02-27T00:40:22","date_gmt":"2026-02-27T00:40:22","guid":{"rendered":"https:\/\/nordicmart.andreevmaster.com\/product\/feandrea-koiranhakki-erittain-kestava-ja-kuljetettava-925-x-575-x-64-cm-musta\/"},"modified":"2026-02-27T09:56:44","modified_gmt":"2026-02-27T09:56:44","slug":"feandrea-koiranhakki-erittain-kestava-ja-kuljetettava-925-x-575-x-64-cm-musta","status":"publish","type":"product","link":"https:\/\/nordicmart.andreevmaster.com\/fi\/tuote\/feandrea-koiranhakki-erittain-kestava-ja-kuljetettava-925-x-575-x-64-cm-musta\/","title":{"rendered":"Feandrea koiranh\u00e4kki, eritt\u00e4in kest\u00e4v\u00e4 ja kuljetettava 92,5 x 57,5 x 64 cm musta"},"content":{"rendered":"<p>Feandrea koiran h\u00e4kki, eritt\u00e4in kest\u00e4v\u00e4, ritil\u00e4laatikko, lemmikkiel\u00e4inten h\u00e4kki, 107 x 70 x 74,9 cm, suurille ja keskikokoisille koirille, turvallinen, 2 irrotettavaa ovea, helppo puhdistaa, pentujen ulkoilutusalue, XL, musta<br \/>\nV\u00e4ri: musta<br \/>\nMateriaali: ter\u00e4s<br \/>\nTuotteen koko: 92,5 x 57,5 x 64 cm (P x L x K)<br \/>\nSuuren oven koko: 56 x 37 cm (P x L)<br \/>\nPienen oven koko: 33,5 x 20,5 cm (P x L)<br \/>\nYl\u00e4ritil\u00e4n koko: 90 x 54,5 cm (P x L)<br \/>\nPaino: 14,2 kg<\/p>\n","protected":false},"excerpt":{"rendered":"<p>Feandrea koiran h\u00e4kki, eritt\u00e4in kest\u00e4v\u00e4, ritil\u00e4laatikko, lemmikkiel\u00e4inten h\u00e4kki, 107 x 70 x 74,9 cm, suurille ja keskikokoisille koirille, turvallinen, 2 irrotettavaa ovea, helppo puhdistaa, pentujen ulkoilutusalue, XL, musta<\/p>\n","protected":false},"featured_media":45540,"comment_status":"open","ping_status":"closed","template":"","meta":[],"product_brand":[],"product_cat":[32],"product_tag":[],"class_list":{"0":"post-37675","1":"product","2":"type-product","3":"status-publish","4":"has-post-thumbnail","6":"product_cat-uncategorized-fi","8":"first","9":"instock","10":"shipping-taxable","11":"purchasable","12":"product-type-simple"},"_links":{"self":[{"href":"https:\/\/nordicmart.andreevmaster.com\/fi\/wp-json\/wp\/v2\/product\/37675","targetHints":{"allow":["GET"]}}],"collection":[{"href":"https:\/\/nordicmart.andreevmaster.com\/fi\/wp-json\/wp\/v2\/product"}],"about":[{"href":"https:\/\/nordicmart.andreevmaster.com\/fi\/wp-json\/wp\/v2\/types\/product"}],"replies":[{"embeddable":true,"href":"https:\/\/nordicmart.andreevmaster.com\/fi\/wp-json\/wp\/v2\/comments?post=37675"}],"wp:featuredmedia":[{"embeddable":true,"href":"https:\/\/nordicmart.andreevmaster.com\/fi\/wp-json\/wp\/v2\/media\/45540"}],"wp:attachment":[{"href":"https:\/\/nordicmart.andreevmaster.com\/fi\/wp-json\/wp\/v2\/media?parent=37675"}],"wp:term":[{"taxonomy":"product_brand","embeddable":true,"href":"https:\/\/nordicmart.andreevmaster.com\/fi\/wp-json\/wp\/v2\/product_brand?post=37675"},{"taxonomy":"product_cat","embeddable":true,"href":"https:\/\/nordicmart.andreevmaster.com\/fi\/wp-json\/wp\/v2\/product_cat?post=37675"},{"taxonomy":"product_tag","embeddable":true,"href":"https:\/\/nordicmart.andreevmaster.com\/fi\/wp-json\/wp\/v2\/product_tag?post=37675"}],"curies":[{"name":"wp","href":"https:\/\/api.w.org\/{rel}","templated":true}]}}